{"id":2091,"date":"2022-09-30T13:48:17","date_gmt":"2022-09-30T11:48:17","guid":{"rendered":"http:\/\/www.inmocochescarhire.com\/policy-for-cookies\/"},"modified":"2023-03-10T14:09:43","modified_gmt":"2023-03-10T12:09:43","slug":"policy-for-cookies","status":"publish","type":"page","link":"https:\/\/www.inmocochescarhire.com\/sv\/policy-for-cookies\/","title":{"rendered":"Policy f\u00f6r cookies"},"content":{"rendered":"<section class=\"l-section wpb_row height_medium\"><div class=\"l-section-h i-cf\"><div class=\"g-cols vc_row via_flex valign_top type_default stacking_default\"><div class=\"vc_col-sm-12 wpb_column vc_column_container\"><div class=\"vc_column-inner\"><div class=\"wpb_wrapper\">[vc_custom_heading text=&#8221;Policy f\u00f6r cookies&#8221; font_container=&#8221;tag:h1|text_align:left&#8221; use_theme_fonts=&#8221;yes&#8221;]<div class=\"wpb_text_column\"><div class=\"wpb_wrapper\"><p>I enlighet med best\u00e4mmelserna i lagen om informationstj\u00e4nster och elektronisk handel, och i enlighet med EU-direktivet 2009\/136\/EG och Europeiska kommitt\u00e9ns revideringar i riktlinjerna 05\/2020 om samtycke informerar URL_SITIO dig om anv\u00e4ndningen av cookies, samt att du samtycker till fortsatt anv\u00e4ndning av cookies genom att du forts\u00e4tter att surfa p\u00e5 denna webbplats.<\/p>\n<p>Cookies \u00e4r sm\u00e5 filer som laddas ner och lagras p\u00e5 en anv\u00e4ndares dator n\u00e4r han eller hon bes\u00f6ker vissa webbplatser, i syfte att lagra information om surfning f\u00f6r att underl\u00e4tta surfningen, k\u00e4nna igen datorn, webbl\u00e4saren&#8230; Eller f\u00f6r att samla in data f\u00f6r statistiska \u00e4ndam\u00e5l. Virus eller system \u00e4r aldrig skadliga f\u00f6r anv\u00e4ndaren.<\/p>\n<p>Genom att acceptera meddelandet om cookies som visas i b\u00f6rjan av surfningen p\u00e5 webbplatsen eller genom att konfigurera cookies p\u00e5 denna webbplats godk\u00e4nner du uttryckligen anv\u00e4ndningen av dessa cookies p\u00e5 dina enheter. Om du inaktiverar cookies kan det h\u00e4nda att din surfning p\u00e5 webbplatsen inte \u00e4r optimal och att vissa av de verktyg som finns tillg\u00e4ngliga p\u00e5 webbplatsen inte fungerar korrekt.<\/p>\n<h2>Typer av cookies (k\u00e4lla: Spanska dataskyddsbyr\u00e5n)<\/h2>\n<h3>1. Typer av cookies beroende p\u00e5 vilken enhet som f\u00f6rvaltar dem.<\/h3>\n<p>Beroende p\u00e5 vilken enhet som hanterar den utrustning eller dom\u00e4n fr\u00e5n vilken cookies skickas och behandlar de erh\u00e5llna uppgifterna kan vi skilja mellan:<\/p>\n<p>&#8211; <u>Egna cookies:<\/u> Dessa cookies skickas till anv\u00e4ndarens terminalutrustning fr\u00e5n en dator eller dom\u00e4n som f\u00f6rvaltas av redakt\u00f6ren sj\u00e4lv och fr\u00e5n vilken den tj\u00e4nst som anv\u00e4ndaren beg\u00e4r tillhandah\u00e5lls.<\/p>\n<p>&#8211; <u>Cookies fr\u00e5n tredje part:<\/u> Dessa cookies skickas till anv\u00e4ndarens terminalutrustning fr\u00e5n en dator eller dom\u00e4n som inte f\u00f6rvaltas av redakt\u00f6ren, utan av en annan enhet som behandlar de uppgifter som erh\u00e5lls genom cookies.<\/p>\n<p>Om cookies installeras fr\u00e5n en dator eller dom\u00e4n som f\u00f6rvaltas av redakt\u00f6ren sj\u00e4lv men informationen som samlas in genom dem f\u00f6rvaltas av en tredje part, kan de inte betraktas som egna cookies.<\/p>\n<h3>2. Typer av cookies beroende p\u00e5 hur l\u00e4nge de \u00e4r aktiva.<\/h3>\n<p>Beroende p\u00e5 hur l\u00e4nge de f\u00f6rblir aktiverade i terminalutrustningen kan vi <u>skilja mellan<\/u>:<\/p>\n<p>&#8211; <u>Sessionscookies:<\/u> Detta \u00e4r en typ av cookie som \u00e4r utformad f\u00f6r att samla in och lagra data medan anv\u00e4ndaren bes\u00f6ker en webbsida.<\/p>\n<p>De anv\u00e4nds vanligtvis f\u00f6r att lagra information som endast \u00e4r relevant f\u00f6r tillhandah\u00e5llandet av den tj\u00e4nst som anv\u00e4ndaren beg\u00e4r vid ett enda tillf\u00e4lle (t.ex. en lista \u00f6ver k\u00f6pta produkter).<\/p>\n<p>&#8211; <u>Best\u00e4ndiga cookies<\/u>: Dessa \u00e4r en typ av cookie d\u00e4r uppgifterna f\u00f6rblir lagrade i terminalen och kan n\u00e5s och bearbetas under en period som definieras av den part som ansvarar f\u00f6r cookien, vilket kan vara allt fr\u00e5n n\u00e5gra minuter till flera \u00e5r.<\/p>\n<h3>3. Olika typer av kakor beroende p\u00e5 deras syfte<\/h3>\n<p>Beroende p\u00e5 i vilket syfte de uppgifter som erh\u00e5lls genom cookies behandlas kan vi skilja mellan:<\/p>\n<p>&#8211; <u>Tekniska cookies<\/u>:  Dessa \u00e4r s\u00e5dana som g\u00f6r det m\u00f6jligt f\u00f6r anv\u00e4ndaren att surfa p\u00e5 en webbplats, plattform eller applikation och anv\u00e4nda de olika alternativ eller tj\u00e4nster som finns p\u00e5 den, t.ex. att kontrollera trafik och datakommunikation, identifiera sessionen, f\u00e5 tillg\u00e5ng till omr\u00e5den med begr\u00e4nsad tillg\u00e5ng, komma ih\u00e5g de delar som ing\u00e5r i en best\u00e4llning, genomf\u00f6ra k\u00f6pet av en best\u00e4llning, g\u00f6ra en ans\u00f6kan om registrering eller deltagande i ett evenemang, anv\u00e4nda s\u00e4kerhetselement under surfning, lagra inneh\u00e5ll f\u00f6r s\u00e4ndning av videor eller ljud eller dela inneh\u00e5ll via sociala n\u00e4tverk.<\/p>\n<p><u>&#8211; Personaliseringskakor:<\/u>  Dessa g\u00f6r det m\u00f6jligt f\u00f6r anv\u00e4ndaren att f\u00e5 tillg\u00e5ng till tj\u00e4nsten med vissa allm\u00e4nna egenskaper som f\u00f6rdefinierats enligt en rad kriterier i anv\u00e4ndarens terminal, t.ex. spr\u00e5k, typ av webbl\u00e4sare som anv\u00e4nds f\u00f6r att f\u00e5 tillg\u00e5ng till tj\u00e4nsten, regional konfiguration fr\u00e5n vilken tj\u00e4nsten n\u00e5s osv.<\/p>\n<p>&#8211; <u>Analyscookies:<\/u> Dessa cookies g\u00f6r det m\u00f6jligt f\u00f6r den som ansvarar f\u00f6r dem att \u00f6vervaka och analysera anv\u00e4ndarnas beteende p\u00e5 de webbplatser som de \u00e4r l\u00e4nkade till. Den information som samlas in med hj\u00e4lp av denna typ av cookies anv\u00e4nds f\u00f6r att m\u00e4ta aktiviteten p\u00e5 webbplatser, applikationer eller plattformar och f\u00f6r att ta fram surfprofiler f\u00f6r anv\u00e4ndarna av dessa webbplatser, applikationer och plattformar, f\u00f6r att inf\u00f6ra f\u00f6rb\u00e4ttringar p\u00e5 grundval av analysen av data om hur anv\u00e4ndarna av tj\u00e4nsten anv\u00e4nder sig av dem.<\/p>\n<p>Inmocoches S.L. anv\u00e4nder cookies f\u00f6r de \u00e4ndam\u00e5l som anges nedan. Om andra tekniker anv\u00e4nds i framtiden f\u00f6r att tillhandah\u00e5lla fler och b\u00e4ttre tj\u00e4nster kommer anv\u00e4ndaren att informeras om detta.<\/p>\n<h3>4. Tekniska kakor<\/h3>\n<p>Tekniska cookies \u00e4r n\u00f6dv\u00e4ndiga f\u00f6r att du ska kunna r\u00f6ra dig p\u00e5 en webbplats och anv\u00e4nda dess funktioner. I allm\u00e4nhet m\u00f6jligg\u00f6r dessa cookies webbplatsens olika funktioner, g\u00f6r din surfning s\u00e4krare eller tillhandah\u00e5ller funktioner som anv\u00e4ndaren tidigare har beg\u00e4rt. Eftersom de \u00e4r n\u00f6dv\u00e4ndiga f\u00f6r att webbplatsen ska fungera \u00e4r dessa cookies aktiverade som standard och kan inte nekas.<\/p>\n<p>Den h\u00e4r webbplatsen anv\u00e4nder tekniska cookies som \u00e4r n\u00f6dv\u00e4ndiga f\u00f6r att:<\/p>\n<ul>\n<li>s\u00e4kerst\u00e4lla s\u00e4ker och oavbruten surfning p\u00e5 v\u00e5r webbplats;<\/li>\n<li>spara anv\u00e4ndarens preferenser n\u00e4r det g\u00e4ller konfiguration, godk\u00e4nnande eller avvisning av webbplatsens cookies.<\/li>\n<li>Dela inneh\u00e5ll (t.ex. artiklar och blogginl\u00e4gg) p\u00e5 olika sociala n\u00e4tverk (t.ex. Twitter och Facebook).<\/li>\n<\/ul>\n<h3>5. Analytiska kakor<\/h3>\n<p>Dessa cookies g\u00f6r det m\u00f6jligt att sp\u00e5ra och analysera anv\u00e4ndarnas beteende n\u00e4r de surfar p\u00e5 webbplatsen. Den information som samlas in genom denna typ av cookie anv\u00e4nds f\u00f6r att m\u00e4ta aktiviteten p\u00e5 webbplatsen, applikationen eller plattformen f\u00f6r att g\u00f6ra f\u00f6rb\u00e4ttringar p\u00e5 grundval av analysen av data om anv\u00e4ndarnas anv\u00e4ndning av tj\u00e4nsten.<\/p>\n<h2>Cookies som anv\u00e4nds av Inmocoches S.L.<\/h2>\n<table class=\"table\">\n<thead>\n<tr>\n<th>COOKIE<\/th>\n<th>SYFTE<\/th>\n<th>\u00c4GARE<\/th>\n<\/tr>\n<\/thead>\n<tbody>\n<tr>\n<td>NID<\/td>\n<td>Samla in information om Googles s\u00f6kmotor som ing\u00e5r i webbplatsen (Google CSE). Inklusive anv\u00e4ndning av Google Maps. Best\u00e4ndiga cookies.<\/td>\n<td>Google Cookie. +info: http:\/\/www.google.es\/intl\/es\/policies\/technologies\/types\/<\/td>\n<\/tr>\n<tr>\n<td>_ga, _gat, _gid, _secure_3PAPSID, _secure_3PSID<\/td>\n<td>Cookies som anv\u00e4nds av Google Analytics och som inneh\u00e5ller en anonym identifierare som anv\u00e4nds f\u00f6r att s\u00e4rskilja anv\u00e4ndare. De \u00e4r analytiska och statistiska till sin natur. Varaktighet: _ga: 2 \u00e5r\/ _gat:10 minuter\/ _gid:24 h\/ __SEGURE 3PAPSID 18 m\u00e5nader\/ __SECURE 3PISID 1 \u00e5r;<\/td>\n<td rowspan=\"2\">GOOGLE ANALYTICS: ett verktyg som hj\u00e4lper webbplats\u00e4gare att m\u00e4ta hur anv\u00e4ndarna interagerar med webbplatsens inneh\u00e5ll. Google Analytics, en webbanalystj\u00e4nst som tillhandah\u00e5lls av Google, Inc. med s\u00e4te i F\u00f6renta staterna och med huvudkontor p\u00e5 1600 Amphitheatre Parkway, Mountain View, Kalifornien 94043. F\u00f6r att tillhandah\u00e5lla dessa tj\u00e4nster anv\u00e4nder de cookies som samlar in information, inklusive anv\u00e4ndarens IP-adress, som kommer att \u00f6verf\u00f6ras, behandlas och lagras av Google enligt de villkor som anges p\u00e5 webbplatsen Google.com. Inklusive eventuell \u00f6verf\u00f6ring av s\u00e5dan information till tredje part f\u00f6r Gat_gtag_UA Inkluderar kampanjinformation om anv\u00e4ndaren. Om du har kopplat dina Google Analytics- och AdWords-konton kommer konverteringsm\u00e4rkena p\u00e5 webbplatsen att l\u00e4sa denna cookie om du inte inaktiverar den. Varaktighet 90 dagar lagstadgade krav eller om s\u00e5dana tredje parter behandlar informationen p\u00e5 Googles v\u00e4gnar.<\/td>\n<\/tr>\n<tr>\n<td>Gat_gtag_UA<\/td>\n<td>Den inneh\u00e5ller anv\u00e4ndarrelaterad kampanjinformation. Om du har kopplat dina Google Analytics- och AdWords-konton kommer konverteringsm\u00e4rkena p\u00e5 webbplatsen att l\u00e4sa den h\u00e4r cookien om du inte inaktiverar den. Varaktighet 90 dagar<\/td>\n<td><\/td>\n<\/tr>\n<tr>\n<td>Optanonalertboxclosed, optanonconsent, SBvirtudtelf, Eupubsonsent<\/td>\n<td>Cookies som installeras av cookiehanteringsmodulen och som anv\u00e4nds f\u00f6r att lagra och fastst\u00e4lla anv\u00e4ndarens val. Varaktighet ett \u00e5r<\/td>\n<td>ONE TURST: https:\/\/www.onetrust.com\/privacy\/<\/td>\n<\/tr>\n<\/tbody>\n<\/table>\n<h2>Kontroll av radering av cookies<\/h2>\n<p>Med modulen f\u00f6r cookie-inst\u00e4llningar kan du v\u00e4gra eller acceptera cookies som kr\u00e4ver ditt samtycke. Du kan ocks\u00e5 blockera och radera cookies genom att \u00e4ndra inst\u00e4llningarna i din webbl\u00e4sare. F\u00f6r att hantera cookies kan du i de flesta webbl\u00e4sare v\u00e4gra eller acceptera alla cookies eller bara acceptera vissa typer av cookies. Hur du hanterar och raderar cookies finns i webbl\u00e4sarens integrerade hj\u00e4lpfunktion. Om du vill begr\u00e4nsa anv\u00e4ndningen av cookies kan du inte anv\u00e4nda alla interaktiva funktioner p\u00e5 v\u00e5r webbplats.<\/p>\n<p>P\u00e5 samma s\u00e4tt kan du till\u00e5ta, blockera eller radera de cookies som installeras p\u00e5 din dator genom att konfigurera de webbl\u00e4saralternativ som installerats p\u00e5 din dator:<\/p>\n<p>Firefox: https:\/\/support.mozilla.org\/es\/kb\/habilitar-y-deshabilitar-cookies-sitios-web&#8230;<\/p>\n<p>Krom: https:\/\/support.google.com\/accounts\/answer\/61416?hl=es<\/p>\n<p>Utforskare: https:\/\/support.microsoft.com\/es-es\/help\/17442\/windows-internet-explorer-dele<\/p>\n<p>Safari: https:\/\/support.apple.com\/es-es\/guide\/safari\/sfri11471\/mac<\/p>\n<p>Opera: https:\/\/help.opera.com\/Windows\/11.50\/es-ES\/cookies.html<\/p>\n<\/div><\/div><\/div><\/div><\/div><\/div><\/div><\/section>\n","protected":false},"excerpt":{"rendered":"[vc_custom_heading text=\"Policy f\u00f6r cookies\" font_container=\"tag:h1|text_align:left\" use_theme_fonts=\"yes\"]I enlighet med best\u00e4mmelserna i lagen om informationstj\u00e4nster och elektronisk handel, och i enlighet med EU-direktivet 2009\/136\/EG och Europeiska kommitt\u00e9ns revideringar i riktlinjerna 05\/2020 om samtycke informerar URL_SITIO dig om anv\u00e4ndningen av cookies, samt att du samtycker till fortsatt anv\u00e4ndning av cookies genom att du forts\u00e4tter att surfa p\u00e5 denna...","protected":false},"author":3,"featured_media":0,"parent":0,"menu_order":0,"comment_status":"closed","ping_status":"open","template":"","meta":{"_crdt_document":"","_joinchat":[],"footnotes":""},"class_list":["post-2091","page","type-page","status-publish","hentry"],"yoast_head":"<!-- This site is optimized with the Yoast SEO plugin v27.5 - https:\/\/yoast.com\/product\/yoast-seo-wordpress\/ -->\n<title>Policy f\u00f6r cookies - Inmocoches<\/title>\n<meta name=\"robots\" content=\"noindex, follow\" \/>\n<meta property=\"og:locale\" content=\"sv_SE\" \/>\n<meta property=\"og:type\" content=\"article\" \/>\n<meta property=\"og:title\" content=\"Policy f\u00f6r cookies - Inmocoches\" \/>\n<meta property=\"og:url\" content=\"https:\/\/www.inmocochescarhire.com\/sv\/policy-for-cookies\/\" \/>\n<meta property=\"og:site_name\" content=\"Inmocoches\" \/>\n<meta property=\"article:modified_time\" content=\"2023-03-10T12:09:43+00:00\" \/>\n<meta name=\"twitter:card\" content=\"summary_large_image\" \/>\n<meta name=\"twitter:label1\" content=\"Ber\u00e4knad l\u00e4stid\" \/>\n\t<meta name=\"twitter:data1\" content=\"8 minuter\" \/>\n<script type=\"application\/ld+json\" class=\"yoast-schema-graph\">{\"@context\":\"https:\\\/\\\/schema.org\",\"@graph\":[{\"@type\":\"WebPage\",\"@id\":\"https:\\\/\\\/www.inmocochescarhire.com\\\/sv\\\/policy-for-cookies\\\/\",\"url\":\"https:\\\/\\\/www.inmocochescarhire.com\\\/sv\\\/policy-for-cookies\\\/\",\"name\":\"Policy f\u00f6r cookies - Inmocoches\",\"isPartOf\":{\"@id\":\"https:\\\/\\\/www.inmocochescarhire.com\\\/sv\\\/#website\"},\"datePublished\":\"2022-09-30T11:48:17+00:00\",\"dateModified\":\"2023-03-10T12:09:43+00:00\",\"breadcrumb\":{\"@id\":\"https:\\\/\\\/www.inmocochescarhire.com\\\/sv\\\/policy-for-cookies\\\/#breadcrumb\"},\"inLanguage\":\"sv-SE\",\"potentialAction\":[{\"@type\":\"ReadAction\",\"target\":[\"https:\\\/\\\/www.inmocochescarhire.com\\\/sv\\\/policy-for-cookies\\\/\"]}]},{\"@type\":\"BreadcrumbList\",\"@id\":\"https:\\\/\\\/www.inmocochescarhire.com\\\/sv\\\/policy-for-cookies\\\/#breadcrumb\",\"itemListElement\":[{\"@type\":\"ListItem\",\"position\":1,\"name\":\"Portada\",\"item\":\"https:\\\/\\\/www.inmocochescarhire.com\\\/sv\\\/\"},{\"@type\":\"ListItem\",\"position\":2,\"name\":\"Policy f\u00f6r cookies\"}]},{\"@type\":\"WebSite\",\"@id\":\"https:\\\/\\\/www.inmocochescarhire.com\\\/sv\\\/#website\",\"url\":\"https:\\\/\\\/www.inmocochescarhire.com\\\/sv\\\/\",\"name\":\"Inmocoches\",\"description\":\"\",\"potentialAction\":[{\"@type\":\"SearchAction\",\"target\":{\"@type\":\"EntryPoint\",\"urlTemplate\":\"https:\\\/\\\/www.inmocochescarhire.com\\\/sv\\\/?s={search_term_string}\"},\"query-input\":{\"@type\":\"PropertyValueSpecification\",\"valueRequired\":true,\"valueName\":\"search_term_string\"}}],\"inLanguage\":\"sv-SE\"}]}<\/script>\n<!-- \/ Yoast SEO plugin. -->","yoast_head_json":{"title":"Policy f\u00f6r cookies - Inmocoches","robots":{"index":"noindex","follow":"follow"},"og_locale":"sv_SE","og_type":"article","og_title":"Policy f\u00f6r cookies - Inmocoches","og_url":"https:\/\/www.inmocochescarhire.com\/sv\/policy-for-cookies\/","og_site_name":"Inmocoches","article_modified_time":"2023-03-10T12:09:43+00:00","twitter_card":"summary_large_image","twitter_misc":{"Ber\u00e4knad l\u00e4stid":"8 minuter"},"schema":{"@context":"https:\/\/schema.org","@graph":[{"@type":"WebPage","@id":"https:\/\/www.inmocochescarhire.com\/sv\/policy-for-cookies\/","url":"https:\/\/www.inmocochescarhire.com\/sv\/policy-for-cookies\/","name":"Policy f\u00f6r cookies - Inmocoches","isPartOf":{"@id":"https:\/\/www.inmocochescarhire.com\/sv\/#website"},"datePublished":"2022-09-30T11:48:17+00:00","dateModified":"2023-03-10T12:09:43+00:00","breadcrumb":{"@id":"https:\/\/www.inmocochescarhire.com\/sv\/policy-for-cookies\/#breadcrumb"},"inLanguage":"sv-SE","potentialAction":[{"@type":"ReadAction","target":["https:\/\/www.inmocochescarhire.com\/sv\/policy-for-cookies\/"]}]},{"@type":"BreadcrumbList","@id":"https:\/\/www.inmocochescarhire.com\/sv\/policy-for-cookies\/#breadcrumb","itemListElement":[{"@type":"ListItem","position":1,"name":"Portada","item":"https:\/\/www.inmocochescarhire.com\/sv\/"},{"@type":"ListItem","position":2,"name":"Policy f\u00f6r cookies"}]},{"@type":"WebSite","@id":"https:\/\/www.inmocochescarhire.com\/sv\/#website","url":"https:\/\/www.inmocochescarhire.com\/sv\/","name":"Inmocoches","description":"","potentialAction":[{"@type":"SearchAction","target":{"@type":"EntryPoint","urlTemplate":"https:\/\/www.inmocochescarhire.com\/sv\/?s={search_term_string}"},"query-input":{"@type":"PropertyValueSpecification","valueRequired":true,"valueName":"search_term_string"}}],"inLanguage":"sv-SE"}]}},"_links":{"self":[{"href":"https:\/\/www.inmocochescarhire.com\/sv\/wp-json\/wp\/v2\/pages\/2091","targetHints":{"allow":["GET"]}}],"collection":[{"href":"https:\/\/www.inmocochescarhire.com\/sv\/wp-json\/wp\/v2\/pages"}],"about":[{"href":"https:\/\/www.inmocochescarhire.com\/sv\/wp-json\/wp\/v2\/types\/page"}],"author":[{"embeddable":true,"href":"https:\/\/www.inmocochescarhire.com\/sv\/wp-json\/wp\/v2\/users\/3"}],"replies":[{"embeddable":true,"href":"https:\/\/www.inmocochescarhire.com\/sv\/wp-json\/wp\/v2\/comments?post=2091"}],"version-history":[{"count":1,"href":"https:\/\/www.inmocochescarhire.com\/sv\/wp-json\/wp\/v2\/pages\/2091\/revisions"}],"predecessor-version":[{"id":2098,"href":"https:\/\/www.inmocochescarhire.com\/sv\/wp-json\/wp\/v2\/pages\/2091\/revisions\/2098"}],"wp:attachment":[{"href":"https:\/\/www.inmocochescarhire.com\/sv\/wp-json\/wp\/v2\/media?parent=2091"}],"curies":[{"name":"wp","href":"https:\/\/api.w.org\/{rel}","templated":true}]}}