{"id":2076,"date":"2022-09-30T10:24:42","date_gmt":"2022-09-30T08:24:42","guid":{"rendered":"http:\/\/www.inmocochescarhire.com\/integritetspolicy\/"},"modified":"2023-03-10T14:09:43","modified_gmt":"2023-03-10T12:09:43","slug":"integritetspolicy","status":"publish","type":"page","link":"https:\/\/www.inmocochescarhire.com\/sv\/integritetspolicy\/","title":{"rendered":"Integritetspolicy"},"content":{"rendered":"<section class=\"l-section wpb_row height_medium\"><div class=\"l-section-h i-cf\"><div class=\"g-cols vc_row via_flex valign_top type_default stacking_default\"><div class=\"vc_col-sm-12 wpb_column vc_column_container\"><div class=\"vc_column-inner\"><div class=\"wpb_wrapper\">[vc_custom_heading text=&#8221;Integritetspolicy&#8221; font_container=&#8221;tag:h1|text_align:left&#8221; use_theme_fonts=&#8221;yes&#8221;]<div class=\"wpb_text_column\"><div class=\"wpb_wrapper\"><p><strong>Information om v\u00e5r dataskyddspolicy och integritetspolicy:<\/strong><\/p>\n<p>Inmocoches S.L. uppfyller de skyldigheter som f\u00f6reskrivs i Europaparlamentets och r\u00e5dets f\u00f6rordning (EU) 2016\/679 av den 27 april 2016 om skydd av fysiska personer och i den organiska lagen 3\/2018 av den 5 december om skydd av personuppgifter och garanti f\u00f6r digitala r\u00e4ttigheter, n\u00e4r det g\u00e4ller behandling av personuppgifter och annan till\u00e4mplig lagstiftning, samt i de vid varje tidpunkt g\u00e4llande best\u00e4mmelserna, och garanterar att alla skyldigheter och r\u00e4ttigheter f\u00f6r de ber\u00f6rda personerna respekteras n\u00e4r det g\u00e4ller behandling av personuppgifter. I enlighet med best\u00e4mmelserna i lag 34\/2002 av den 11 juli om informationssamh\u00e4llets tj\u00e4nster och elektronisk handel kommer Inmocoches S.L. att beg\u00e4ra anv\u00e4ndarens f\u00f6rhandsgodk\u00e4nnande f\u00f6r att skicka kommersiella meddelanden, om s\u00e5dana skulle \u00e4ga rum, med beaktande av anv\u00e4ndarens skyldigheter och r\u00e4ttigheter.<\/p>\n<p>Med st\u00f6d av ovanst\u00e5ende ska anv\u00e4ndare som vill anv\u00e4nda sig av de olika tj\u00e4nster som erbjuds av Inmocoches S.L. informeras om den information som motsvarar identifieringen av den person som \u00e4r ansvarig f\u00f6r filen, \u00e4ndam\u00e5len med behandlingen av deras uppgifter samt m\u00f6jligheten att ut\u00f6va sina r\u00e4ttigheter till tillg\u00e5ng, r\u00e4ttelse, annullering och inv\u00e4ndning gentemot den person som \u00e4r ansvarig f\u00f6r filen, allt genom att l\u00e4sa och i f\u00f6rv\u00e4g acceptera enhetens sekretesspolicy, och vara vederb\u00f6rligen informerad.<\/p>\n<h2>1. Personuppgiftsansvarig<\/h2>\n<p><strong>Inmocoches S.L.<\/strong><br \/>CIF: B-92860949<br \/>Tlf: 952 587 333<br \/>Calle Hern\u00e1n Cort\u00e9s 3 Edificio La Fuente Bajo 01 Fuengirola M\u00e1laga 20640<br \/>E-post: info@inmocochescarhire.com<br \/>Handelsregistret f\u00f6r Registreringsuppgifter<\/p>\n<h2>2. Syftet med behandlingen av uppgifter<\/h2>\n<p>Huvudsyftet med behandlingen av dina personuppgifter motsvarar m\u00f6jligheten att uppr\u00e4tta kommunikation med dig f\u00f6r att svara p\u00e5 din beg\u00e4ran om kontakt via det formul\u00e4r som tillhandah\u00e5lls f\u00f6r detta \u00e4ndam\u00e5l, eller f\u00f6r att uppfylla den aff\u00e4rsrelation som du beg\u00e4r. Dina personuppgifter kommer att lagras f\u00f6r behandling i v\u00e5ra system s\u00e5 l\u00e4nge som relationen med v\u00e5rt f\u00f6retag uppr\u00e4tth\u00e5lls.<\/p>\n<p>Om du uttryckligen har godk\u00e4nt det kommer dina uppgifter dessutom att behandlas f\u00f6r att skicka dig kommersiella meddelanden p\u00e5 n\u00e5got s\u00e4tt, \u00e4ven p\u00e5 elektronisk v\u00e4g, f\u00f6r att informera dig om de olika produkter och\/eller tj\u00e4nster som erbjuds av Inmocoches S.L.<\/p>\n<p>Du kan \u00e5terkalla de samtycken som beviljats p\u00e5 din beg\u00e4ran genom att kontakta Inmocoches S.L. p\u00e5 n\u00e5gon av de adresser som anges i punkt 1 i denna klausul, d\u00e4r enhetens kontaktuppgifter anges.<\/p>\n<h2>3. Legitimation f\u00f6r behandlingen av dina uppgifter<\/h2>\n<p>Behandlingen av dina uppgifter f\u00f6r huvudsyftet legitimeras p\u00e5 grundval av det avtalsf\u00f6rh\u00e5llande som uppr\u00e4ttats mellan parterna, och f\u00f6r det ytterligare syftet i det samtycke som du ger genom att anv\u00e4nda de kontaktformul\u00e4r som Inmocoches S.L. tillhandah\u00e5ller f\u00f6r detta \u00e4ndam\u00e5l, f\u00f6r vilket du m\u00e5ste ha gett oss de uppgifter som kr\u00e4vs i de obligatoriska f\u00e4lten, det vill s\u00e4ga dina identifikations- och kontaktuppgifter, utan vilka vi inte kommer att kunna behandla din f\u00f6rfr\u00e5gan.<\/p>\n<p>Genom att l\u00e4mna dina uppgifter till oss f\u00f6rklarar du att du \u00e4ger dessa uppgifter, att de \u00e4r sanna och att de \u00e4r helt uppdaterade. De uppgifter som samlas in i formul\u00e4ret \u00e4r adekvata, relevanta och inte \u00f6verdrivna i f\u00f6rh\u00e5llande till de \u00e4ndam\u00e5l f\u00f6r vilka de behandlas, enligt punkt 2 i denna klausul. P\u00e5 samma s\u00e4tt kommer Inmocoches S.L. att radera eller korrigera uppgifterna n\u00e4r de \u00e4r felaktiga, ofullst\u00e4ndiga eller inte l\u00e4ngre \u00e4r n\u00f6dv\u00e4ndiga eller relevanta f\u00f6r \u00e4ndam\u00e5let.<\/p>\n<p>Med st\u00f6d av ovanst\u00e5ende kommer uppgifterna att bevaras f\u00f6r behandling i v\u00e5ra system s\u00e5 l\u00e4nge som detta f\u00f6rh\u00e5llande uppr\u00e4tth\u00e5lls f\u00f6r det angivna \u00e4ndam\u00e5let eller av tvingande legitima sk\u00e4l, eller f\u00f6r att ut\u00f6va eller f\u00f6rsvara eventuella anspr\u00e5k. N\u00e4r lagringsskyldigheten har upph\u00f6rt kan dina uppgifter raderas fr\u00e5n v\u00e5r databas eller, i f\u00f6rekommande fall, anonymiseras.<\/p>\n<p>Behandlingen av uppgifter i syfte att skicka elektroniska nyhetsbrev om tj\u00e4nster, evenemang och nyheter i samband med v\u00e5r yrkesverksamhet grundar sig p\u00e5 Inmocoches S.L.:s legitima intresse av att utf\u00f6ra s\u00e5dan behandling i enlighet med g\u00e4llande best\u00e4mmelser. Dina uppgifter kommer att sparas s\u00e5 l\u00e4nge som aff\u00e4rsf\u00f6rh\u00e5llandet existerar, ditt intresse finns och det inte finns n\u00e5gon \u00e5terkallelse fr\u00e5n din sida.<\/p>\n<h2>4. Mottagare av dina uppgifter<\/h2>\n<p>Det kan f\u00f6rekomma \u00f6verf\u00f6ringar mellan de enheter som \u00e4gs av Inmocoches S.L. i f\u00f6retagets legitima intresse, f\u00f6r att kunna tillhandah\u00e5lla de beg\u00e4rda tj\u00e4nsterna. Inga uppgifter kommer att l\u00e4mnas vidare till andra tredje parter, s\u00e5vida inte detta \u00e4r lagstadgat. Inga internationella data\u00f6verf\u00f6ringar kommer att \u00e4ga rum, med undantag f\u00f6r att Inmocoches S.L. kan anlita tj\u00e4nster fr\u00e5n leverant\u00f6rer i tredje land, under f\u00f6ruts\u00e4ttning att alla krav som fastst\u00e4lls i dataskyddsbest\u00e4mmelserna uppfylls och att n\u00f6dv\u00e4ndiga garantier och skydds\u00e5tg\u00e4rder till\u00e4mpas f\u00f6r att bevara uppgifternas integritet. F\u00f6r ytterligare information om integritetsgarantier kan du kontakta oss p\u00e5 de adresser som anges i punkt 1.<\/p>\n<h2>5. De ber\u00f6rda personernas r\u00e4ttigheter<\/h2>\n<p>Efter att du har gett oss dina personuppgifter informerar vi dig om de r\u00e4ttigheter som du kan ut\u00f6va gentemot Inmocoches S.L. p\u00e5 de adresser som du f\u00e5r tillg\u00e5ng till enligt punkt 1 i denna klausul, och som du har r\u00e4tt till:<\/p>\n<p>Du har r\u00e4tt att f\u00e5 tillg\u00e5ng till alla personuppgifter som innehas av Inmocoches S.L., samt att beg\u00e4ra att de \u00e4ndras eller raderas.<\/p>\n<p>Du kan be oss att begr\u00e4nsa behandlingen av dina uppgifter, och i s\u00e5 fall kommer vi endast att beh\u00e5lla dem f\u00f6r att kunna g\u00f6ra anspr\u00e5k p\u00e5 eller f\u00f6rsvara oss mot anspr\u00e5k.<\/p>\n<p>Du kan inv\u00e4nda mot behandlingen av dina personuppgifter, och Inmocoches S.L. kommer d\u00e4rf\u00f6r att upph\u00f6ra med behandlingen av dina uppgifter, utom av tvingande legitima sk\u00e4l eller f\u00f6r att ut\u00f6va eller f\u00f6rsvara eventuella anspr\u00e5k.<\/p>\n<p>Du kan beg\u00e4ra \u00f6verf\u00f6ring av dina personuppgifter, och i s\u00e5 fall kommer vi antingen att skicka dig de personuppgifter som finns i v\u00e5ra databaser via e-post till den adress som du anger i din beg\u00e4ran, i textformat som \u00e4r l\u00e4sbart och anpassningsbart till behoven hos en annan personuppgiftsansvarig, eller s\u00e5 kommer vi att \u00f6verf\u00f6ra dem till den nya personuppgiftsansvarige i samma format, till den e-postadress som du anger i din beg\u00e4ran.<\/p>\n<p>Du har r\u00e4tt att inte bli f\u00f6rem\u00e5l f\u00f6r ett beslut som enbart grundar sig p\u00e5 automatiserad databehandling, inklusive profilering.<\/p>\n<p>Du kan ocks\u00e5 dra tillbaka eller \u00e5terkalla ett samtycke som du uttryckligen har gett genom att ange detta i din beg\u00e4ran.<\/p>\n<p>De ber\u00f6rda personernas r\u00e4ttigheter kan ut\u00f6vas direkt av den ber\u00f6rda parten genom att tillhandah\u00e5lla en fotokopia av sitt ID-kort eller motsvarande handling f\u00f6r att styrka sin identitet, eller genom juridisk eller frivillig representation, varvid den ber\u00f6rda parten f\u00f6rutom en fotokopia av sitt ID-kort eller motsvarande handling \u00e4ven ska tillhandah\u00e5lla den autentiska handling som styrker den tredje partens representation tillsammans med en fotokopia av sitt ID-kort eller motsvarande handling.<\/p>\n<h2>6. Klagom\u00e5l<\/h2>\n<p>Om du anser att behandlingen av dina personuppgifter strider mot best\u00e4mmelserna eller best\u00e4mmelserna i denna klausul kan du l\u00e4mna in ett klagom\u00e5l till den spanska dataskyddsmyndigheten, som \u00e4r den beh\u00f6riga tillsynsmyndigheten f\u00f6r skydd av dina personuppgifter, via dess elektroniska huvudkontor eller postadress, som finns p\u00e5 webbplatsen www.agpd.es.<\/p>\n<p>*** Om du inte samtycker till de \u00f6verv\u00e4ganden som beskrivs i denna sekretesspolicy b\u00f6r du inte anv\u00e4nda portalen, eftersom all anv\u00e4ndning som du g\u00f6r av den eller av de tj\u00e4nster och det inneh\u00e5ll som ing\u00e5r i den inneb\u00e4r att du godk\u00e4nner de r\u00e4ttsliga villkoren som anges i denna text.<\/p>\n<p>De villkor som anges i denna sekretesspolicy kan variera, s\u00e5 vi uppmanar dig att l\u00e4sa igenom dessa villkor n\u00e4r du bes\u00f6ker portalen igen. P\u00e5 samma s\u00e4tt ska denna sekretesspolicy tolkas som att den inte p\u00e5verkar andra allm\u00e4nna villkor och s\u00e4rskilda villkor som reglerar tillg\u00e5ngen till specifikt inneh\u00e5ll och tj\u00e4nster p\u00e5 portalen.<\/p>\n<p>Anv\u00e4ndaren k\u00e4nner till och accepterar villkoren f\u00f6r anv\u00e4ndning av portalen och f\u00f6rbinder sig att anv\u00e4nda den i enlighet med dem. Likas\u00e5 att anv\u00e4nda portalens tj\u00e4nster och inneh\u00e5ll p\u00e5 l\u00e4mpligt s\u00e4tt och att inte anv\u00e4nda dem f\u00f6r kriminell eller olaglig verksamhet.<\/p>\n<p>Inmocoches S.L. kan anv\u00e4nda cookies n\u00e4r en anv\u00e4ndare surfar p\u00e5 dess webbplatser och webbsidor. Du kan l\u00e4sa v\u00e5r <a href=\"http:\/\/www.inmocochescarhire.com\/politica-de-cookies\/\">cookiepolicy<\/a>.<\/p>\n<\/div><\/div><\/div><\/div><\/div><\/div><\/div><\/section>\n","protected":false},"excerpt":{"rendered":"[vc_custom_heading text=\"Integritetspolicy\" font_container=\"tag:h1|text_align:left\" use_theme_fonts=\"yes\"] Information om v\u00e5r dataskyddspolicy och integritetspolicy: Inmocoches S.L. uppfyller de skyldigheter som f\u00f6reskrivs i Europaparlamentets och r\u00e5dets f\u00f6rordning (EU) 2016\/679 av den 27 april 2016 om skydd av fysiska personer och i den organiska lagen 3\/2018 av den 5 december om skydd av personuppgifter och garanti f\u00f6r digitala r\u00e4ttigheter, n\u00e4r det...","protected":false},"author":3,"featured_media":0,"parent":0,"menu_order":0,"comment_status":"closed","ping_status":"open","template":"","meta":{"_crdt_document":"","_joinchat":[],"footnotes":""},"class_list":["post-2076","page","type-page","status-publish","hentry"],"yoast_head":"<!-- This site is optimized with the Yoast SEO plugin v27.5 - https:\/\/yoast.com\/product\/yoast-seo-wordpress\/ -->\n<title>Integritetspolicy - Inmocoches<\/title>\n<meta name=\"robots\" content=\"noindex, follow\" \/>\n<meta property=\"og:locale\" content=\"sv_SE\" \/>\n<meta property=\"og:type\" content=\"article\" \/>\n<meta property=\"og:title\" content=\"Integritetspolicy - Inmocoches\" \/>\n<meta property=\"og:url\" content=\"https:\/\/www.inmocochescarhire.com\/sv\/integritetspolicy\/\" \/>\n<meta property=\"og:site_name\" content=\"Inmocoches\" \/>\n<meta property=\"article:modified_time\" content=\"2023-03-10T12:09:43+00:00\" \/>\n<meta name=\"twitter:card\" content=\"summary_large_image\" \/>\n<meta name=\"twitter:label1\" content=\"Ber\u00e4knad l\u00e4stid\" \/>\n\t<meta name=\"twitter:data1\" content=\"8 minuter\" \/>\n<script type=\"application\/ld+json\" class=\"yoast-schema-graph\">{\"@context\":\"https:\\\/\\\/schema.org\",\"@graph\":[{\"@type\":\"WebPage\",\"@id\":\"https:\\\/\\\/www.inmocochescarhire.com\\\/sv\\\/integritetspolicy\\\/\",\"url\":\"https:\\\/\\\/www.inmocochescarhire.com\\\/sv\\\/integritetspolicy\\\/\",\"name\":\"Integritetspolicy - Inmocoches\",\"isPartOf\":{\"@id\":\"https:\\\/\\\/www.inmocochescarhire.com\\\/sv\\\/#website\"},\"datePublished\":\"2022-09-30T08:24:42+00:00\",\"dateModified\":\"2023-03-10T12:09:43+00:00\",\"breadcrumb\":{\"@id\":\"https:\\\/\\\/www.inmocochescarhire.com\\\/sv\\\/integritetspolicy\\\/#breadcrumb\"},\"inLanguage\":\"sv-SE\",\"potentialAction\":[{\"@type\":\"ReadAction\",\"target\":[\"https:\\\/\\\/www.inmocochescarhire.com\\\/sv\\\/integritetspolicy\\\/\"]}]},{\"@type\":\"BreadcrumbList\",\"@id\":\"https:\\\/\\\/www.inmocochescarhire.com\\\/sv\\\/integritetspolicy\\\/#breadcrumb\",\"itemListElement\":[{\"@type\":\"ListItem\",\"position\":1,\"name\":\"Portada\",\"item\":\"https:\\\/\\\/www.inmocochescarhire.com\\\/sv\\\/\"},{\"@type\":\"ListItem\",\"position\":2,\"name\":\"Integritetspolicy\"}]},{\"@type\":\"WebSite\",\"@id\":\"https:\\\/\\\/www.inmocochescarhire.com\\\/sv\\\/#website\",\"url\":\"https:\\\/\\\/www.inmocochescarhire.com\\\/sv\\\/\",\"name\":\"Inmocoches\",\"description\":\"\",\"potentialAction\":[{\"@type\":\"SearchAction\",\"target\":{\"@type\":\"EntryPoint\",\"urlTemplate\":\"https:\\\/\\\/www.inmocochescarhire.com\\\/sv\\\/?s={search_term_string}\"},\"query-input\":{\"@type\":\"PropertyValueSpecification\",\"valueRequired\":true,\"valueName\":\"search_term_string\"}}],\"inLanguage\":\"sv-SE\"}]}<\/script>\n<!-- \/ Yoast SEO plugin. -->","yoast_head_json":{"title":"Integritetspolicy - Inmocoches","robots":{"index":"noindex","follow":"follow"},"og_locale":"sv_SE","og_type":"article","og_title":"Integritetspolicy - Inmocoches","og_url":"https:\/\/www.inmocochescarhire.com\/sv\/integritetspolicy\/","og_site_name":"Inmocoches","article_modified_time":"2023-03-10T12:09:43+00:00","twitter_card":"summary_large_image","twitter_misc":{"Ber\u00e4knad l\u00e4stid":"8 minuter"},"schema":{"@context":"https:\/\/schema.org","@graph":[{"@type":"WebPage","@id":"https:\/\/www.inmocochescarhire.com\/sv\/integritetspolicy\/","url":"https:\/\/www.inmocochescarhire.com\/sv\/integritetspolicy\/","name":"Integritetspolicy - Inmocoches","isPartOf":{"@id":"https:\/\/www.inmocochescarhire.com\/sv\/#website"},"datePublished":"2022-09-30T08:24:42+00:00","dateModified":"2023-03-10T12:09:43+00:00","breadcrumb":{"@id":"https:\/\/www.inmocochescarhire.com\/sv\/integritetspolicy\/#breadcrumb"},"inLanguage":"sv-SE","potentialAction":[{"@type":"ReadAction","target":["https:\/\/www.inmocochescarhire.com\/sv\/integritetspolicy\/"]}]},{"@type":"BreadcrumbList","@id":"https:\/\/www.inmocochescarhire.com\/sv\/integritetspolicy\/#breadcrumb","itemListElement":[{"@type":"ListItem","position":1,"name":"Portada","item":"https:\/\/www.inmocochescarhire.com\/sv\/"},{"@type":"ListItem","position":2,"name":"Integritetspolicy"}]},{"@type":"WebSite","@id":"https:\/\/www.inmocochescarhire.com\/sv\/#website","url":"https:\/\/www.inmocochescarhire.com\/sv\/","name":"Inmocoches","description":"","potentialAction":[{"@type":"SearchAction","target":{"@type":"EntryPoint","urlTemplate":"https:\/\/www.inmocochescarhire.com\/sv\/?s={search_term_string}"},"query-input":{"@type":"PropertyValueSpecification","valueRequired":true,"valueName":"search_term_string"}}],"inLanguage":"sv-SE"}]}},"_links":{"self":[{"href":"https:\/\/www.inmocochescarhire.com\/sv\/wp-json\/wp\/v2\/pages\/2076","targetHints":{"allow":["GET"]}}],"collection":[{"href":"https:\/\/www.inmocochescarhire.com\/sv\/wp-json\/wp\/v2\/pages"}],"about":[{"href":"https:\/\/www.inmocochescarhire.com\/sv\/wp-json\/wp\/v2\/types\/page"}],"author":[{"embeddable":true,"href":"https:\/\/www.inmocochescarhire.com\/sv\/wp-json\/wp\/v2\/users\/3"}],"replies":[{"embeddable":true,"href":"https:\/\/www.inmocochescarhire.com\/sv\/wp-json\/wp\/v2\/comments?post=2076"}],"version-history":[{"count":6,"href":"https:\/\/www.inmocochescarhire.com\/sv\/wp-json\/wp\/v2\/pages\/2076\/revisions"}],"predecessor-version":[{"id":2097,"href":"https:\/\/www.inmocochescarhire.com\/sv\/wp-json\/wp\/v2\/pages\/2076\/revisions\/2097"}],"wp:attachment":[{"href":"https:\/\/www.inmocochescarhire.com\/sv\/wp-json\/wp\/v2\/media?parent=2076"}],"curies":[{"name":"wp","href":"https:\/\/api.w.org\/{rel}","templated":true}]}}