{"id":2050,"date":"2022-09-30T13:44:00","date_gmt":"2022-09-30T11:44:00","guid":{"rendered":"http:\/\/www.inmocochescarhire.com\/rattsligt-meddelande\/"},"modified":"2023-03-10T14:09:27","modified_gmt":"2023-03-10T12:09:27","slug":"rattsligt-meddelande","status":"publish","type":"page","link":"https:\/\/www.inmocochescarhire.com\/sv\/rattsligt-meddelande\/","title":{"rendered":"R\u00e4ttsligt meddelande"},"content":{"rendered":"<section class=\"l-section wpb_row height_medium\"><div class=\"l-section-h i-cf\"><div class=\"g-cols vc_row via_flex valign_top type_default stacking_default\"><div class=\"vc_col-sm-12 wpb_column vc_column_container\"><div class=\"vc_column-inner\"><div class=\"wpb_wrapper\">[vc_custom_heading text=&#8221;R\u00e4ttsligt meddelande&#8221; font_container=&#8221;tag:h1|text_align:left&#8221; use_theme_fonts=&#8221;yes&#8221;]<div class=\"wpb_text_column\"><div class=\"wpb_wrapper\"><p>I enlighet med best\u00e4mmelserna i lag 34\/2002 av den 11 juli 2002 om informationssamh\u00e4llets tj\u00e4nster och elektronisk handel (LSSICE) ges nedan allm\u00e4nna upplysningar om webbplatsen https:\/\/www.inmocochescarhire.com.<\/p>\n<h2>1. Enhet<\/h2>\n<p><strong>Inmocoches S.L.<\/strong><br \/>\nCIF: B-92860949<br \/>\nTlf: 952 587 333<br \/>\nCalle Hern\u00e1n Cort\u00e9s 3 Edificio La Fuente Bajo 01 Fuengirola M\u00e1laga 20640<br \/>\nUPPGIFTER OM REGISTRERING.<br \/>\nE-post: info@inmocochescarhire.com<\/p>\n<h2>2. Anv\u00e4ndning av webbplatsen<\/h2>\n<p>Webbplatsen erbjuds i marknadsf\u00f6ringssyfte f\u00f6r att informera om de olika tj\u00e4nster som erbjuds av Inmocoches S.L., ett f\u00f6retag som tillhandah\u00e5ller biluthyrningstj\u00e4nster.<\/p>\n<p>Inmocoches S.L. kan upph\u00f6ra med att tillhandah\u00e5lla de informationstj\u00e4nster som erbjuds p\u00e5 denna webbplats utan att kommunicera med anv\u00e4ndaren, vilket inte ska medf\u00f6ra n\u00e5gon r\u00e4ttslig f\u00f6rpliktelse f\u00f6r anv\u00e4ndaren eller tredje part.<\/p>\n<h2>3. Integritet<\/h2>\n<p>Den information som Inmocoches S.L. kan komma att samla in fr\u00e5n anv\u00e4ndarna av denna webbplats kommer uteslutande att anv\u00e4ndas f\u00f6r att ge de intresserade parter som s\u00e5 beg\u00e4r information och\/eller f\u00f6r att besvara fr\u00e5gor som anv\u00e4ndaren anser l\u00e4mpliga.<\/p>\n<p>F\u00f6r mer information, se v\u00e5r sekretesspolicy.<\/p>\n<h2>4. L\u00e4nkar till tredje parter<\/h2>\n<p>N\u00e4r det g\u00e4ller l\u00e4nkar till webbplatser fr\u00e5n tredje part kommer anv\u00e4ndaren att omfattas av den nya webbplatsens anv\u00e4ndarvillkor och sekretesspolicy och accepterar att Inmocoches S.L. inte \u00e4r ansvarig f\u00f6r anv\u00e4ndningen av s\u00e5dana webbplatser.<\/p>\n<h2>5. Immateriella r\u00e4ttigheter<\/h2>\n<p>Inmocoches S.L., sj\u00e4lv eller som \u00f6vertagare eller licenstagare, \u00e4r \u00e4gare till alla immateriella och industriella r\u00e4ttigheter f\u00f6r de delar som ing\u00e5r i denna webbplats, och alla r\u00e4ttigheter \u00e4r f\u00f6rbeh\u00e5llna. Handlingar som reproduktion, distribution och offentlig kommunikation, inklusive att g\u00f6ra hela eller delar av inneh\u00e5llet p\u00e5 denna webbplats tillg\u00e4ngligt f\u00f6r kommersiella \u00e4ndam\u00e5l \u00e4r uttryckligen f\u00f6rbjudna i enlighet med artiklarna 8 och 21 i lagen om immateriella r\u00e4ttigheter.<\/p>\n<p>Anv\u00e4ndaren av webbplatsen f\u00e5r under alla omst\u00e4ndigheter titta p\u00e5 webbplatsens delar och inneh\u00e5ll och f\u00e5r skriva ut dem, lagra dem och till och med kopiera dem p\u00e5 vilket medium som helst, under f\u00f6ruts\u00e4ttning att de \u00e4r avsedda f\u00f6r strikt personligt och privat bruk.<\/p>\n<h2>6. Villkor f\u00f6r anv\u00e4ndning och ansvar<\/h2>\n<p>Anv\u00e4ndaren av webbplatsen Inmocoches S.L. f\u00f6rbinder sig att anv\u00e4nda denna webbplats i enlighet med lag, moral och allm\u00e4n ordning.<\/p>\n<p>Dessa kan sammanfattas som f\u00f6ljande beteenden som anv\u00e4ndaren m\u00e5ste avst\u00e5 fr\u00e5n:<\/p>\n<p>Obeh\u00f6rig eller bedr\u00e4glig anv\u00e4ndning av webbplatsen.<br \/>\nF\u00f6rs\u00f6k till obeh\u00f6rig \u00e5tkomst f\u00f6r den lagliga \u00e4garen.<br \/>\nAnv\u00e4ndning av webbportalen i olagliga syften eller syften som \u00e4r skadliga f\u00f6r tredje part eller i syfte att skada webbplatsen och \u00f6vriga anv\u00e4ndare av den.<br \/>\norsaka skador p\u00e5 de system som webbplatsen kan ha installerat f\u00f6r att fungera.<\/p>\n<p>\u00c4garen av Inmocoches S.L. \u00e4r endast ansvarig f\u00f6r det inneh\u00e5ll som han sj\u00e4lv har skapat och lagt till, inte f\u00f6r l\u00e4nkar som kan vara inf\u00f6rlivade av tredje part, eller de externa l\u00e4nkar som leder till en annan webbplats som han inte kontrollerar \u00e4ndringen av.<br \/>\n\u00c4garen f\u00f6rbeh\u00e5ller sig r\u00e4tten att utan f\u00f6rvarning g\u00f6ra de \u00e4ndringar som han anser l\u00e4mpliga, b\u00e5de i inneh\u00e5llet och i de tj\u00e4nster som erbjuds. Dessutom f\u00f6rbeh\u00e5ller sig f\u00f6retaget r\u00e4tten att godk\u00e4nna eller ta bort inneh\u00e5ll som lagts till av tredje part och som det anser vara ol\u00e4mpligt.<\/p>\n<h2>7. \u00c4ndringar av anv\u00e4ndarvillkoren<\/h2>\n<p>Inmocoches S.L. f\u00f6rbeh\u00e5ller sig r\u00e4tten att \u00e4ndra sina anv\u00e4ndarvillkor och sin sekretesspolicy n\u00e4rhelst det anses l\u00e4mpligt. Anv\u00e4ndaren \u00e4r skyldig att se \u00f6ver inneh\u00e5llet i dessa anv\u00e4ndarvillkor, eftersom de kan \u00e4ndras utan f\u00f6reg\u00e5ende meddelande. Du f\u00f6rst\u00e5r och accepterar ocks\u00e5 alla klausuler i detta dokument. Det \u00e4r anv\u00e4ndarens eget ansvar att kontrollera ovanst\u00e5ende villkor.<\/p>\n<h2>8. Till\u00e4mplig lag och jurisdiktion<\/h2>\n<p>I h\u00e4ndelse av en tvist eller en tolkningskonflikt om villkoren i detta r\u00e4ttsliga meddelande, liksom i alla fr\u00e5gor som r\u00f6r tj\u00e4nsterna p\u00e5 denna portal, ska spansk lag till\u00e4mpas.<br \/>\nAlla konflikter som kan uppst\u00e5 i samband med bes\u00f6k p\u00e5 portalen eller anv\u00e4ndning av det inneh\u00e5ll som kan publiceras d\u00e4r ska l\u00f6sas av motsvarande domstolar.<\/p>\n<\/div><\/div><\/div><\/div><\/div><\/div><\/div><\/section>\n","protected":false},"excerpt":{"rendered":"[vc_custom_heading text=\"R\u00e4ttsligt meddelande\" font_container=\"tag:h1|text_align:left\" use_theme_fonts=\"yes\"]I enlighet med best\u00e4mmelserna i lag 34\/2002 av den 11 juli 2002 om informationssamh\u00e4llets tj\u00e4nster och elektronisk handel (LSSICE) ges nedan allm\u00e4nna upplysningar om webbplatsen https:\/\/www.inmocochescarhire.com. 1. Enhet Inmocoches S.L. CIF: B-92860949 Tlf: 952 587 333 Calle Hern\u00e1n Cort\u00e9s 3 Edificio La Fuente Bajo 01 Fuengirola M\u00e1laga 20640 UPPGIFTER OM REGISTRERING....","protected":false},"author":3,"featured_media":0,"parent":0,"menu_order":0,"comment_status":"closed","ping_status":"open","template":"","meta":{"_crdt_document":"","_joinchat":[],"footnotes":""},"class_list":["post-2050","page","type-page","status-publish","hentry"],"yoast_head":"<!-- This site is optimized with the Yoast SEO plugin v27.5 - https:\/\/yoast.com\/product\/yoast-seo-wordpress\/ -->\n<title>R\u00e4ttsligt meddelande - Inmocoches<\/title>\n<meta name=\"robots\" content=\"noindex, follow\" \/>\n<meta property=\"og:locale\" content=\"sv_SE\" \/>\n<meta property=\"og:type\" content=\"article\" \/>\n<meta property=\"og:title\" content=\"R\u00e4ttsligt meddelande - Inmocoches\" \/>\n<meta property=\"og:url\" content=\"https:\/\/www.inmocochescarhire.com\/sv\/rattsligt-meddelande\/\" \/>\n<meta property=\"og:site_name\" content=\"Inmocoches\" \/>\n<meta property=\"article:modified_time\" content=\"2023-03-10T12:09:27+00:00\" \/>\n<meta name=\"twitter:card\" content=\"summary_large_image\" \/>\n<meta name=\"twitter:label1\" content=\"Ber\u00e4knad l\u00e4stid\" \/>\n\t<meta name=\"twitter:data1\" content=\"4 minuter\" \/>\n<script type=\"application\/ld+json\" class=\"yoast-schema-graph\">{\"@context\":\"https:\\\/\\\/schema.org\",\"@graph\":[{\"@type\":\"WebPage\",\"@id\":\"https:\\\/\\\/www.inmocochescarhire.com\\\/sv\\\/rattsligt-meddelande\\\/\",\"url\":\"https:\\\/\\\/www.inmocochescarhire.com\\\/sv\\\/rattsligt-meddelande\\\/\",\"name\":\"R\u00e4ttsligt meddelande - Inmocoches\",\"isPartOf\":{\"@id\":\"https:\\\/\\\/www.inmocochescarhire.com\\\/sv\\\/#website\"},\"datePublished\":\"2022-09-30T11:44:00+00:00\",\"dateModified\":\"2023-03-10T12:09:27+00:00\",\"breadcrumb\":{\"@id\":\"https:\\\/\\\/www.inmocochescarhire.com\\\/sv\\\/rattsligt-meddelande\\\/#breadcrumb\"},\"inLanguage\":\"sv-SE\",\"potentialAction\":[{\"@type\":\"ReadAction\",\"target\":[\"https:\\\/\\\/www.inmocochescarhire.com\\\/sv\\\/rattsligt-meddelande\\\/\"]}]},{\"@type\":\"BreadcrumbList\",\"@id\":\"https:\\\/\\\/www.inmocochescarhire.com\\\/sv\\\/rattsligt-meddelande\\\/#breadcrumb\",\"itemListElement\":[{\"@type\":\"ListItem\",\"position\":1,\"name\":\"Portada\",\"item\":\"https:\\\/\\\/www.inmocochescarhire.com\\\/sv\\\/\"},{\"@type\":\"ListItem\",\"position\":2,\"name\":\"R\u00e4ttsligt meddelande\"}]},{\"@type\":\"WebSite\",\"@id\":\"https:\\\/\\\/www.inmocochescarhire.com\\\/sv\\\/#website\",\"url\":\"https:\\\/\\\/www.inmocochescarhire.com\\\/sv\\\/\",\"name\":\"Inmocoches\",\"description\":\"\",\"potentialAction\":[{\"@type\":\"SearchAction\",\"target\":{\"@type\":\"EntryPoint\",\"urlTemplate\":\"https:\\\/\\\/www.inmocochescarhire.com\\\/sv\\\/?s={search_term_string}\"},\"query-input\":{\"@type\":\"PropertyValueSpecification\",\"valueRequired\":true,\"valueName\":\"search_term_string\"}}],\"inLanguage\":\"sv-SE\"}]}<\/script>\n<!-- \/ Yoast SEO plugin. -->","yoast_head_json":{"title":"R\u00e4ttsligt meddelande - Inmocoches","robots":{"index":"noindex","follow":"follow"},"og_locale":"sv_SE","og_type":"article","og_title":"R\u00e4ttsligt meddelande - Inmocoches","og_url":"https:\/\/www.inmocochescarhire.com\/sv\/rattsligt-meddelande\/","og_site_name":"Inmocoches","article_modified_time":"2023-03-10T12:09:27+00:00","twitter_card":"summary_large_image","twitter_misc":{"Ber\u00e4knad l\u00e4stid":"4 minuter"},"schema":{"@context":"https:\/\/schema.org","@graph":[{"@type":"WebPage","@id":"https:\/\/www.inmocochescarhire.com\/sv\/rattsligt-meddelande\/","url":"https:\/\/www.inmocochescarhire.com\/sv\/rattsligt-meddelande\/","name":"R\u00e4ttsligt meddelande - Inmocoches","isPartOf":{"@id":"https:\/\/www.inmocochescarhire.com\/sv\/#website"},"datePublished":"2022-09-30T11:44:00+00:00","dateModified":"2023-03-10T12:09:27+00:00","breadcrumb":{"@id":"https:\/\/www.inmocochescarhire.com\/sv\/rattsligt-meddelande\/#breadcrumb"},"inLanguage":"sv-SE","potentialAction":[{"@type":"ReadAction","target":["https:\/\/www.inmocochescarhire.com\/sv\/rattsligt-meddelande\/"]}]},{"@type":"BreadcrumbList","@id":"https:\/\/www.inmocochescarhire.com\/sv\/rattsligt-meddelande\/#breadcrumb","itemListElement":[{"@type":"ListItem","position":1,"name":"Portada","item":"https:\/\/www.inmocochescarhire.com\/sv\/"},{"@type":"ListItem","position":2,"name":"R\u00e4ttsligt meddelande"}]},{"@type":"WebSite","@id":"https:\/\/www.inmocochescarhire.com\/sv\/#website","url":"https:\/\/www.inmocochescarhire.com\/sv\/","name":"Inmocoches","description":"","potentialAction":[{"@type":"SearchAction","target":{"@type":"EntryPoint","urlTemplate":"https:\/\/www.inmocochescarhire.com\/sv\/?s={search_term_string}"},"query-input":{"@type":"PropertyValueSpecification","valueRequired":true,"valueName":"search_term_string"}}],"inLanguage":"sv-SE"}]}},"_links":{"self":[{"href":"https:\/\/www.inmocochescarhire.com\/sv\/wp-json\/wp\/v2\/pages\/2050","targetHints":{"allow":["GET"]}}],"collection":[{"href":"https:\/\/www.inmocochescarhire.com\/sv\/wp-json\/wp\/v2\/pages"}],"about":[{"href":"https:\/\/www.inmocochescarhire.com\/sv\/wp-json\/wp\/v2\/types\/page"}],"author":[{"embeddable":true,"href":"https:\/\/www.inmocochescarhire.com\/sv\/wp-json\/wp\/v2\/users\/3"}],"replies":[{"embeddable":true,"href":"https:\/\/www.inmocochescarhire.com\/sv\/wp-json\/wp\/v2\/comments?post=2050"}],"version-history":[{"count":4,"href":"https:\/\/www.inmocochescarhire.com\/sv\/wp-json\/wp\/v2\/pages\/2050\/revisions"}],"predecessor-version":[{"id":2063,"href":"https:\/\/www.inmocochescarhire.com\/sv\/wp-json\/wp\/v2\/pages\/2050\/revisions\/2063"}],"wp:attachment":[{"href":"https:\/\/www.inmocochescarhire.com\/sv\/wp-json\/wp\/v2\/media?parent=2050"}],"curies":[{"name":"wp","href":"https:\/\/api.w.org\/{rel}","templated":true}]}}