{"id":2032,"date":"2022-12-20T12:19:00","date_gmt":"2022-12-20T10:19:00","guid":{"rendered":"http:\/\/www.inmocochescarhire.com\/blogg\/"},"modified":"2023-03-10T13:39:08","modified_gmt":"2023-03-10T11:39:08","slug":"blogg","status":"publish","type":"page","link":"https:\/\/www.inmocochescarhire.com\/sv\/blogg\/","title":{"rendered":"Blogg"},"content":{"rendered":"<section class=\"l-section wpb_row height_medium\"><div class=\"l-section-h i-cf\"><div class=\"g-cols vc_row via_flex valign_top type_default stacking_default\"><div class=\"vc_col-sm-12 wpb_column vc_column_container\"><div class=\"vc_column-inner\"><div class=\"wpb_wrapper\"><h2 class=\"w-text us_custom_7de47b5a\"><span class=\"w-text-h\"><span class=\"w-text-value\">Blogg<\/span><\/span><\/h2><div class=\"w-separator size_small\"><\/div><div class=\"w-grid us_grid type_grid layout_312 cols_3 pagination_infinite overflow_hidden preload_style_spinner\" id=\"us_grid_1\" style=\"--columns:3;--gap:1.5rem;\" data-filterable=\"true\"><style>@media (max-width:1024px){#us_grid_1{--columns:2!important}}@media (max-width:600px){#us_grid_1{--columns:1!important}}.layout_312 .w-grid-item-h{background:var(--color-content-bg);color:var(--color-content-text);border-radius:0.3rem;box-shadow:0 0.03rem 0.06rem rgba(0,0,0,0.1),0 0.1rem 0.3rem rgba(0,0,0,0.1);transition-duration:0.3s}.no-touch .layout_312 .w-grid-item-h:hover{box-shadow:0 0.1rem 0.2rem rgba(0,0,0,0.1),0 0.33rem 1rem rgba(0,0,0,0.15);z-index:4}.layout_312 .usg_post_image_1{margin-bottom:-2rem!important}.layout_312 .usg_post_title_1{font-size:1.4rem!important;font-weight:700!important}.layout_312 .usg_vwrapper_1{margin-top:2rem!important;padding:9% 11% 11% 11%!important}.layout_312 .usg_post_taxonomy_1{font-weight:700!important;text-transform:uppercase!important;font-size:10px!important;position:absolute!important;z-index:2!important;top:1.2rem!important;right:1.2rem!important;left:1.2rem!important}.layout_312 .usg_hwrapper_1{color:var(--color-content-faded)!important;font-size:0.9rem!important}.layout_312 .usg_btn_1{margin-top:30px!important}@media (max-width:600px){.layout_312 .usg_post_title_1{font-size:1.2rem!important}}<\/style><div class=\"w-grid-list\">\t<article class=\"w-grid-item size_1x1 post-9492 post type-post status-publish format-standard has-post-thumbnail hentry category-fuengirola\" data-id=\"9492\">\r\n\t\t<div class=\"w-grid-item-h\">\r\n\t\t\t\t\t\t<div class=\"w-post-elm post_image usg_post_image_1 stretched\"><a href=\"https:\/\/www.inmocochescarhire.com\/sv\/fuengirola-dar-hela-varlden-hittar-sin-plats-under-solen\/\" aria-label=\"Fuengirola, d\u00e4r hela v\u00e4rlden hittar sin plats under solen\"><img loading=\"lazy\" decoding=\"async\" width=\"1024\" height=\"683\" src=\"https:\/\/www.inmocochescarhire.com\/wp-content\/uploads\/2026\/05\/turistas-fuengirola-1024x683.jpg\" class=\"attachment-large size-large wp-post-image\" alt=\"\" srcset=\"https:\/\/www.inmocochescarhire.com\/wp-content\/uploads\/2026\/05\/turistas-fuengirola-1024x683.jpg 1024w, https:\/\/www.inmocochescarhire.com\/wp-content\/uploads\/2026\/05\/turistas-fuengirola-300x200.jpg 300w, https:\/\/www.inmocochescarhire.com\/wp-content\/uploads\/2026\/05\/turistas-fuengirola.jpg 1536w\" sizes=\"auto, (max-width: 1024px) 100vw, 1024px\" \/><\/a><\/div><div class=\"w-post-elm post_taxonomy usg_post_taxonomy_1 style_badge color_link_inherit\"><a class=\"w-btn us-btn-style_badge term-178 term-fuengirola\" href=\"https:\/\/www.inmocochescarhire.com\/sv\/category\/fuengirola\/\"><span class=\"w-btn-label\">Fuengirola<\/span><\/a><\/div><div class=\"w-vwrapper usg_vwrapper_1 align_none valign_top\" style=\"--vwrapper-gap:0.7rem\"><h3 class=\"w-post-elm post_title usg_post_title_1 entry-title color_link_inherit\"><a href=\"https:\/\/www.inmocochescarhire.com\/sv\/fuengirola-dar-hela-varlden-hittar-sin-plats-under-solen\/\">Fuengirola, d\u00e4r hela v\u00e4rlden hittar sin plats under solen<\/a><\/h3><div class=\"w-hwrapper usg_hwrapper_1 has_text_color align_none valign_top wrap\" style=\"--hwrapper-gap:1.2rem\"><time class=\"w-post-elm post_date usg_post_date_1 entry-date published\" datetime=\"2026-05-10T00:42:54+02:00\">10 maj 2026<\/time><\/div><a class=\"w-btn us-btn-style_1 usg_btn_1\" href=\"https:\/\/www.inmocochescarhire.com\/sv\/fuengirola-dar-hela-varlden-hittar-sin-plats-under-solen\/\"><span class=\"w-btn-label\">Leer m\u00e1s<\/span><\/a><\/div>\t\t<\/div>\r\n\t\t\t<\/article>\r\n\t<article class=\"w-grid-item size_1x1 post-9425 post type-post status-publish format-standard has-post-thumbnail hentry category-okategoriserad\" data-id=\"9425\">\r\n\t\t<div class=\"w-grid-item-h\">\r\n\t\t\t\t\t\t<div class=\"w-post-elm post_image usg_post_image_1 stretched\"><a href=\"https:\/\/www.inmocochescarhire.com\/sv\/en-ford-fiesta-att-hyra-i-fuengirola-perfekt-for-korta-resor\/\" aria-label=\"En Ford Fiesta att hyra i Fuengirola, perfekt f\u00f6r korta resor\"><img loading=\"lazy\" decoding=\"async\" width=\"1024\" height=\"719\" src=\"https:\/\/www.inmocochescarhire.com\/wp-content\/uploads\/2026\/04\/fordfiesta-fuengirola-1024x719.jpg\" class=\"attachment-large size-large wp-post-image\" alt=\"\" srcset=\"https:\/\/www.inmocochescarhire.com\/wp-content\/uploads\/2026\/04\/fordfiesta-fuengirola-1024x719.jpg 1024w, https:\/\/www.inmocochescarhire.com\/wp-content\/uploads\/2026\/04\/fordfiesta-fuengirola-300x211.jpg 300w, https:\/\/www.inmocochescarhire.com\/wp-content\/uploads\/2026\/04\/fordfiesta-fuengirola.jpg 1200w\" sizes=\"auto, (max-width: 1024px) 100vw, 1024px\" \/><\/a><\/div><div class=\"w-post-elm post_taxonomy usg_post_taxonomy_1 style_badge color_link_inherit\"><a class=\"w-btn us-btn-style_badge term-46 term-okategoriserad\" href=\"https:\/\/www.inmocochescarhire.com\/sv\/category\/okategoriserad\/\"><span class=\"w-btn-label\">Okategoriserad<\/span><\/a><\/div><div class=\"w-vwrapper usg_vwrapper_1 align_none valign_top\" style=\"--vwrapper-gap:0.7rem\"><h3 class=\"w-post-elm post_title usg_post_title_1 entry-title color_link_inherit\"><a href=\"https:\/\/www.inmocochescarhire.com\/sv\/en-ford-fiesta-att-hyra-i-fuengirola-perfekt-for-korta-resor\/\">En Ford Fiesta att hyra i Fuengirola, perfekt f\u00f6r korta resor<\/a><\/h3><div class=\"w-hwrapper usg_hwrapper_1 has_text_color align_none valign_top wrap\" style=\"--hwrapper-gap:1.2rem\"><time class=\"w-post-elm post_date usg_post_date_1 entry-date published\" datetime=\"2026-04-27T01:26:06+02:00\">27 april 2026<\/time><\/div><a class=\"w-btn us-btn-style_1 usg_btn_1\" href=\"https:\/\/www.inmocochescarhire.com\/sv\/en-ford-fiesta-att-hyra-i-fuengirola-perfekt-for-korta-resor\/\"><span class=\"w-btn-label\">Leer m\u00e1s<\/span><\/a><\/div>\t\t<\/div>\r\n\t\t\t<\/article>\r\n\t<article class=\"w-grid-item size_1x1 post-9394 post type-post status-publish format-standard has-post-thumbnail hentry category-fuengirola\" data-id=\"9394\">\r\n\t\t<div class=\"w-grid-item-h\">\r\n\t\t\t\t\t\t<div class=\"w-post-elm post_image usg_post_image_1 stretched\"><a href=\"https:\/\/www.inmocochescarhire.com\/sv\/orsakerna-till-att-fuengirola-ar-en-framstaende-turistdestination-i-malaga\/\" aria-label=\"Orsakerna till att Fuengirola \u00e4r en framst\u00e5ende turistdestination i M\u00e1laga\"><img loading=\"lazy\" decoding=\"async\" width=\"768\" height=\"1024\" src=\"https:\/\/www.inmocochescarhire.com\/wp-content\/uploads\/2026\/04\/fuengirola-malaga-768x1024.jpg\" class=\"attachment-large size-large wp-post-image\" alt=\"\" srcset=\"https:\/\/www.inmocochescarhire.com\/wp-content\/uploads\/2026\/04\/fuengirola-malaga-768x1024.jpg 768w, https:\/\/www.inmocochescarhire.com\/wp-content\/uploads\/2026\/04\/fuengirola-malaga-225x300.jpg 225w, https:\/\/www.inmocochescarhire.com\/wp-content\/uploads\/2026\/04\/fuengirola-malaga-scaled.jpg 1440w\" sizes=\"auto, (max-width: 768px) 100vw, 768px\" \/><\/a><\/div><div class=\"w-post-elm post_taxonomy usg_post_taxonomy_1 style_badge color_link_inherit\"><a class=\"w-btn us-btn-style_badge term-178 term-fuengirola\" href=\"https:\/\/www.inmocochescarhire.com\/sv\/category\/fuengirola\/\"><span class=\"w-btn-label\">Fuengirola<\/span><\/a><\/div><div class=\"w-vwrapper usg_vwrapper_1 align_none valign_top\" style=\"--vwrapper-gap:0.7rem\"><h3 class=\"w-post-elm post_title usg_post_title_1 entry-title color_link_inherit\"><a href=\"https:\/\/www.inmocochescarhire.com\/sv\/orsakerna-till-att-fuengirola-ar-en-framstaende-turistdestination-i-malaga\/\">Orsakerna till att Fuengirola \u00e4r en framst\u00e5ende turistdestination i M\u00e1laga<\/a><\/h3><div class=\"w-hwrapper usg_hwrapper_1 has_text_color align_none valign_top wrap\" style=\"--hwrapper-gap:1.2rem\"><time class=\"w-post-elm post_date usg_post_date_1 entry-date published\" datetime=\"2026-04-16T01:41:34+02:00\">16 april 2026<\/time><\/div><a class=\"w-btn us-btn-style_1 usg_btn_1\" href=\"https:\/\/www.inmocochescarhire.com\/sv\/orsakerna-till-att-fuengirola-ar-en-framstaende-turistdestination-i-malaga\/\"><span class=\"w-btn-label\">Leer m\u00e1s<\/span><\/a><\/div>\t\t<\/div>\r\n\t\t\t<\/article>\r\n\t<article class=\"w-grid-item size_1x1 post-9318 post type-post status-publish format-standard has-post-thumbnail hentry category-okategoriserad\" data-id=\"9318\">\r\n\t\t<div class=\"w-grid-item-h\">\r\n\t\t\t\t\t\t<div class=\"w-post-elm post_image usg_post_image_1 stretched\"><a href=\"https:\/\/www.inmocochescarhire.com\/sv\/med-inmocoches-car-hire-ar-biluthyrning-i-fuengirola-helt-utan-dolda-kostnader\/\" aria-label=\"Med Inmocoches Car Hire \u00e4r biluthyrning i Fuengirola helt utan dolda kostnader\"><img loading=\"lazy\" decoding=\"async\" width=\"1024\" height=\"690\" src=\"https:\/\/www.inmocochescarhire.com\/wp-content\/uploads\/2023\/04\/WhatsApp-Image-2023-04-20-at-11.06.57-1024x690.jpeg\" class=\"attachment-large size-large wp-post-image\" alt=\"\" srcset=\"https:\/\/www.inmocochescarhire.com\/wp-content\/uploads\/2023\/04\/WhatsApp-Image-2023-04-20-at-11.06.57-1024x690.jpeg 1024w, https:\/\/www.inmocochescarhire.com\/wp-content\/uploads\/2023\/04\/WhatsApp-Image-2023-04-20-at-11.06.57-300x202.jpeg 300w, https:\/\/www.inmocochescarhire.com\/wp-content\/uploads\/2023\/04\/WhatsApp-Image-2023-04-20-at-11.06.57.jpeg 1400w\" sizes=\"auto, (max-width: 1024px) 100vw, 1024px\" \/><\/a><\/div><div class=\"w-post-elm post_taxonomy usg_post_taxonomy_1 style_badge color_link_inherit\"><a class=\"w-btn us-btn-style_badge term-46 term-okategoriserad\" href=\"https:\/\/www.inmocochescarhire.com\/sv\/category\/okategoriserad\/\"><span class=\"w-btn-label\">Okategoriserad<\/span><\/a><\/div><div class=\"w-vwrapper usg_vwrapper_1 align_none valign_top\" style=\"--vwrapper-gap:0.7rem\"><h3 class=\"w-post-elm post_title usg_post_title_1 entry-title color_link_inherit\"><a href=\"https:\/\/www.inmocochescarhire.com\/sv\/med-inmocoches-car-hire-ar-biluthyrning-i-fuengirola-helt-utan-dolda-kostnader\/\">Med Inmocoches Car Hire \u00e4r biluthyrning i Fuengirola helt utan dolda kostnader<\/a><\/h3><div class=\"w-hwrapper usg_hwrapper_1 has_text_color align_none valign_top wrap\" style=\"--hwrapper-gap:1.2rem\"><time class=\"w-post-elm post_date usg_post_date_1 entry-date published\" datetime=\"2026-04-08T20:02:07+02:00\">8 april 2026<\/time><\/div><a class=\"w-btn us-btn-style_1 usg_btn_1\" href=\"https:\/\/www.inmocochescarhire.com\/sv\/med-inmocoches-car-hire-ar-biluthyrning-i-fuengirola-helt-utan-dolda-kostnader\/\"><span class=\"w-btn-label\">Leer m\u00e1s<\/span><\/a><\/div>\t\t<\/div>\r\n\t\t\t<\/article>\r\n\t<article class=\"w-grid-item size_1x1 post-9250 post type-post status-publish format-standard has-post-thumbnail hentry category-fuengirola\" data-id=\"9250\">\r\n\t\t<div class=\"w-grid-item-h\">\r\n\t\t\t\t\t\t<div class=\"w-post-elm post_image usg_post_image_1 stretched\"><a href=\"https:\/\/www.inmocochescarhire.com\/sv\/vad-man-kan-se-nara-fuengirola-och-hur-man-planerar-sina-utflykter-med-hyrbil\/\" aria-label=\"Vad man kan se n\u00e4ra Fuengirola och hur man planerar sina utflykter med hyrbil\"><img loading=\"lazy\" decoding=\"async\" width=\"1024\" height=\"685\" src=\"https:\/\/www.inmocochescarhire.com\/wp-content\/uploads\/2026\/03\/rutas-fuengirola-1024x685.jpg\" class=\"attachment-large size-large wp-post-image\" alt=\"\" srcset=\"https:\/\/www.inmocochescarhire.com\/wp-content\/uploads\/2026\/03\/rutas-fuengirola-1024x685.jpg 1024w, https:\/\/www.inmocochescarhire.com\/wp-content\/uploads\/2026\/03\/rutas-fuengirola-300x201.jpg 300w, https:\/\/www.inmocochescarhire.com\/wp-content\/uploads\/2026\/03\/rutas-fuengirola.jpg 1920w\" sizes=\"auto, (max-width: 1024px) 100vw, 1024px\" \/><\/a><\/div><div class=\"w-post-elm post_taxonomy usg_post_taxonomy_1 style_badge color_link_inherit\"><a class=\"w-btn us-btn-style_badge term-178 term-fuengirola\" href=\"https:\/\/www.inmocochescarhire.com\/sv\/category\/fuengirola\/\"><span class=\"w-btn-label\">Fuengirola<\/span><\/a><\/div><div class=\"w-vwrapper usg_vwrapper_1 align_none valign_top\" style=\"--vwrapper-gap:0.7rem\"><h3 class=\"w-post-elm post_title usg_post_title_1 entry-title color_link_inherit\"><a href=\"https:\/\/www.inmocochescarhire.com\/sv\/vad-man-kan-se-nara-fuengirola-och-hur-man-planerar-sina-utflykter-med-hyrbil\/\">Vad man kan se n\u00e4ra Fuengirola och hur man planerar sina utflykter med hyrbil<\/a><\/h3><div class=\"w-hwrapper usg_hwrapper_1 has_text_color align_none valign_top wrap\" style=\"--hwrapper-gap:1.2rem\"><time class=\"w-post-elm post_date usg_post_date_1 entry-date published\" datetime=\"2026-03-28T18:59:57+02:00\">28 mars 2026<\/time><\/div><a class=\"w-btn us-btn-style_1 usg_btn_1\" href=\"https:\/\/www.inmocochescarhire.com\/sv\/vad-man-kan-se-nara-fuengirola-och-hur-man-planerar-sina-utflykter-med-hyrbil\/\"><span class=\"w-btn-label\">Leer m\u00e1s<\/span><\/a><\/div>\t\t<\/div>\r\n\t\t\t<\/article>\r\n\t<article class=\"w-grid-item size_1x1 post-9205 post type-post status-publish format-standard has-post-thumbnail hentry category-uthyrning-av-sma-bilar\" data-id=\"9205\">\r\n\t\t<div class=\"w-grid-item-h\">\r\n\t\t\t\t\t\t<div class=\"w-post-elm post_image usg_post_image_1 stretched\"><a href=\"https:\/\/www.inmocochescarhire.com\/sv\/sma-bilar-ar-idealiska-for-att-ta-sig-runt-i-fuengirola-och-dess-omgivningar\/\" aria-label=\"Sm\u00e5 bilar \u00e4r idealiska f\u00f6r att ta sig runt i Fuengirola och dess omgivningar\"><img loading=\"lazy\" decoding=\"async\" width=\"1024\" height=\"630\" src=\"https:\/\/www.inmocochescarhire.com\/wp-content\/uploads\/2026\/03\/fuengirola-1024x630.jpg\" class=\"attachment-large size-large wp-post-image\" alt=\"\" srcset=\"https:\/\/www.inmocochescarhire.com\/wp-content\/uploads\/2026\/03\/fuengirola-1024x630.jpg 1024w, https:\/\/www.inmocochescarhire.com\/wp-content\/uploads\/2026\/03\/fuengirola-300x185.jpg 300w, https:\/\/www.inmocochescarhire.com\/wp-content\/uploads\/2026\/03\/fuengirola.jpg 1280w\" sizes=\"auto, (max-width: 1024px) 100vw, 1024px\" \/><\/a><\/div><div class=\"w-post-elm post_taxonomy usg_post_taxonomy_1 style_badge color_link_inherit\"><a class=\"w-btn us-btn-style_badge term-174 term-uthyrning-av-sma-bilar\" href=\"https:\/\/www.inmocochescarhire.com\/sv\/category\/uthyrning-av-sma-bilar\/\"><span class=\"w-btn-label\">Uthyrning av sm\u00e5 bilar<\/span><\/a><\/div><div class=\"w-vwrapper usg_vwrapper_1 align_none valign_top\" style=\"--vwrapper-gap:0.7rem\"><h3 class=\"w-post-elm post_title usg_post_title_1 entry-title color_link_inherit\"><a href=\"https:\/\/www.inmocochescarhire.com\/sv\/sma-bilar-ar-idealiska-for-att-ta-sig-runt-i-fuengirola-och-dess-omgivningar\/\">Sm\u00e5 bilar \u00e4r idealiska f\u00f6r att ta sig runt i Fuengirola och dess omgivningar<\/a><\/h3><div class=\"w-hwrapper usg_hwrapper_1 has_text_color align_none valign_top wrap\" style=\"--hwrapper-gap:1.2rem\"><time class=\"w-post-elm post_date usg_post_date_1 entry-date published\" datetime=\"2026-03-21T21:37:53+02:00\">21 mars 2026<\/time><\/div><a class=\"w-btn us-btn-style_1 usg_btn_1\" href=\"https:\/\/www.inmocochescarhire.com\/sv\/sma-bilar-ar-idealiska-for-att-ta-sig-runt-i-fuengirola-och-dess-omgivningar\/\"><span class=\"w-btn-label\">Leer m\u00e1s<\/span><\/a><\/div>\t\t<\/div>\r\n\t\t\t<\/article>\r\n\t<article class=\"w-grid-item size_1x1 post-9161 post type-post status-publish format-standard has-post-thumbnail hentry category-biluthyrning-i-fuengirola-under-pasken\" data-id=\"9161\">\r\n\t\t<div class=\"w-grid-item-h\">\r\n\t\t\t\t\t\t<div class=\"w-post-elm post_image usg_post_image_1 stretched\"><a href=\"https:\/\/www.inmocochescarhire.com\/sv\/biluthyrning-i-fuengirola-under-pasken-2026\/\" aria-label=\"Biluthyrning i Fuengirola under p\u00e5sken 2026\"><img loading=\"lazy\" decoding=\"async\" width=\"1024\" height=\"536\" src=\"https:\/\/www.inmocochescarhire.com\/wp-content\/uploads\/2026\/03\/alquiler-fuengirola-1024x536.jpg\" class=\"attachment-large size-large wp-post-image\" alt=\"\" srcset=\"https:\/\/www.inmocochescarhire.com\/wp-content\/uploads\/2026\/03\/alquiler-fuengirola-1024x536.jpg 1024w, https:\/\/www.inmocochescarhire.com\/wp-content\/uploads\/2026\/03\/alquiler-fuengirola-300x157.jpg 300w, https:\/\/www.inmocochescarhire.com\/wp-content\/uploads\/2026\/03\/alquiler-fuengirola-scaled.jpg 1920w\" sizes=\"auto, (max-width: 1024px) 100vw, 1024px\" \/><\/a><\/div><div class=\"w-post-elm post_taxonomy usg_post_taxonomy_1 style_badge color_link_inherit\"><a class=\"w-btn us-btn-style_badge term-170 term-biluthyrning-i-fuengirola-under-pasken\" href=\"https:\/\/www.inmocochescarhire.com\/sv\/category\/biluthyrning-i-fuengirola-under-pasken\/\"><span class=\"w-btn-label\">Biluthyrning i Fuengirola under p\u00e5sken<\/span><\/a><\/div><div class=\"w-vwrapper usg_vwrapper_1 align_none valign_top\" style=\"--vwrapper-gap:0.7rem\"><h3 class=\"w-post-elm post_title usg_post_title_1 entry-title color_link_inherit\"><a href=\"https:\/\/www.inmocochescarhire.com\/sv\/biluthyrning-i-fuengirola-under-pasken-2026\/\">Biluthyrning i Fuengirola under p\u00e5sken 2026<\/a><\/h3><div class=\"w-hwrapper usg_hwrapper_1 has_text_color align_none valign_top wrap\" style=\"--hwrapper-gap:1.2rem\"><time class=\"w-post-elm post_date usg_post_date_1 entry-date published\" datetime=\"2026-03-14T02:08:30+02:00\">14 mars 2026<\/time><\/div><a class=\"w-btn us-btn-style_1 usg_btn_1\" href=\"https:\/\/www.inmocochescarhire.com\/sv\/biluthyrning-i-fuengirola-under-pasken-2026\/\"><span class=\"w-btn-label\">Leer m\u00e1s<\/span><\/a><\/div>\t\t<\/div>\r\n\t\t\t<\/article>\r\n<\/div>\t<div class=\"w-grid-preloader\">\r\n\t\t<div class=\"g-preloader type_1\">\r\n\t\t\t<div><\/div>\r\n\t\t<\/div>\r\n\t<\/div>\r\n\t\t<div class=\"w-grid-json hidden\" onclick='return {&quot;action&quot;:&quot;us_ajax_grid&quot;,&quot;infinite_scroll&quot;:0,&quot;max_num_pages&quot;:1,&quot;pagination&quot;:&quot;infinite&quot;,&quot;template_vars&quot;:{&quot;columns&quot;:&quot;3&quot;,&quot;exclude_items&quot;:&quot;none&quot;,&quot;img_size&quot;:&quot;default&quot;,&quot;ignore_items_size&quot;:0,&quot;items_layout&quot;:&quot;312&quot;,&quot;items_offset&quot;:&quot;1&quot;,&quot;load_animation&quot;:&quot;none&quot;,&quot;overriding_link&quot;:&quot;{\\&quot;url\\&quot;:\\&quot;\\&quot;}&quot;,&quot;post_id&quot;:0,&quot;query_args&quot;:{&quot;post_type&quot;:[&quot;post&quot;],&quot;post_status&quot;:[&quot;publish&quot;],&quot;posts_per_page&quot;:999},&quot;orderby_query_args&quot;:{&quot;orderby&quot;:{&quot;date&quot;:&quot;DESC&quot;}},&quot;type&quot;:&quot;grid&quot;,&quot;us_grid_post_type&quot;:&quot;post&quot;,&quot;us_grid_ajax_index&quot;:1,&quot;us_grid_filter_query_string&quot;:null,&quot;us_grid_index&quot;:1,&quot;page_args&quot;:[],&quot;lang&quot;:&quot;sv&quot;}}'><\/div>\r\n\t<\/div><\/div><\/div><\/div><\/div><\/div><\/section>\n","protected":false},"excerpt":{"rendered":"P\u00e5skveckan \u00e4r en av de viktigaste h\u00f6gtiderna i kalendern i Andalusien. Under dessa dagar fylls st\u00e4der och byar i hela regionen av processioner, marschorkestrar, religi\u00f6sa b\u00e4rstolar som b\u00e4rs av costaleros och tusentals m\u00e4nniskor som g\u00e5r ut p\u00e5 gatorna f\u00f6r att uppleva en tradition som \u00e4r djupt rotad i den lokala kulturen. F\u00f6r m\u00e5nga bes\u00f6kare \u00e4r...","protected":false},"author":3,"featured_media":0,"parent":0,"menu_order":0,"comment_status":"closed","ping_status":"closed","template":"","meta":{"_crdt_document":"","_joinchat":[],"footnotes":""},"class_list":["post-2032","page","type-page","status-publish","hentry"],"yoast_head":"<!-- This site is optimized with the Yoast SEO plugin v27.5 - https:\/\/yoast.com\/product\/yoast-seo-wordpress\/ -->\n<title>Blogg - Inmocoches<\/title>\n<meta name=\"robots\" content=\"index, follow, max-snippet:-1, max-image-preview:large, max-video-preview:-1\" \/>\n<link rel=\"canonical\" href=\"https:\/\/www.inmocochescarhire.com\/sv\/blogg\/\" \/>\n<meta property=\"og:locale\" content=\"sv_SE\" \/>\n<meta property=\"og:type\" content=\"article\" \/>\n<meta property=\"og:title\" content=\"Blogg - Inmocoches\" \/>\n<meta property=\"og:url\" content=\"https:\/\/www.inmocochescarhire.com\/sv\/blogg\/\" \/>\n<meta property=\"og:site_name\" content=\"Inmocoches\" \/>\n<meta property=\"article:modified_time\" content=\"2023-03-10T11:39:08+00:00\" \/>\n<meta name=\"twitter:card\" content=\"summary_large_image\" \/>\n<script type=\"application\/ld+json\" class=\"yoast-schema-graph\">{\"@context\":\"https:\\\/\\\/schema.org\",\"@graph\":[{\"@type\":\"WebPage\",\"@id\":\"https:\\\/\\\/www.inmocochescarhire.com\\\/sv\\\/blogg\\\/\",\"url\":\"https:\\\/\\\/www.inmocochescarhire.com\\\/sv\\\/blogg\\\/\",\"name\":\"Blogg - Inmocoches\",\"isPartOf\":{\"@id\":\"https:\\\/\\\/www.inmocochescarhire.com\\\/sv\\\/#website\"},\"datePublished\":\"2022-12-20T10:19:00+00:00\",\"dateModified\":\"2023-03-10T11:39:08+00:00\",\"breadcrumb\":{\"@id\":\"https:\\\/\\\/www.inmocochescarhire.com\\\/sv\\\/blogg\\\/#breadcrumb\"},\"inLanguage\":\"sv-SE\",\"potentialAction\":[{\"@type\":\"ReadAction\",\"target\":[\"https:\\\/\\\/www.inmocochescarhire.com\\\/sv\\\/blogg\\\/\"]}]},{\"@type\":\"BreadcrumbList\",\"@id\":\"https:\\\/\\\/www.inmocochescarhire.com\\\/sv\\\/blogg\\\/#breadcrumb\",\"itemListElement\":[{\"@type\":\"ListItem\",\"position\":1,\"name\":\"Portada\",\"item\":\"https:\\\/\\\/www.inmocochescarhire.com\\\/sv\\\/\"},{\"@type\":\"ListItem\",\"position\":2,\"name\":\"Blogg\"}]},{\"@type\":\"WebSite\",\"@id\":\"https:\\\/\\\/www.inmocochescarhire.com\\\/sv\\\/#website\",\"url\":\"https:\\\/\\\/www.inmocochescarhire.com\\\/sv\\\/\",\"name\":\"Inmocoches\",\"description\":\"\",\"potentialAction\":[{\"@type\":\"SearchAction\",\"target\":{\"@type\":\"EntryPoint\",\"urlTemplate\":\"https:\\\/\\\/www.inmocochescarhire.com\\\/sv\\\/?s={search_term_string}\"},\"query-input\":{\"@type\":\"PropertyValueSpecification\",\"valueRequired\":true,\"valueName\":\"search_term_string\"}}],\"inLanguage\":\"sv-SE\"}]}<\/script>\n<!-- \/ Yoast SEO plugin. -->","yoast_head_json":{"title":"Blogg - Inmocoches","robots":{"index":"index","follow":"follow","max-snippet":"max-snippet:-1","max-image-preview":"max-image-preview:large","max-video-preview":"max-video-preview:-1"},"canonical":"https:\/\/www.inmocochescarhire.com\/sv\/blogg\/","og_locale":"sv_SE","og_type":"article","og_title":"Blogg - Inmocoches","og_url":"https:\/\/www.inmocochescarhire.com\/sv\/blogg\/","og_site_name":"Inmocoches","article_modified_time":"2023-03-10T11:39:08+00:00","twitter_card":"summary_large_image","schema":{"@context":"https:\/\/schema.org","@graph":[{"@type":"WebPage","@id":"https:\/\/www.inmocochescarhire.com\/sv\/blogg\/","url":"https:\/\/www.inmocochescarhire.com\/sv\/blogg\/","name":"Blogg - Inmocoches","isPartOf":{"@id":"https:\/\/www.inmocochescarhire.com\/sv\/#website"},"datePublished":"2022-12-20T10:19:00+00:00","dateModified":"2023-03-10T11:39:08+00:00","breadcrumb":{"@id":"https:\/\/www.inmocochescarhire.com\/sv\/blogg\/#breadcrumb"},"inLanguage":"sv-SE","potentialAction":[{"@type":"ReadAction","target":["https:\/\/www.inmocochescarhire.com\/sv\/blogg\/"]}]},{"@type":"BreadcrumbList","@id":"https:\/\/www.inmocochescarhire.com\/sv\/blogg\/#breadcrumb","itemListElement":[{"@type":"ListItem","position":1,"name":"Portada","item":"https:\/\/www.inmocochescarhire.com\/sv\/"},{"@type":"ListItem","position":2,"name":"Blogg"}]},{"@type":"WebSite","@id":"https:\/\/www.inmocochescarhire.com\/sv\/#website","url":"https:\/\/www.inmocochescarhire.com\/sv\/","name":"Inmocoches","description":"","potentialAction":[{"@type":"SearchAction","target":{"@type":"EntryPoint","urlTemplate":"https:\/\/www.inmocochescarhire.com\/sv\/?s={search_term_string}"},"query-input":{"@type":"PropertyValueSpecification","valueRequired":true,"valueName":"search_term_string"}}],"inLanguage":"sv-SE"}]}},"_links":{"self":[{"href":"https:\/\/www.inmocochescarhire.com\/sv\/wp-json\/wp\/v2\/pages\/2032","targetHints":{"allow":["GET"]}}],"collection":[{"href":"https:\/\/www.inmocochescarhire.com\/sv\/wp-json\/wp\/v2\/pages"}],"about":[{"href":"https:\/\/www.inmocochescarhire.com\/sv\/wp-json\/wp\/v2\/types\/page"}],"author":[{"embeddable":true,"href":"https:\/\/www.inmocochescarhire.com\/sv\/wp-json\/wp\/v2\/users\/3"}],"replies":[{"embeddable":true,"href":"https:\/\/www.inmocochescarhire.com\/sv\/wp-json\/wp\/v2\/comments?post=2032"}],"version-history":[{"count":1,"href":"https:\/\/www.inmocochescarhire.com\/sv\/wp-json\/wp\/v2\/pages\/2032\/revisions"}],"predecessor-version":[{"id":2033,"href":"https:\/\/www.inmocochescarhire.com\/sv\/wp-json\/wp\/v2\/pages\/2032\/revisions\/2033"}],"wp:attachment":[{"href":"https:\/\/www.inmocochescarhire.com\/sv\/wp-json\/wp\/v2\/media?parent=2032"}],"curies":[{"name":"wp","href":"https:\/\/api.w.org\/{rel}","templated":true}]}}