{"id":1904,"date":"2022-12-20T12:18:34","date_gmt":"2022-12-20T10:18:34","guid":{"rendered":"http:\/\/www.inmocochescarhire.com\/vilka-vi-ar\/"},"modified":"2023-03-10T13:20:31","modified_gmt":"2023-03-10T11:20:31","slug":"vilka-vi-ar","status":"publish","type":"page","link":"https:\/\/www.inmocochescarhire.com\/sv\/vilka-vi-ar\/","title":{"rendered":"Vilka vi \u00e4r"},"content":{"rendered":"<section class=\"l-section wpb_row height_medium\"><div class=\"l-section-h i-cf\"><div class=\"g-cols vc_row via_flex valign_top type_default stacking_default\"><div class=\"vc_col-sm-12 wpb_column vc_column_container\"><div class=\"vc_column-inner\"><div class=\"wpb_wrapper\"><h2 class=\"w-text us_custom_7de47b5a\"><span class=\"w-text-h\"><span class=\"w-text-value\">Vilka vi \u00e4r<\/span><\/span><\/h2><div class=\"w-separator size_small\"><\/div><div class=\"g-cols wpb_row via_flex valign_top type_default stacking_default\"><div class=\"vc_col-sm-8 wpb_column vc_column_container\"><div class=\"vc_column-inner\"><div class=\"wpb_wrapper\"><div class=\"wpb_text_column us_custom_432d3f53\"><div class=\"wpb_wrapper\"><p>Inmocoches Car Hire \u00e4r ett f\u00f6retag med mer \u00e4n 20 \u00e5rs erfarenhet inom bilbranschen.<\/p>\n<p>Vi startade som ett familjef\u00f6retag inom fordonssektorn och specialiserade oss senare p\u00e5 uthyrning av fordon utan f\u00f6rare, med en f\u00f6rsta flotta p\u00e5 8 fordon.<\/p>\n<p>Under alla dessa \u00e5r har vi tack vare v\u00e5ra kunder och v\u00e5rt goda arbete vuxit steg f\u00f6r steg, tills vi idag \u00e4r ett referensf\u00f6retag inom biluthyrning i Malaga, med en flotta p\u00e5 mer \u00e4n 200 fordon i alla segment, som du kan boka bekv\u00e4mt via v\u00e5r webbplats och h\u00e4mta ut utan att beh\u00f6va v\u00e4nta p\u00e5 v\u00e5ra kontor i Fuengirola eller p\u00e5 Malagas flygplats.<\/p>\n<p>V\u00e5rt f\u00f6rsta m\u00e5l \u00e4r PERSONALISERAD KUNDBEHANDLING, f\u00f6r detta har vi tv\u00e5 kontor i Fuengirola, hj\u00e4rtat av Costa del Sol, vilket ger oss m\u00f6jlighet att erbjuda en av de b\u00e4sta personliga biluthyrningstj\u00e4nsterna i omr\u00e5det, f\u00f6r detta har vi en erfaren, effektiv och v\u00e4nlig personal, f\u00f6r f\u00f6r f\u00f6r oss kommer kunden f\u00f6rst och vi str\u00e4var efter maximal kvalitet p\u00e5 service och punktlighet. Vi anser att professionalism \u00e4r mycket viktigt f\u00f6r att kunden ska vara n\u00f6jd och d\u00e4rmed kunna lita p\u00e5 v\u00e5rt f\u00f6retag igen.<\/p>\n<p>Vi arbetar utan mellanh\u00e4nder, alla v\u00e5ra bilar \u00e4r EIGEN FLEET och aktuella, vilket g\u00f6r att vi undviker provisioner och kan garantera v\u00e5ra kunder det b\u00e4sta priset.<\/p>\n<p>Vi har alla typer av fordon att hyra: Vi erbjuder alla typer av bilar: ekonomi- och kompaktbilar, salooner, MPV:er, 7- och 9-sitsiga familjebilar, automatbilar, cabrioleter och till och med bilar i premium- eller lyxklass. Alla v\u00e5ra fordon \u00e4r i utm\u00e4rkt skick och v\u00e5r flotta uppdateras varje \u00e5r med nya modeller.Det \u00e4r inte n\u00f6dv\u00e4ndigt att betala vid bokningstillf\u00e4llet online, du kan boka ditt fordon utan kreditkort och betala p\u00e5 v\u00e5rt kontor n\u00e4r du h\u00e4mtar fordonet, inga \u00f6verraskningar i betalningen.<\/p>\n<p>Vi v\u00e4lkomnar kunden och f\u00f6ljer med honom hela tiden, s\u00e5 att han eller hon sparar tid och slipper on\u00f6diga k\u00f6er n\u00e4r han eller hon h\u00e4mtar sin hyrbil, s\u00e5 att han eller hon kan b\u00f6rja njuta av sin semester s\u00e5 snart som m\u00f6jligt.<\/p>\n<\/div><\/div><\/div><\/div><\/div><div class=\"vc_col-sm-4 wpb_column vc_column_container\"><div class=\"vc_column-inner\"><div class=\"wpb_wrapper\"><div class=\"w-image us_custom_9cf479d2 align_none\"><div class=\"w-image-h\"><img decoding=\"async\" width=\"547\" height=\"603\" src=\"https:\/\/www.inmocochescarhire.com\/wp-content\/uploads\/2022\/12\/por-que-elegir-inmocoches.jpg\" class=\"attachment-large size-large\" alt=\"alquiler de coches en fuengirola\" loading=\"lazy\" srcset=\"https:\/\/www.inmocochescarhire.com\/wp-content\/uploads\/2022\/12\/por-que-elegir-inmocoches.jpg 547w, https:\/\/www.inmocochescarhire.com\/wp-content\/uploads\/2022\/12\/por-que-elegir-inmocoches-272x300.jpg 272w\" sizes=\"auto, (max-width: 547px) 100vw, 547px\" \/><\/div><\/div><\/div><\/div><\/div><\/div><\/div><\/div><\/div><\/div><\/div><\/section><section class=\"l-section wpb_row height_medium\"><div class=\"l-section-h i-cf\"><div class=\"g-cols vc_row via_flex valign_top type_default stacking_default\"><div class=\"vc_col-sm-12 wpb_column vc_column_container has_bg_color\"><div class=\"vc_column-inner us_custom_8ccf3162\"><div class=\"wpb_wrapper\"><h2 class=\"w-text us_custom_7de47b5a\"><span class=\"w-text-h\"><span class=\"w-text-value\">Kontakta oss<\/span><\/span><\/h2><div class=\"wpb_text_column us_custom_c821fe70\"><div class=\"wpb_wrapper\"><p style=\"text-align: center;\">Kontakta oss s\u00e5 g\u00f6r vi det snabbt och enkelt f\u00f6r dig att boka det perfekta fordonet f\u00f6r din n\u00e4sta resa.<\/p>\n<\/div><\/div><div class=\"w-separator size_medium\"><\/div><div class=\"g-cols wpb_row via_flex valign_top type_default stacking_default\"><div class=\"vc_col-sm-6 wpb_column vc_column_container\"><div class=\"vc_column-inner\"><div class=\"wpb_wrapper\"><div class=\"w-html\"><iframe src=\"https:\/\/www.google.com\/maps\/embed?pb=!1m14!1m8!1m3!1d12821.752281595442!2d-4.619383!3d36.543549!3m2!1i1024!2i768!4f13.1!3m3!1m2!1s0xd72e241890bb2bf%3A0x8b632fe477040300!2sInmocoches%20S%20L!5e0!3m2!1ses!2ses!4v1678274920024!5m2!1ses!2ses\" width=\"100%\" height=\"450\" style=\"border:0;\" allowfullscreen=\"\" loading=\"lazy\" referrerpolicy=\"no-referrer-when-downgrade\"><\/iframe><\/div><\/div><\/div><\/div><div class=\"vc_col-sm-6 wpb_column vc_column_container\"><div class=\"vc_column-inner\"><div class=\"wpb_wrapper\"><div class=\"wpb_text_column\"><div class=\"wpb_wrapper\">\n<div class=\"wpcf7 no-js\" id=\"wpcf7-f2308-o1\" lang=\"sv-SE\" dir=\"ltr\" data-wpcf7-id=\"2308\">\n<div class=\"screen-reader-response\"><p role=\"status\" aria-live=\"polite\" aria-atomic=\"true\"><\/p> <ul><\/ul><\/div>\n<form action=\"\/sv\/wp-json\/wp\/v2\/pages\/1904#wpcf7-f2308-o1\" method=\"post\" class=\"wpcf7-form init wpcf7-acceptance-as-validation\" aria-label=\"Kontaktformul\u00e4r\" novalidate=\"novalidate\" data-status=\"init\">\n<fieldset class=\"hidden-fields-container\"><input type=\"hidden\" name=\"_wpcf7\" value=\"2308\" \/><input type=\"hidden\" name=\"_wpcf7_version\" value=\"6.1.5\" \/><input type=\"hidden\" name=\"_wpcf7_locale\" value=\"sv_SE\" \/><input type=\"hidden\" name=\"_wpcf7_unit_tag\" value=\"wpcf7-f2308-o1\" \/><input type=\"hidden\" name=\"_wpcf7_container_post\" value=\"0\" \/><input type=\"hidden\" name=\"_wpcf7_posted_data_hash\" value=\"\" \/><input type=\"hidden\" name=\"_wpcf7_recaptcha_response\" value=\"\" \/>\n<\/fieldset>\n<div class=\"main-contact-form\">\n<div class=\"field-wrap col1\"><label for=\"nombre\"><span class=\"wpcf7-form-control-wrap\" data-name=\"nombre\"><input size=\"40\" maxlength=\"400\" class=\"wpcf7-form-control wpcf7-text wpcf7-validates-as-required\" id=\"nombre\" aria-required=\"true\" aria-invalid=\"false\" placeholder=\"Ditt namn\" value=\"\" type=\"text\" name=\"nombre\" \/><\/span> <\/label><\/div>\n<div class=\"field-wrap col1\"><label for=\"email\"><span class=\"wpcf7-form-control-wrap\" data-name=\"email\"><input size=\"40\" maxlength=\"400\" class=\"wpcf7-form-control wpcf7-email wpcf7-validates-as-required wpcf7-text wpcf7-validates-as-email\" id=\"email\" aria-required=\"true\" aria-invalid=\"false\" placeholder=\"Din email\" value=\"\" type=\"email\" name=\"email\" \/><\/span> <\/label><\/div>\n<div class=\"field-wrap col1\"><label for=\"telefono\"><span class=\"wpcf7-form-control-wrap\" data-name=\"telefono\"><input size=\"40\" maxlength=\"400\" class=\"wpcf7-form-control wpcf7-tel wpcf7-validates-as-required wpcf7-text wpcf7-validates-as-tel\" id=\"telefono\" aria-required=\"true\" aria-invalid=\"false\" placeholder=\"Din telefon\" value=\"\" type=\"tel\" name=\"telefono\" \/><\/span> <\/label><\/div>\n<div class=\"field-wrap col1\"><label for=\"mensaje\"><span class=\"wpcf7-form-control-wrap\" data-name=\"mensaje\"><textarea cols=\"40\" rows=\"10\" maxlength=\"2000\" class=\"wpcf7-form-control wpcf7-textarea\" id=\"mensaje\" aria-invalid=\"false\" placeholder=\"Ditt meddelande\" name=\"mensaje\"><\/textarea><\/span> <\/label><\/div>\n<div class=\"field-wrap col1 aceptacion\"><label for=\"aceptacion\"><span class=\"wpcf7-form-control-wrap\" data-name=\"aceptacion\"><span class=\"wpcf7-form-control wpcf7-acceptance\"><span class=\"wpcf7-list-item\"><input type=\"checkbox\" name=\"aceptacion\" value=\"1\" id=\"aceptacion\" aria-invalid=\"false\" \/><\/span><\/span><\/span> Jag har l\u00e4st och accepterar <a rel=\"nofollow\" target=\"_blank\" href=\"\/integritetspolicy\/\">Integritetspolicy<\/a>.<\/label><\/div>\n\n<input class=\"wpcf7-form-control wpcf7-submit has-spinner\" id=\"form-contact\" type=\"submit\" value=\"Skicka\" \/>\n<\/div><div class=\"wpcf7-response-output\" aria-hidden=\"true\"><\/div>\n<\/form>\n<\/div>\n\n<\/div><\/div><\/div><\/div><\/div><\/div><\/div><\/div><\/div><\/div><\/div><\/section>\n","protected":false},"excerpt":{"rendered":"Vilka vi \u00e4rInmocoches Car Hire \u00e4r ett f\u00f6retag med mer \u00e4n 20 \u00e5rs erfarenhet inom bilbranschen. Vi startade som ett familjef\u00f6retag inom fordonssektorn och specialiserade oss senare p\u00e5 uthyrning av fordon utan f\u00f6rare, med en f\u00f6rsta flotta p\u00e5 8 fordon. Under alla dessa \u00e5r har vi tack vare v\u00e5ra kunder och v\u00e5rt goda arbete vuxit...","protected":false},"author":3,"featured_media":0,"parent":0,"menu_order":0,"comment_status":"closed","ping_status":"closed","template":"","meta":{"_crdt_document":"","_joinchat":[],"footnotes":""},"class_list":["post-1904","page","type-page","status-publish","hentry"],"yoast_head":"<!-- This site is optimized with the Yoast SEO plugin v27.5 - https:\/\/yoast.com\/product\/yoast-seo-wordpress\/ -->\n<title>Vilka vi \u00e4r - Inmocoches<\/title>\n<meta name=\"robots\" content=\"index, follow, max-snippet:-1, max-image-preview:large, max-video-preview:-1\" \/>\n<link rel=\"canonical\" href=\"https:\/\/www.inmocochescarhire.com\/sv\/vilka-vi-ar\/\" \/>\n<meta property=\"og:locale\" content=\"sv_SE\" \/>\n<meta property=\"og:type\" content=\"article\" \/>\n<meta property=\"og:title\" content=\"Vilka vi \u00e4r - Inmocoches\" \/>\n<meta property=\"og:url\" content=\"https:\/\/www.inmocochescarhire.com\/sv\/vilka-vi-ar\/\" \/>\n<meta property=\"og:site_name\" content=\"Inmocoches\" \/>\n<meta property=\"article:modified_time\" content=\"2023-03-10T11:20:31+00:00\" \/>\n<meta name=\"twitter:card\" content=\"summary_large_image\" \/>\n<meta name=\"twitter:label1\" content=\"Ber\u00e4knad l\u00e4stid\" \/>\n\t<meta name=\"twitter:data1\" content=\"4 minuter\" \/>\n<script type=\"application\/ld+json\" class=\"yoast-schema-graph\">{\"@context\":\"https:\\\/\\\/schema.org\",\"@graph\":[{\"@type\":\"WebPage\",\"@id\":\"https:\\\/\\\/www.inmocochescarhire.com\\\/sv\\\/vilka-vi-ar\\\/\",\"url\":\"https:\\\/\\\/www.inmocochescarhire.com\\\/sv\\\/vilka-vi-ar\\\/\",\"name\":\"Vilka vi \u00e4r - Inmocoches\",\"isPartOf\":{\"@id\":\"https:\\\/\\\/www.inmocochescarhire.com\\\/sv\\\/#website\"},\"datePublished\":\"2022-12-20T10:18:34+00:00\",\"dateModified\":\"2023-03-10T11:20:31+00:00\",\"breadcrumb\":{\"@id\":\"https:\\\/\\\/www.inmocochescarhire.com\\\/sv\\\/vilka-vi-ar\\\/#breadcrumb\"},\"inLanguage\":\"sv-SE\",\"potentialAction\":[{\"@type\":\"ReadAction\",\"target\":[\"https:\\\/\\\/www.inmocochescarhire.com\\\/sv\\\/vilka-vi-ar\\\/\"]}]},{\"@type\":\"BreadcrumbList\",\"@id\":\"https:\\\/\\\/www.inmocochescarhire.com\\\/sv\\\/vilka-vi-ar\\\/#breadcrumb\",\"itemListElement\":[{\"@type\":\"ListItem\",\"position\":1,\"name\":\"Portada\",\"item\":\"https:\\\/\\\/www.inmocochescarhire.com\\\/sv\\\/\"},{\"@type\":\"ListItem\",\"position\":2,\"name\":\"Vilka vi \u00e4r\"}]},{\"@type\":\"WebSite\",\"@id\":\"https:\\\/\\\/www.inmocochescarhire.com\\\/sv\\\/#website\",\"url\":\"https:\\\/\\\/www.inmocochescarhire.com\\\/sv\\\/\",\"name\":\"Inmocoches\",\"description\":\"\",\"potentialAction\":[{\"@type\":\"SearchAction\",\"target\":{\"@type\":\"EntryPoint\",\"urlTemplate\":\"https:\\\/\\\/www.inmocochescarhire.com\\\/sv\\\/?s={search_term_string}\"},\"query-input\":{\"@type\":\"PropertyValueSpecification\",\"valueRequired\":true,\"valueName\":\"search_term_string\"}}],\"inLanguage\":\"sv-SE\"}]}<\/script>\n<!-- \/ Yoast SEO plugin. -->","yoast_head_json":{"title":"Vilka vi \u00e4r - Inmocoches","robots":{"index":"index","follow":"follow","max-snippet":"max-snippet:-1","max-image-preview":"max-image-preview:large","max-video-preview":"max-video-preview:-1"},"canonical":"https:\/\/www.inmocochescarhire.com\/sv\/vilka-vi-ar\/","og_locale":"sv_SE","og_type":"article","og_title":"Vilka vi \u00e4r - Inmocoches","og_url":"https:\/\/www.inmocochescarhire.com\/sv\/vilka-vi-ar\/","og_site_name":"Inmocoches","article_modified_time":"2023-03-10T11:20:31+00:00","twitter_card":"summary_large_image","twitter_misc":{"Ber\u00e4knad l\u00e4stid":"4 minuter"},"schema":{"@context":"https:\/\/schema.org","@graph":[{"@type":"WebPage","@id":"https:\/\/www.inmocochescarhire.com\/sv\/vilka-vi-ar\/","url":"https:\/\/www.inmocochescarhire.com\/sv\/vilka-vi-ar\/","name":"Vilka vi \u00e4r - Inmocoches","isPartOf":{"@id":"https:\/\/www.inmocochescarhire.com\/sv\/#website"},"datePublished":"2022-12-20T10:18:34+00:00","dateModified":"2023-03-10T11:20:31+00:00","breadcrumb":{"@id":"https:\/\/www.inmocochescarhire.com\/sv\/vilka-vi-ar\/#breadcrumb"},"inLanguage":"sv-SE","potentialAction":[{"@type":"ReadAction","target":["https:\/\/www.inmocochescarhire.com\/sv\/vilka-vi-ar\/"]}]},{"@type":"BreadcrumbList","@id":"https:\/\/www.inmocochescarhire.com\/sv\/vilka-vi-ar\/#breadcrumb","itemListElement":[{"@type":"ListItem","position":1,"name":"Portada","item":"https:\/\/www.inmocochescarhire.com\/sv\/"},{"@type":"ListItem","position":2,"name":"Vilka vi \u00e4r"}]},{"@type":"WebSite","@id":"https:\/\/www.inmocochescarhire.com\/sv\/#website","url":"https:\/\/www.inmocochescarhire.com\/sv\/","name":"Inmocoches","description":"","potentialAction":[{"@type":"SearchAction","target":{"@type":"EntryPoint","urlTemplate":"https:\/\/www.inmocochescarhire.com\/sv\/?s={search_term_string}"},"query-input":{"@type":"PropertyValueSpecification","valueRequired":true,"valueName":"search_term_string"}}],"inLanguage":"sv-SE"}]}},"_links":{"self":[{"href":"https:\/\/www.inmocochescarhire.com\/sv\/wp-json\/wp\/v2\/pages\/1904","targetHints":{"allow":["GET"]}}],"collection":[{"href":"https:\/\/www.inmocochescarhire.com\/sv\/wp-json\/wp\/v2\/pages"}],"about":[{"href":"https:\/\/www.inmocochescarhire.com\/sv\/wp-json\/wp\/v2\/types\/page"}],"author":[{"embeddable":true,"href":"https:\/\/www.inmocochescarhire.com\/sv\/wp-json\/wp\/v2\/users\/3"}],"replies":[{"embeddable":true,"href":"https:\/\/www.inmocochescarhire.com\/sv\/wp-json\/wp\/v2\/comments?post=1904"}],"version-history":[{"count":2,"href":"https:\/\/www.inmocochescarhire.com\/sv\/wp-json\/wp\/v2\/pages\/1904\/revisions"}],"predecessor-version":[{"id":1913,"href":"https:\/\/www.inmocochescarhire.com\/sv\/wp-json\/wp\/v2\/pages\/1904\/revisions\/1913"}],"wp:attachment":[{"href":"https:\/\/www.inmocochescarhire.com\/sv\/wp-json\/wp\/v2\/media?parent=1904"}],"curies":[{"name":"wp","href":"https:\/\/api.w.org\/{rel}","templated":true}]}}