{"id":2083,"date":"2022-09-30T13:48:17","date_gmt":"2022-09-30T11:48:17","guid":{"rendered":"http:\/\/www.inmocochescarhire.com\/evastekaytanto\/"},"modified":"2023-03-10T14:09:43","modified_gmt":"2023-03-10T12:09:43","slug":"evastekaytanto","status":"publish","type":"page","link":"https:\/\/www.inmocochescarhire.com\/fi\/evastekaytanto\/","title":{"rendered":"Ev\u00e4stek\u00e4yt\u00e4nt\u00f6"},"content":{"rendered":"<section class=\"l-section wpb_row height_medium\"><div class=\"l-section-h i-cf\"><div class=\"g-cols vc_row via_flex valign_top type_default stacking_default\"><div class=\"vc_col-sm-12 wpb_column vc_column_container\"><div class=\"vc_column-inner\"><div class=\"wpb_wrapper\">[vc_custom_heading text=&#8221;Ev\u00e4stek\u00e4yt\u00e4nt\u00f6&#8221; font_container=&#8221;tag:h1|text_align:left&#8221; use_theme_fonts=&#8221;yes&#8221;]<div class=\"wpb_text_column\"><div class=\"wpb_wrapper\"><p>Tietopalveluja ja s\u00e4hk\u00f6ist\u00e4 kaupank\u00e4ynti\u00e4 koskevan lain s\u00e4\u00e4nn\u00f6sten mukaisesti sek\u00e4 Euroopan unionin direktiivin 2009\/136\/EY ja Euroopan komitean suostumusta koskevien suuntaviivojen 05\/2020 tarkistusten mukaisesti URL_SITIO ilmoittaa sinulle ev\u00e4steiden k\u00e4yt\u00f6st\u00e4 sek\u00e4 siit\u00e4, ett\u00e4 annat suostumuksesi ev\u00e4steiden k\u00e4yt\u00f6n jatkamiselle pelk\u00e4st\u00e4\u00e4n jatkamalla t\u00e4m\u00e4n verkkosivuston selaamista.<\/p>\n<p>Ev\u00e4steet ovat pieni\u00e4 tiedostoja, jotka ladataan ja tallennetaan k\u00e4ytt\u00e4j\u00e4n tietokoneelle, kun h\u00e4n k\u00e4ytt\u00e4\u00e4 tiettyj\u00e4 verkkosivustoja, ja joiden tarkoituksena on tallentaa selaustietoja selaamisen helpottamiseksi, tietokoneen ja selaimen tunnistamiseksi tai tietojen ker\u00e4\u00e4miseksi tilastollisia tarkoituksia varten. Virukset tai j\u00e4rjestelm\u00e4t eiv\u00e4t miss\u00e4\u00e4n tapauksessa ole k\u00e4ytt\u00e4j\u00e4lle haitallisia.<\/p>\n<p>Hyv\u00e4ksym\u00e4ll\u00e4 ev\u00e4steilmoituksen, joka n\u00e4kyy verkkosivuston selaamisen alussa, tai m\u00e4\u00e4ritt\u00e4m\u00e4ll\u00e4 ev\u00e4steet t\u00e4ll\u00e4 sivustolla, hyv\u00e4ksyt nimenomaisesti n\u00e4iden ev\u00e4steiden k\u00e4yt\u00f6n laitteissasi. Jos poistat ev\u00e4steet k\u00e4yt\u00f6st\u00e4, verkkosivuston selaaminen ei v\u00e4ltt\u00e4m\u00e4tt\u00e4 ole optimaalista ja jotkin verkkosivustolla k\u00e4ytett\u00e4viss\u00e4 olevat apuohjelmat eiv\u00e4t ehk\u00e4 toimi oikein.<\/p>\n<h2>Ev\u00e4stetyypit (l\u00e4hde Agencia Espa\u00f1ola de Protecci\u00f3n de Datos)<\/h2>\n<h3>1. Ev\u00e4stetyypit niit\u00e4 hallinnoivan tahon mukaan.<\/h3>\n<p>Riippuen siit\u00e4, mik\u00e4 taho hallinnoi laitetta tai verkkotunnusta, josta ev\u00e4steet l\u00e4hetet\u00e4\u00e4n, ja k\u00e4sittelee saatuja tietoja, voimme erottaa toisistaan:<\/p>\n<p>&#8211; <u>Omat ev\u00e4steet:<\/u> N\u00e4m\u00e4 ovat ev\u00e4steit\u00e4, jotka l\u00e4hetet\u00e4\u00e4n k\u00e4ytt\u00e4j\u00e4n p\u00e4\u00e4telaitteelle editorin itsens\u00e4 hallinnoimalta tietokoneelta tai verkkotunnukselta, josta k\u00e4ytt\u00e4j\u00e4n pyyt\u00e4m\u00e4 palvelu tarjotaan.<\/p>\n<p>&#8211; <u>Kolmannen osapuolen ev\u00e4steet:<\/u> N\u00e4m\u00e4 ovat ev\u00e4steit\u00e4, jotka l\u00e4hetet\u00e4\u00e4n k\u00e4ytt\u00e4j\u00e4n p\u00e4\u00e4telaitteelle tietokoneelta tai verkkotunnuksesta, jota ei hallinnoi toimittaja vaan toinen yksikk\u00f6, joka k\u00e4sittelee ev\u00e4steiden avulla saatuja tietoja.<\/p>\n<p>Jos ev\u00e4steet on asennettu editorin itsens\u00e4 hallinnoimalta tietokoneelta tai verkkotunnukselta, mutta niiden avulla ker\u00e4ttyj\u00e4 tietoja hallinnoi kolmas osapuoli, niit\u00e4 ei voida pit\u00e4\u00e4 omina ev\u00e4stein\u00e4\u00e4n.<\/p>\n<h3>2. Ev\u00e4stetyypit sen mukaan, kuinka kauan ne pysyv\u00e4t aktiivisina.<\/h3>\n<p>Riippuen siit\u00e4, kuinka kauan ne pysyv\u00e4t aktivoituina p\u00e4\u00e4telaitteessa, voidaan <u>erottaa<\/u>:<\/p>\n<p>&#8211; <u>Istuntoev\u00e4steet:<\/u> N\u00e4m\u00e4 ovat ev\u00e4stetyyppej\u00e4, jotka on suunniteltu ker\u00e4\u00e4m\u00e4\u00e4n ja tallentamaan tietoja, kun k\u00e4ytt\u00e4j\u00e4 k\u00e4ytt\u00e4\u00e4 verkkosivua.<\/p>\n<p>Niit\u00e4 k\u00e4ytet\u00e4\u00e4n yleens\u00e4 sellaisten tietojen tallentamiseen, jotka ovat merkityksellisi\u00e4 vain k\u00e4ytt\u00e4j\u00e4n pyyt\u00e4m\u00e4n palvelun tarjoamisen kannalta yhdell\u00e4 kertaa (esim. luettelo ostetuista tuotteista).<\/p>\n<p>&#8211; <u>Pysyv\u00e4t ev\u00e4steet<\/u>: N\u00e4m\u00e4 ovat ev\u00e4stetyyppej\u00e4, joissa tiedot s\u00e4ilyv\u00e4t p\u00e4\u00e4telaitteessa, ja niit\u00e4 voidaan k\u00e4ytt\u00e4\u00e4 ja k\u00e4sitell\u00e4 ev\u00e4steest\u00e4 vastaavan osapuolen m\u00e4\u00e4rittelem\u00e4n ajanjakson ajan, joka voi vaihdella muutamasta minuutista useisiin vuosiin.<\/p>\n<h3>3. Ev\u00e4stetyypit k\u00e4ytt\u00f6tarkoituksen mukaan<\/h3>\n<p>Ev\u00e4steiden avulla saatujen tietojen k\u00e4sittelyn tarkoituksesta riippuen voidaan erottaa seuraavat:<\/p>\n<p>&#8211; <u>Tekniset ev\u00e4steet<\/u>:  Niiden avulla k\u00e4ytt\u00e4j\u00e4 voi selata verkkosivustoa, alustaa tai sovellusta ja k\u00e4ytt\u00e4\u00e4 siin\u00e4 olevia eri vaihtoehtoja tai palveluja, kuten esimerkiksi liikenteen ja tiedonsiirron ohjaaminen, istunnon tunnistaminen, p\u00e4\u00e4sy rajoitetun p\u00e4\u00e4syn alueille, tilauksen muodostavien elementtien muistaminen, tilauksen ostoprosessin suorittaminen, rekister\u00f6intihakemuksen tekeminen tai tapahtumaan osallistuminen, turvaelementtien k\u00e4ytt\u00e4minen selauksen aikana, sis\u00e4ll\u00f6n tallentaminen videoiden tai \u00e4\u00e4nen l\u00e4hett\u00e4mist\u00e4 varten tai sis\u00e4ll\u00f6n jakaminen sosiaalisten verkostojen kautta.<\/p>\n<p><u>&#8211; Henkil\u00f6kohtaistamisev\u00e4steet:<\/u>  N\u00e4iden avulla k\u00e4ytt\u00e4j\u00e4 voi k\u00e4ytt\u00e4\u00e4 palvelua, jolla on joitakin yleisi\u00e4 ominaisuuksia, jotka on m\u00e4\u00e4ritetty ennalta k\u00e4ytt\u00e4j\u00e4n p\u00e4\u00e4telaitteessa olevien kriteerien perusteella, kuten kieli, palveluun p\u00e4\u00e4syss\u00e4 k\u00e4ytett\u00e4v\u00e4n selaimen tyyppi, alueellinen konfiguraatio, josta palvelua k\u00e4ytet\u00e4\u00e4n, jne.<\/p>\n<p>&#8211; <u>Analyysiev\u00e4steet:<\/u> N\u00e4iden ev\u00e4steiden avulla niist\u00e4 vastaava taho voi seurata ja analysoida niiden verkkosivustojen k\u00e4ytt\u00e4jien k\u00e4ytt\u00e4ytymist\u00e4, joihin ne on linkitetty. T\u00e4m\u00e4ntyyppisten ev\u00e4steiden avulla ker\u00e4ttyj\u00e4 tietoja k\u00e4ytet\u00e4\u00e4n verkkosivustojen, sovellusten tai alustojen toiminnan mittaamiseen ja n\u00e4iden sivustojen, sovellusten ja alustojen k\u00e4ytt\u00e4jien selausprofiilien laatimiseen, jotta voidaan tehd\u00e4 parannuksia, jotka perustuvat palvelun k\u00e4ytt\u00e4jien k\u00e4ytt\u00f6\u00e4 koskevien tietojen analysointiin.<\/p>\n<p>Inmocoches S.L. k\u00e4ytt\u00e4\u00e4 ev\u00e4steit\u00e4 erityisesti alla mainittuihin tarkoituksiin. Jos tulevaisuudessa k\u00e4ytet\u00e4\u00e4n muita tekniikoita uusien ja parempien palvelujen tarjoamiseksi, k\u00e4ytt\u00e4j\u00e4lle ilmoitetaan t\u00e4st\u00e4.<\/p>\n<h3>4. Tekniset ev\u00e4steet<\/h3>\n<p>Tekniset ev\u00e4steet ovat v\u00e4ltt\u00e4m\u00e4tt\u00f6mi\u00e4, jotta voit liikkua verkkosivustolla ja k\u00e4ytt\u00e4\u00e4 sen toimintoja. Yleens\u00e4 n\u00e4m\u00e4 ev\u00e4steet mahdollistavat verkkosivuston eri toiminnot, tekev\u00e4t selaamisesta turvallisempaa tai tarjoavat k\u00e4ytt\u00e4j\u00e4n aiemmin pyyt\u00e4mi\u00e4 toimintoja. Koska ne ovat v\u00e4ltt\u00e4m\u00e4tt\u00f6mi\u00e4 sivuston toiminnalle, n\u00e4m\u00e4 ev\u00e4steet ovat oletusarvoisesti k\u00e4yt\u00f6ss\u00e4, eik\u00e4 niit\u00e4 voi kielt\u00e4\u00e4.<\/p>\n<p>T\u00e4m\u00e4 sivusto k\u00e4ytt\u00e4\u00e4 teknisi\u00e4 ev\u00e4steit\u00e4, joita tarvitaan:<\/p>\n<ul>\n<li>varmistaa verkkosivustomme turvallinen ja keskeytym\u00e4t\u00f6n selailu;<\/li>\n<li>tallentaa k\u00e4ytt\u00e4j\u00e4n asetukset, jotka koskevat sivuston ev\u00e4steiden konfigurointia, hyv\u00e4ksymist\u00e4 tai hylk\u00e4\u00e4mist\u00e4.<\/li>\n<li>Jaa sis\u00e4lt\u00f6\u00e4 (kuten artikkeleita ja blogikirjoituksia) eri sosiaalisissa verkostoissa (kuten Twitteriss\u00e4 tai Facebookissa).<\/li>\n<\/ul>\n<h3>5. Analyyttiset ev\u00e4steet<\/h3>\n<p>N\u00e4iden ev\u00e4steiden avulla voidaan seurata ja analysoida verkkosivustoa selaavien k\u00e4ytt\u00e4jien k\u00e4ytt\u00e4ytymist\u00e4. T\u00e4m\u00e4ntyyppisten ev\u00e4steiden avulla ker\u00e4ttyj\u00e4 tietoja k\u00e4ytet\u00e4\u00e4n verkkosivuston, sovelluksen tai alustan toiminnan mittaamiseen, jotta voidaan tehd\u00e4 parannuksia palvelun k\u00e4ytt\u00e4jien k\u00e4ytt\u00f6\u00e4 koskevien tietojen analysoinnin perusteella.<\/p>\n<h2>Inmocoches S.L.:n k\u00e4ytt\u00e4m\u00e4t ev\u00e4steet.<\/h2>\n<table class=\"table\">\n<thead>\n<tr>\n<th>COOKIE<\/th>\n<th>TAVOITE<\/th>\n<th>OMISTAJA<\/th>\n<\/tr>\n<\/thead>\n<tbody>\n<tr>\n<td>NID<\/td>\n<td>Ker\u00e4\u00e4 tietoja verkkosivuston sis\u00e4lt\u00e4m\u00e4\u00e4 Google-hakukonetta varten (Google CSE). Mukaan lukien Google Mapsin k\u00e4ytt\u00f6. Pysyv\u00e4t ev\u00e4steet.<\/td>\n<td>Google-ev\u00e4ste. +info: http:\/\/www.google.es\/intl\/es\/policies\/technologies\/types\/<\/td>\n<\/tr>\n<tr>\n<td>_ga, _gat, _gid, _secure_3PAPSID, _secure_3PSID, _secure_3PSID<\/td>\n<td>Google Analyticsin k\u00e4ytt\u00e4m\u00e4t ev\u00e4steet, jotka sis\u00e4lt\u00e4v\u00e4t anonyymin tunnisteen, jota k\u00e4ytet\u00e4\u00e4n k\u00e4ytt\u00e4jien erottamiseen. Ne ovat luonteeltaan analyyttisi\u00e4 ja tilastollisia. Kesto: _ga: 2 vuotta\/ _gat:10 minuuttia\/ _gid:24 h\/ __SEGURE 3PAPSID 18 kuukautta\/ __SECURE 3PISID 1 vuosi;<\/td>\n<td rowspan=\"2\">GOOGLE ANALYTICS: Ty\u00f6kalu, joka auttaa verkkosivuston omistajia mittaamaan, miten k\u00e4ytt\u00e4j\u00e4t ovat vuorovaikutuksessa sivuston sis\u00e4ll\u00f6n kanssa. Google Analytics on Google Inc:n tarjoama web-analyysipalvelu. jonka kotipaikka on Yhdysvallat ja p\u00e4\u00e4toimipaikka on osoitteessa 1600 Amphitheatre Parkway, Mountain View, California 94043. N\u00e4iden palveluiden tarjoamiseksi ne k\u00e4ytt\u00e4v\u00e4t ev\u00e4steit\u00e4, jotka ker\u00e4\u00e4v\u00e4t tietoja, kuten k\u00e4ytt\u00e4j\u00e4n IP-osoitteen, jotka Google siirt\u00e4\u00e4, k\u00e4sittelee ja tallentaa Google.com-sivustolla m\u00e4\u00e4ritellyin ehdoin. Mukaan lukien t\u00e4llaisten tietojen mahdollinen siirt\u00e4minen kolmansille osapuolille Gat_gtag_UA:n syist\u00e4 Sis\u00e4lt\u00e4\u00e4 k\u00e4ytt\u00e4j\u00e4\u00e4n liittyvi\u00e4 kampanjatietoja. Jos olet yhdist\u00e4nyt Google Analytics- ja AdWords-tilej\u00e4si, verkkosivuston muuntotunnisteet lukevat t\u00e4t\u00e4 ev\u00e4stett\u00e4, ellet poista sit\u00e4 k\u00e4yt\u00f6st\u00e4. Kesto 90 p\u00e4iv\u00e4\u00e4 lakis\u00e4\u00e4teinen vaatimus tai jos t\u00e4llaiset kolmannet osapuolet k\u00e4sittelev\u00e4t tietoja Googlen puolesta.<\/td>\n<\/tr>\n<tr>\n<td>Gat_gtag_UA<\/td>\n<td>Se sis\u00e4lt\u00e4\u00e4 k\u00e4ytt\u00e4j\u00e4\u00e4n liittyvi\u00e4 kampanjatietoja. Jos olet yhdist\u00e4nyt Google Analytics- ja AdWords-tilej\u00e4si, verkkosivuston muuntotunnisteet lukevat t\u00e4t\u00e4 ev\u00e4stett\u00e4, ellet poista sit\u00e4 k\u00e4yt\u00f6st\u00e4. Kesto 90 p\u00e4iv\u00e4\u00e4<\/td>\n<td><\/td>\n<\/tr>\n<tr>\n<td>Optanonalertboxclosed, optanonconsent, SBvirtudtelf, Eupubsonsent<\/td>\n<td>Ev\u00e4steiden hallintamoduulin asentamat ev\u00e4steet, joita k\u00e4ytet\u00e4\u00e4n k\u00e4ytt\u00e4j\u00e4n valintojen tallentamiseen ja m\u00e4\u00e4ritt\u00e4miseen. Kesto yksi vuosi<\/td>\n<td>YKSI TURSTI: https:\/\/www.onetrust.com\/privacy\/<\/td>\n<\/tr>\n<\/tbody>\n<\/table>\n<h2>Ev\u00e4steiden poiston valvonta<\/h2>\n<p>Ev\u00e4steasetukset-moduulin avulla voit kielt\u00e4yty\u00e4 hyv\u00e4ksym\u00e4st\u00e4 tai hyv\u00e4ksy\u00e4 ev\u00e4steit\u00e4, jotka edellytt\u00e4v\u00e4t suostumustasi. Voit my\u00f6s est\u00e4\u00e4 ja poistaa ev\u00e4steit\u00e4 muuttamalla selaimesi asetuksia. Ev\u00e4steiden hallitsemiseksi useimmat selaimet antavat sinulle mahdollisuuden kielt\u00e4yty\u00e4 kaikista ev\u00e4steist\u00e4 tai hyv\u00e4ksy\u00e4 ne tai hyv\u00e4ksy\u00e4 vain tietyntyyppiset ev\u00e4steet. Ev\u00e4steiden hallinta- ja poistoprosessi l\u00f6ytyy selaimen integroidusta ohjetoiminnosta. Jos haluat rajoittaa ev\u00e4steiden k\u00e4ytt\u00f6\u00e4, et voi k\u00e4ytt\u00e4\u00e4 kaikkia verkkosivustomme interaktiivisia ominaisuuksia.<\/p>\n<p>Voit my\u00f6s sallia, est\u00e4\u00e4 tai poistaa tietokoneellesi asennetut ev\u00e4steet m\u00e4\u00e4ritt\u00e4m\u00e4ll\u00e4 tietokoneellesi asennetun selaimen asetukset:<\/p>\n<p>Firefox: https:\/\/support.mozilla.org\/es\/kb\/habilitar-y-deshabilitar-cookies-sitios-web&#8230;<\/p>\n<p>Kromi: https:\/\/support.google.com\/accounts\/answer\/61416?hl=es<\/p>\n<p>Explorer: https:\/\/support.microsoft.com\/es-es\/help\/17442\/windows-internet-explorer-dele<\/p>\n<p>Safari: https:\/\/support.apple.com\/es-es\/guide\/safari\/sfri11471\/mac<\/p>\n<p>Opera: https:\/\/help.opera.com\/Windows\/11.50\/es-ES\/cookies.html<\/p>\n<\/div><\/div><\/div><\/div><\/div><\/div><\/div><\/section>\n","protected":false},"excerpt":{"rendered":"[vc_custom_heading text=\"Ev\u00e4stek\u00e4yt\u00e4nt\u00f6\" font_container=\"tag:h1|text_align:left\" use_theme_fonts=\"yes\"]Tietopalveluja ja s\u00e4hk\u00f6ist\u00e4 kaupank\u00e4ynti\u00e4 koskevan lain s\u00e4\u00e4nn\u00f6sten mukaisesti sek\u00e4 Euroopan unionin direktiivin 2009\/136\/EY ja Euroopan komitean suostumusta koskevien suuntaviivojen 05\/2020 tarkistusten mukaisesti URL_SITIO ilmoittaa sinulle ev\u00e4steiden k\u00e4yt\u00f6st\u00e4 sek\u00e4 siit\u00e4, ett\u00e4 annat suostumuksesi ev\u00e4steiden k\u00e4yt\u00f6n jatkamiselle pelk\u00e4st\u00e4\u00e4n jatkamalla t\u00e4m\u00e4n verkkosivuston selaamista. Ev\u00e4steet ovat pieni\u00e4 tiedostoja, jotka ladataan ja tallennetaan k\u00e4ytt\u00e4j\u00e4n tietokoneelle, kun h\u00e4n...","protected":false},"author":3,"featured_media":0,"parent":0,"menu_order":0,"comment_status":"closed","ping_status":"open","template":"","meta":{"_crdt_document":"","_joinchat":[],"footnotes":""},"class_list":["post-2083","page","type-page","status-publish","hentry"],"yoast_head":"<!-- This site is optimized with the Yoast SEO plugin v27.5 - https:\/\/yoast.com\/product\/yoast-seo-wordpress\/ -->\n<title>Ev\u00e4stek\u00e4yt\u00e4nt\u00f6 - Inmocoches<\/title>\n<meta name=\"robots\" content=\"noindex, follow\" \/>\n<meta property=\"og:locale\" content=\"fi_FI\" \/>\n<meta property=\"og:type\" content=\"article\" \/>\n<meta property=\"og:title\" content=\"Ev\u00e4stek\u00e4yt\u00e4nt\u00f6 - Inmocoches\" \/>\n<meta property=\"og:url\" content=\"https:\/\/www.inmocochescarhire.com\/fi\/evastekaytanto\/\" \/>\n<meta property=\"og:site_name\" content=\"Inmocoches\" \/>\n<meta property=\"article:modified_time\" content=\"2023-03-10T12:09:43+00:00\" \/>\n<meta name=\"twitter:card\" content=\"summary_large_image\" \/>\n<meta name=\"twitter:label1\" content=\"Arvioitu lukuaika\" \/>\n\t<meta name=\"twitter:data1\" content=\"7 minuuttia\" \/>\n<script type=\"application\/ld+json\" class=\"yoast-schema-graph\">{\"@context\":\"https:\\\/\\\/schema.org\",\"@graph\":[{\"@type\":\"WebPage\",\"@id\":\"https:\\\/\\\/www.inmocochescarhire.com\\\/fi\\\/evastekaytanto\\\/\",\"url\":\"https:\\\/\\\/www.inmocochescarhire.com\\\/fi\\\/evastekaytanto\\\/\",\"name\":\"Ev\u00e4stek\u00e4yt\u00e4nt\u00f6 - Inmocoches\",\"isPartOf\":{\"@id\":\"https:\\\/\\\/www.inmocochescarhire.com\\\/fi\\\/#website\"},\"datePublished\":\"2022-09-30T11:48:17+00:00\",\"dateModified\":\"2023-03-10T12:09:43+00:00\",\"breadcrumb\":{\"@id\":\"https:\\\/\\\/www.inmocochescarhire.com\\\/fi\\\/evastekaytanto\\\/#breadcrumb\"},\"inLanguage\":\"fi\",\"potentialAction\":[{\"@type\":\"ReadAction\",\"target\":[\"https:\\\/\\\/www.inmocochescarhire.com\\\/fi\\\/evastekaytanto\\\/\"]}]},{\"@type\":\"BreadcrumbList\",\"@id\":\"https:\\\/\\\/www.inmocochescarhire.com\\\/fi\\\/evastekaytanto\\\/#breadcrumb\",\"itemListElement\":[{\"@type\":\"ListItem\",\"position\":1,\"name\":\"Portada\",\"item\":\"https:\\\/\\\/www.inmocochescarhire.com\\\/fi\\\/\"},{\"@type\":\"ListItem\",\"position\":2,\"name\":\"Ev\u00e4stek\u00e4yt\u00e4nt\u00f6\"}]},{\"@type\":\"WebSite\",\"@id\":\"https:\\\/\\\/www.inmocochescarhire.com\\\/fi\\\/#website\",\"url\":\"https:\\\/\\\/www.inmocochescarhire.com\\\/fi\\\/\",\"name\":\"Inmocoches\",\"description\":\"\",\"potentialAction\":[{\"@type\":\"SearchAction\",\"target\":{\"@type\":\"EntryPoint\",\"urlTemplate\":\"https:\\\/\\\/www.inmocochescarhire.com\\\/fi\\\/?s={search_term_string}\"},\"query-input\":{\"@type\":\"PropertyValueSpecification\",\"valueRequired\":true,\"valueName\":\"search_term_string\"}}],\"inLanguage\":\"fi\"}]}<\/script>\n<!-- \/ Yoast SEO plugin. -->","yoast_head_json":{"title":"Ev\u00e4stek\u00e4yt\u00e4nt\u00f6 - Inmocoches","robots":{"index":"noindex","follow":"follow"},"og_locale":"fi_FI","og_type":"article","og_title":"Ev\u00e4stek\u00e4yt\u00e4nt\u00f6 - Inmocoches","og_url":"https:\/\/www.inmocochescarhire.com\/fi\/evastekaytanto\/","og_site_name":"Inmocoches","article_modified_time":"2023-03-10T12:09:43+00:00","twitter_card":"summary_large_image","twitter_misc":{"Arvioitu lukuaika":"7 minuuttia"},"schema":{"@context":"https:\/\/schema.org","@graph":[{"@type":"WebPage","@id":"https:\/\/www.inmocochescarhire.com\/fi\/evastekaytanto\/","url":"https:\/\/www.inmocochescarhire.com\/fi\/evastekaytanto\/","name":"Ev\u00e4stek\u00e4yt\u00e4nt\u00f6 - Inmocoches","isPartOf":{"@id":"https:\/\/www.inmocochescarhire.com\/fi\/#website"},"datePublished":"2022-09-30T11:48:17+00:00","dateModified":"2023-03-10T12:09:43+00:00","breadcrumb":{"@id":"https:\/\/www.inmocochescarhire.com\/fi\/evastekaytanto\/#breadcrumb"},"inLanguage":"fi","potentialAction":[{"@type":"ReadAction","target":["https:\/\/www.inmocochescarhire.com\/fi\/evastekaytanto\/"]}]},{"@type":"BreadcrumbList","@id":"https:\/\/www.inmocochescarhire.com\/fi\/evastekaytanto\/#breadcrumb","itemListElement":[{"@type":"ListItem","position":1,"name":"Portada","item":"https:\/\/www.inmocochescarhire.com\/fi\/"},{"@type":"ListItem","position":2,"name":"Ev\u00e4stek\u00e4yt\u00e4nt\u00f6"}]},{"@type":"WebSite","@id":"https:\/\/www.inmocochescarhire.com\/fi\/#website","url":"https:\/\/www.inmocochescarhire.com\/fi\/","name":"Inmocoches","description":"","potentialAction":[{"@type":"SearchAction","target":{"@type":"EntryPoint","urlTemplate":"https:\/\/www.inmocochescarhire.com\/fi\/?s={search_term_string}"},"query-input":{"@type":"PropertyValueSpecification","valueRequired":true,"valueName":"search_term_string"}}],"inLanguage":"fi"}]}},"_links":{"self":[{"href":"https:\/\/www.inmocochescarhire.com\/fi\/wp-json\/wp\/v2\/pages\/2083","targetHints":{"allow":["GET"]}}],"collection":[{"href":"https:\/\/www.inmocochescarhire.com\/fi\/wp-json\/wp\/v2\/pages"}],"about":[{"href":"https:\/\/www.inmocochescarhire.com\/fi\/wp-json\/wp\/v2\/types\/page"}],"author":[{"embeddable":true,"href":"https:\/\/www.inmocochescarhire.com\/fi\/wp-json\/wp\/v2\/users\/3"}],"replies":[{"embeddable":true,"href":"https:\/\/www.inmocochescarhire.com\/fi\/wp-json\/wp\/v2\/comments?post=2083"}],"version-history":[{"count":1,"href":"https:\/\/www.inmocochescarhire.com\/fi\/wp-json\/wp\/v2\/pages\/2083\/revisions"}],"predecessor-version":[{"id":2090,"href":"https:\/\/www.inmocochescarhire.com\/fi\/wp-json\/wp\/v2\/pages\/2083\/revisions\/2090"}],"wp:attachment":[{"href":"https:\/\/www.inmocochescarhire.com\/fi\/wp-json\/wp\/v2\/media?parent=2083"}],"curies":[{"name":"wp","href":"https:\/\/api.w.org\/{rel}","templated":true}]}}