{"id":2071,"date":"2022-09-30T10:24:42","date_gmt":"2022-09-30T08:24:42","guid":{"rendered":"http:\/\/www.inmocochescarhire.com\/tietosuojakaytanto\/"},"modified":"2023-03-10T14:09:43","modified_gmt":"2023-03-10T12:09:43","slug":"tietosuojakaytanto","status":"publish","type":"page","link":"https:\/\/www.inmocochescarhire.com\/fi\/tietosuojakaytanto\/","title":{"rendered":"Tietosuojak\u00e4yt\u00e4nt\u00f6"},"content":{"rendered":"<section class=\"l-section wpb_row height_medium\"><div class=\"l-section-h i-cf\"><div class=\"g-cols vc_row via_flex valign_top type_default stacking_default\"><div class=\"vc_col-sm-12 wpb_column vc_column_container\"><div class=\"vc_column-inner\"><div class=\"wpb_wrapper\">[vc_custom_heading text=&#8221;Tietosuojak\u00e4yt\u00e4nt\u00f6&#8221; font_container=&#8221;tag:h1|text_align:left&#8221; use_theme_fonts=&#8221;yes&#8221;]<div class=\"wpb_text_column\"><div class=\"wpb_wrapper\"><p><strong>Tietoja tietosuojak\u00e4yt\u00e4nn\u00f6st\u00e4mme ja tietosuojak\u00e4yt\u00e4nn\u00f6st\u00e4mme:<\/strong><\/p>\n<p>Inmocoches S.L. noudattaa luonnollisten henkil\u00f6iden suojelusta 27. huhtikuuta 2016 annetussa Euroopan parlamentin ja neuvoston asetuksessa (EU) 2016\/679 ja 5. joulukuuta 2018 annetussa orgaanisessa laissa 3\/2018, joka koskee henkil\u00f6tietojen suojaa ja digitaalisten oikeuksien takaamista, asetettuja velvoitteita henkil\u00f6tietojen k\u00e4sittelyn ja muun sovellettavan lains\u00e4\u00e4d\u00e4nn\u00f6n sek\u00e4 kulloinkin voimassa olevien sovellettavien s\u00e4\u00e4nn\u00f6sten osalta, ja takaa kaikkien asianosaisten velvollisuuksien ja oikeuksien noudattamisen henkil\u00f6tietojen k\u00e4sittelyn osalta. Tietoyhteiskunnan palveluista ja s\u00e4hk\u00f6isest\u00e4 kaupank\u00e4ynnist\u00e4 11. hein\u00e4kuuta 2002 annetun lain 34\/2002 s\u00e4\u00e4nn\u00f6sten mukaisesti Inmocoches S.L. pyyt\u00e4\u00e4 k\u00e4ytt\u00e4j\u00e4lt\u00e4 ennakkosuostumusta kaupallisen viestinn\u00e4n l\u00e4hett\u00e4miseen, jos sellaista tapahtuu, ja noudattaa samalla kaikkia k\u00e4ytt\u00e4jien velvollisuuksia ja oikeuksia.<\/p>\n<p>Edell\u00e4 esitetyn perusteella k\u00e4ytt\u00e4jille, jotka haluavat k\u00e4ytt\u00e4\u00e4 Inmocoches S.L.:n tarjoamia eri palveluja, ilmoitetaan tiedot, jotka koskevat rekisterin vastuuhenkil\u00f6n tunnistamista, heid\u00e4n tietojensa k\u00e4sittelyn tarkoituksia sek\u00e4 mahdollisuutta k\u00e4ytt\u00e4\u00e4 oikeuksiaan saada tietoja, oikaista niit\u00e4, peruuttaa ne ja vastustaa niit\u00e4 rekisterin vastuuhenkil\u00f6n edess\u00e4, ja kaikki n\u00e4m\u00e4 tiedot on annettava lukemalla ja hyv\u00e4ksym\u00e4ll\u00e4 etuk\u00e4teen yhteis\u00f6n tietosuojak\u00e4yt\u00e4nt\u00f6, josta heille on tiedotettu asianmukaisesti.<\/p>\n<h2>1. Rekisterinpit\u00e4j\u00e4<\/h2>\n<p><strong>Inmocoches S.L.<\/strong><br \/>CIF: B-92860949<br \/>Tlf: 952 587 333<br \/>Calle Hern\u00e1n Cort\u00e9s 3 Edificio La Fuente Bajo 01 Fuengirola M\u00e1laga M\u00e1laga 20640<br \/>S\u00e4hk\u00f6posti: info@inmocochescarhire.com<br \/>Kaupparekisteri REKISTER\u00d6INTITIEDOT<\/p>\n<h2>2. Tietojen k\u00e4sittelyn tarkoitus<\/h2>\n<p>Henkil\u00f6tietojesi k\u00e4sittelyn p\u00e4\u00e4tarkoitus on mahdollisuus luoda yhteydenpito kanssasi, jotta voimme vastata yhteydenottopyynt\u00f6\u00f6si t\u00e4t\u00e4 tarkoitusta varten laaditulla lomakkeella tai vastata pyyt\u00e4m\u00e4\u00e4si liikesuhteeseen. Henkil\u00f6tietojasi s\u00e4ilytet\u00e4\u00e4n j\u00e4rjestelmiss\u00e4mme k\u00e4sittely\u00e4 varten niin kauan kuin suhde yritykseemme s\u00e4ilyy.<\/p>\n<p>Lis\u00e4ksi, jos olet nimenomaisesti antanut siihen luvan, tietojasi k\u00e4sitell\u00e4\u00e4n, jotta sinulle voidaan l\u00e4hett\u00e4\u00e4 mill\u00e4 tahansa tavalla, my\u00f6s s\u00e4hk\u00f6isesti, kaupallisia viestej\u00e4, joissa kerrotaan Inmocoches S.L:n tarjoamista tuotteista ja\/tai palveluista.<\/p>\n<p>Voit peruuttaa my\u00f6nnetyt suostumukset yksinkertaisesta pyynn\u00f6st\u00e4si ottamalla yhteytt\u00e4 Inmocoches S.L.:\u00e4\u00e4n mihin tahansa t\u00e4m\u00e4n lausekkeen 1 kohdassa mainittuun osoitteeseen, jossa on ilmoitettu kyseisen yksik\u00f6n yhteystiedot.<\/p>\n<h2>3. Tietojesi k\u00e4sittelyn oikeutuksen perusteet<\/h2>\n<p>Tietojesi k\u00e4sittely p\u00e4\u00e4asiallista tarkoitusta varten on oikeutettua osapuolten v\u00e4lisen sopimussuhteen perusteella ja lis\u00e4tarkoitusta varten suostumuksella, jonka annat k\u00e4ytt\u00e4m\u00e4ll\u00e4 Inmocoches S.L.:n t\u00e4t\u00e4 tarkoitusta varten tarjoamia yhteydenottolomakkeita, joita varten sinun on t\u00e4ytynyt antaa meille pakollisissa kentiss\u00e4 vaaditut tiedot eli henkil\u00f6llisyystietosi ja yhteystietosi, joita tarvitsematta emme voi k\u00e4sitell\u00e4 pyynt\u00f6\u00e4si.<\/p>\n<p>Antamalla meille tietosi vakuutat, ett\u00e4 olet n\u00e4iden tietojen omistaja, ett\u00e4 ne ovat totuudenmukaisia ja ett\u00e4 ne ovat t\u00e4ysin ajan tasalla. Lomakkeella ker\u00e4tyt tiedot ovat asianmukaisia, olennaisia eiv\u00e4tk\u00e4 liioiteltuja suhteessa niihin tarkoituksiin, joita varten niit\u00e4 k\u00e4sitell\u00e4\u00e4n t\u00e4m\u00e4n lausekkeen 2 kohdan mukaisesti. Inmocoches S.L. peruuttaa tai oikaisee tiedot, jos ne ovat ep\u00e4tarkkoja, ep\u00e4t\u00e4ydellisi\u00e4 tai jos ne eiv\u00e4t ole en\u00e4\u00e4 tarpeellisia tai merkityksellisi\u00e4 niiden k\u00e4ytt\u00f6tarkoituksen kannalta.<\/p>\n<p>Edell\u00e4 esitetyn perusteella tiedot s\u00e4ilytet\u00e4\u00e4n j\u00e4rjestelmiss\u00e4mme k\u00e4sittely\u00e4 varten niin kauan kuin suhde s\u00e4ilyy ilmoitettua tarkoitusta varten tai pakottavista oikeutetuista syist\u00e4 tai mahdollisten vaateiden esitt\u00e4mist\u00e4 tai puolustamista varten. Kun tietojen s\u00e4ilytt\u00e4misvelvollisuus on p\u00e4\u00e4ttynyt, tietosi voidaan poistaa tietokannastamme tai tarvittaessa anonymisoida.<\/p>\n<p>Tietojen k\u00e4sittely s\u00e4hk\u00f6isten uutiskirjeiden l\u00e4hett\u00e4miseksi palveluista, tapahtumista ja uutisista, jotka liittyv\u00e4t ammatilliseen toimintaamme, perustuu Inmocoches S.L.:n oikeutettuun etuun suorittaa t\u00e4llainen k\u00e4sittely voimassa olevien s\u00e4\u00e4nn\u00f6sten mukaisesti. Tietojasi s\u00e4ilytet\u00e4\u00e4n niin kauan kuin liikesuhde on olemassa, etusi on olemassa ja et voi peruuttaa tietoja.<\/p>\n<h2>4. Tietojesi vastaanottajat<\/h2>\n<p>Inmocoches S.L.:n omistamien yksik\u00f6iden v\u00e4lill\u00e4 voi tapahtua siirtoja oikeutetun yrityksen edun vuoksi, jotta pyydetyt palvelut voidaan tarjota. Tietoja ei luovuteta muille kolmansille osapuolille, ellei siihen ole lakis\u00e4\u00e4teist\u00e4 velvoitetta. Kansainv\u00e4lisi\u00e4 tiedonsiirtoja ei tapahdu, paitsi ett\u00e4 Inmocoches S.L. voi k\u00e4ytt\u00e4\u00e4 kolmansissa maissa sijaitsevien toimittajien palveluita edellytt\u00e4en, ett\u00e4 ne noudattavat kaikkia tietosuojas\u00e4\u00e4nn\u00f6sten vaatimuksia ja soveltavat tarvittavia takuita ja suojatoimia tietojen yksityisyyden suojaamiseksi. Jos haluat lis\u00e4tietoja yksityisyyden suojaa koskevista takeista, voit ottaa meihin yhteytt\u00e4 kohdassa 1 mainituissa osoitteissa.<\/p>\n<h2>5. Asianosaisten oikeudet<\/h2>\n<p>Kun olet toimittanut meille henkil\u00f6tietosi, ilmoitamme sinulle oikeuksista, joita voit k\u00e4ytt\u00e4\u00e4 Inmocoches S.L.:t\u00e4 vastaan t\u00e4m\u00e4n lausekkeen 1 kohdassa annetuissa osoitteissa ja joihin sinulla on oikeus:<\/p>\n<p>Sinulla on oikeus tutustua kaikkiin Inmocoches S.L.:n hallussa oleviin henkil\u00f6tietoihin sek\u00e4 pyyt\u00e4\u00e4 niiden muuttamista tai poistamista.<\/p>\n<p>Voit pyyt\u00e4\u00e4 meit\u00e4 rajoittamaan tietojesi k\u00e4sittely\u00e4, jolloin s\u00e4ilyt\u00e4mme ne vain vaateiden esitt\u00e4mist\u00e4 tai puolustamista varten.<\/p>\n<p>Voit vastustaa henkil\u00f6tietojesi k\u00e4sittely\u00e4, jolloin Inmocoches S.L. lakkaa k\u00e4sittelem\u00e4st\u00e4 tietojasi lukuun ottamatta pakottavia oikeutettuja syit\u00e4 tai mahdollisten vaatimusten esitt\u00e4mist\u00e4 tai puolustamista.<\/p>\n<p>Voit pyyt\u00e4\u00e4 henkil\u00f6tietojesi siirrett\u00e4vyytt\u00e4, jolloin joko l\u00e4het\u00e4mme sinulle tietokannoissamme olevat henkil\u00f6tiedot s\u00e4hk\u00f6postitse pyynt\u00f6si yhteydess\u00e4 ilmoittamaasi osoitteeseen tekstimuodossa, joka on luettavissa ja mukautettavissa mink\u00e4 tahansa toisen rekisterinpit\u00e4j\u00e4n tarpeisiin, tai toimitamme ne uudelle rekisterinpit\u00e4j\u00e4lle samassa muodossa pyynt\u00f6si yhteydess\u00e4 ilmoittamaasi s\u00e4hk\u00f6postiosoitteeseen.<\/p>\n<p>Sinulla on oikeus olla joutumatta sellaisen p\u00e4\u00e4t\u00f6ksen kohteeksi, joka perustuu yksinomaan automaattiseen tietojenk\u00e4sittelyyn, profilointi mukaan lukien.<\/p>\n<p>Voit my\u00f6s peruuttaa tai peruuttaa nimenomaisesti antamasi suostumuksen ilmoittamalla siit\u00e4 pyynn\u00f6ss\u00e4si.<\/p>\n<p>Asianomainen voi k\u00e4ytt\u00e4\u00e4 oikeuksiaan suoraan esitt\u00e4m\u00e4ll\u00e4 valokopion henkil\u00f6kortistaan tai vastaavasta asiakirjasta henkil\u00f6llisyytens\u00e4 todistamiseksi tai laillisen tai vapaaehtoisen edustajan v\u00e4lityksell\u00e4, jolloin asianomaisen henkil\u00f6n henkil\u00f6kortin tai vastaavan asiakirjan valokopion lis\u00e4ksi on toimitettava kolmannen osapuolen edustamisen osoittava virallinen asiakirja sek\u00e4 valokopio henkil\u00f6kortistaan tai vastaavasta asiakirjasta.<\/p>\n<h2>6. Valitukset<\/h2>\n<p>Jos katsot, ett\u00e4 henkil\u00f6tietojesi k\u00e4sittelyss\u00e4 rikotaan asetuksia tai t\u00e4m\u00e4n lausekkeen m\u00e4\u00e4r\u00e4yksi\u00e4, voit tehd\u00e4 valituksen Espanjan tietosuojavirastolle, joka on toimivaltainen valvontaviranomainen henkil\u00f6tietojesi suojaamiseksi, sen s\u00e4hk\u00f6isen p\u00e4\u00e4konttorin tai postiosoitteen kautta, joka on n\u00e4ht\u00e4viss\u00e4 verkkosivustolla www.agpd.es.<\/p>\n<p>*** Jos et hyv\u00e4ksy t\u00e4ss\u00e4 tietosuojak\u00e4yt\u00e4nn\u00f6ss\u00e4 esitettyj\u00e4 n\u00e4k\u00f6kohtia, \u00e4l\u00e4 k\u00e4yt\u00e4 portaalia, sill\u00e4 sen tai sen sis\u00e4lt\u00e4mien palvelujen ja sis\u00e4ll\u00f6n k\u00e4ytt\u00f6 merkitsee t\u00e4ss\u00e4 tekstiss\u00e4 esitettyjen oikeudellisten ehtojen hyv\u00e4ksymist\u00e4.<\/p>\n<p>T\u00e4ss\u00e4 tietosuojak\u00e4yt\u00e4nn\u00f6ss\u00e4 esitetyt ehdot voivat vaihdella, joten kehotamme sinua tarkistamaan n\u00e4m\u00e4 ehdot, kun k\u00e4yt uudelleen portaalissa. Samoin t\u00e4m\u00e4 tietosuojak\u00e4yt\u00e4nt\u00f6 ei rajoita muiden yleisten ehtojen ja erityisehtojen soveltamista, joilla s\u00e4\u00e4nnell\u00e4\u00e4n p\u00e4\u00e4sy\u00e4 tiettyyn sis\u00e4lt\u00f6\u00f6n ja palveluihin portaalissa.<\/p>\n<p>K\u00e4ytt\u00e4j\u00e4 tunnustaa ja hyv\u00e4ksyy portaalin k\u00e4ytt\u00f6ehdot ja sitoutuu k\u00e4ytt\u00e4m\u00e4\u00e4n sit\u00e4 niiden mukaisesti. Samoin portaalin palveluja ja sis\u00e4lt\u00f6\u00e4 on k\u00e4ytett\u00e4v\u00e4 asianmukaisesti eik\u00e4 niit\u00e4 saa k\u00e4ytt\u00e4\u00e4 rikolliseen tai laittomaan toimintaan.<\/p>\n<p>Inmocoches S.L. voi k\u00e4ytt\u00e4\u00e4 ev\u00e4steit\u00e4, kun k\u00e4ytt\u00e4j\u00e4 selaa sen verkkosivustoja ja verkkosivuja. Voit tutustua <a href=\"http:\/\/www.inmocochescarhire.com\/politica-de-cookies\/\">ev\u00e4stek\u00e4yt\u00e4nt\u00f6\u00f6mme<\/a>.<\/p>\n<\/div><\/div><\/div><\/div><\/div><\/div><\/div><\/section>\n","protected":false},"excerpt":{"rendered":"[vc_custom_heading text=\"Tietosuojak\u00e4yt\u00e4nt\u00f6\" font_container=\"tag:h1|text_align:left\" use_theme_fonts=\"yes\"] Tietoja tietosuojak\u00e4yt\u00e4nn\u00f6st\u00e4mme ja tietosuojak\u00e4yt\u00e4nn\u00f6st\u00e4mme: Inmocoches S.L. noudattaa luonnollisten henkil\u00f6iden suojelusta 27. huhtikuuta 2016 annetussa Euroopan parlamentin ja neuvoston asetuksessa (EU) 2016\/679 ja 5. joulukuuta 2018 annetussa orgaanisessa laissa 3\/2018, joka koskee henkil\u00f6tietojen suojaa ja digitaalisten oikeuksien takaamista, asetettuja velvoitteita henkil\u00f6tietojen k\u00e4sittelyn ja muun sovellettavan lains\u00e4\u00e4d\u00e4nn\u00f6n sek\u00e4 kulloinkin voimassa olevien sovellettavien s\u00e4\u00e4nn\u00f6sten...","protected":false},"author":3,"featured_media":0,"parent":0,"menu_order":0,"comment_status":"closed","ping_status":"open","template":"","meta":{"_crdt_document":"","_joinchat":[],"footnotes":""},"class_list":["post-2071","page","type-page","status-publish","hentry"],"yoast_head":"<!-- This site is optimized with the Yoast SEO plugin v27.5 - https:\/\/yoast.com\/product\/yoast-seo-wordpress\/ -->\n<title>Tietosuojak\u00e4yt\u00e4nt\u00f6 - Inmocoches<\/title>\n<meta name=\"robots\" content=\"noindex, follow\" \/>\n<meta property=\"og:locale\" content=\"fi_FI\" \/>\n<meta property=\"og:type\" content=\"article\" \/>\n<meta property=\"og:title\" content=\"Tietosuojak\u00e4yt\u00e4nt\u00f6 - Inmocoches\" \/>\n<meta property=\"og:url\" content=\"https:\/\/www.inmocochescarhire.com\/fi\/tietosuojakaytanto\/\" \/>\n<meta property=\"og:site_name\" content=\"Inmocoches\" \/>\n<meta property=\"article:modified_time\" content=\"2023-03-10T12:09:43+00:00\" \/>\n<meta name=\"twitter:card\" content=\"summary_large_image\" \/>\n<meta name=\"twitter:label1\" content=\"Arvioitu lukuaika\" \/>\n\t<meta name=\"twitter:data1\" content=\"6 minuuttia\" \/>\n<script type=\"application\/ld+json\" class=\"yoast-schema-graph\">{\"@context\":\"https:\\\/\\\/schema.org\",\"@graph\":[{\"@type\":\"WebPage\",\"@id\":\"https:\\\/\\\/www.inmocochescarhire.com\\\/fi\\\/tietosuojakaytanto\\\/\",\"url\":\"https:\\\/\\\/www.inmocochescarhire.com\\\/fi\\\/tietosuojakaytanto\\\/\",\"name\":\"Tietosuojak\u00e4yt\u00e4nt\u00f6 - Inmocoches\",\"isPartOf\":{\"@id\":\"https:\\\/\\\/www.inmocochescarhire.com\\\/fi\\\/#website\"},\"datePublished\":\"2022-09-30T08:24:42+00:00\",\"dateModified\":\"2023-03-10T12:09:43+00:00\",\"breadcrumb\":{\"@id\":\"https:\\\/\\\/www.inmocochescarhire.com\\\/fi\\\/tietosuojakaytanto\\\/#breadcrumb\"},\"inLanguage\":\"fi\",\"potentialAction\":[{\"@type\":\"ReadAction\",\"target\":[\"https:\\\/\\\/www.inmocochescarhire.com\\\/fi\\\/tietosuojakaytanto\\\/\"]}]},{\"@type\":\"BreadcrumbList\",\"@id\":\"https:\\\/\\\/www.inmocochescarhire.com\\\/fi\\\/tietosuojakaytanto\\\/#breadcrumb\",\"itemListElement\":[{\"@type\":\"ListItem\",\"position\":1,\"name\":\"Portada\",\"item\":\"https:\\\/\\\/www.inmocochescarhire.com\\\/fi\\\/\"},{\"@type\":\"ListItem\",\"position\":2,\"name\":\"Tietosuojak\u00e4yt\u00e4nt\u00f6\"}]},{\"@type\":\"WebSite\",\"@id\":\"https:\\\/\\\/www.inmocochescarhire.com\\\/fi\\\/#website\",\"url\":\"https:\\\/\\\/www.inmocochescarhire.com\\\/fi\\\/\",\"name\":\"Inmocoches\",\"description\":\"\",\"potentialAction\":[{\"@type\":\"SearchAction\",\"target\":{\"@type\":\"EntryPoint\",\"urlTemplate\":\"https:\\\/\\\/www.inmocochescarhire.com\\\/fi\\\/?s={search_term_string}\"},\"query-input\":{\"@type\":\"PropertyValueSpecification\",\"valueRequired\":true,\"valueName\":\"search_term_string\"}}],\"inLanguage\":\"fi\"}]}<\/script>\n<!-- \/ Yoast SEO plugin. -->","yoast_head_json":{"title":"Tietosuojak\u00e4yt\u00e4nt\u00f6 - Inmocoches","robots":{"index":"noindex","follow":"follow"},"og_locale":"fi_FI","og_type":"article","og_title":"Tietosuojak\u00e4yt\u00e4nt\u00f6 - Inmocoches","og_url":"https:\/\/www.inmocochescarhire.com\/fi\/tietosuojakaytanto\/","og_site_name":"Inmocoches","article_modified_time":"2023-03-10T12:09:43+00:00","twitter_card":"summary_large_image","twitter_misc":{"Arvioitu lukuaika":"6 minuuttia"},"schema":{"@context":"https:\/\/schema.org","@graph":[{"@type":"WebPage","@id":"https:\/\/www.inmocochescarhire.com\/fi\/tietosuojakaytanto\/","url":"https:\/\/www.inmocochescarhire.com\/fi\/tietosuojakaytanto\/","name":"Tietosuojak\u00e4yt\u00e4nt\u00f6 - Inmocoches","isPartOf":{"@id":"https:\/\/www.inmocochescarhire.com\/fi\/#website"},"datePublished":"2022-09-30T08:24:42+00:00","dateModified":"2023-03-10T12:09:43+00:00","breadcrumb":{"@id":"https:\/\/www.inmocochescarhire.com\/fi\/tietosuojakaytanto\/#breadcrumb"},"inLanguage":"fi","potentialAction":[{"@type":"ReadAction","target":["https:\/\/www.inmocochescarhire.com\/fi\/tietosuojakaytanto\/"]}]},{"@type":"BreadcrumbList","@id":"https:\/\/www.inmocochescarhire.com\/fi\/tietosuojakaytanto\/#breadcrumb","itemListElement":[{"@type":"ListItem","position":1,"name":"Portada","item":"https:\/\/www.inmocochescarhire.com\/fi\/"},{"@type":"ListItem","position":2,"name":"Tietosuojak\u00e4yt\u00e4nt\u00f6"}]},{"@type":"WebSite","@id":"https:\/\/www.inmocochescarhire.com\/fi\/#website","url":"https:\/\/www.inmocochescarhire.com\/fi\/","name":"Inmocoches","description":"","potentialAction":[{"@type":"SearchAction","target":{"@type":"EntryPoint","urlTemplate":"https:\/\/www.inmocochescarhire.com\/fi\/?s={search_term_string}"},"query-input":{"@type":"PropertyValueSpecification","valueRequired":true,"valueName":"search_term_string"}}],"inLanguage":"fi"}]}},"_links":{"self":[{"href":"https:\/\/www.inmocochescarhire.com\/fi\/wp-json\/wp\/v2\/pages\/2071","targetHints":{"allow":["GET"]}}],"collection":[{"href":"https:\/\/www.inmocochescarhire.com\/fi\/wp-json\/wp\/v2\/pages"}],"about":[{"href":"https:\/\/www.inmocochescarhire.com\/fi\/wp-json\/wp\/v2\/types\/page"}],"author":[{"embeddable":true,"href":"https:\/\/www.inmocochescarhire.com\/fi\/wp-json\/wp\/v2\/users\/3"}],"replies":[{"embeddable":true,"href":"https:\/\/www.inmocochescarhire.com\/fi\/wp-json\/wp\/v2\/comments?post=2071"}],"version-history":[{"count":8,"href":"https:\/\/www.inmocochescarhire.com\/fi\/wp-json\/wp\/v2\/pages\/2071\/revisions"}],"predecessor-version":[{"id":2096,"href":"https:\/\/www.inmocochescarhire.com\/fi\/wp-json\/wp\/v2\/pages\/2071\/revisions\/2096"}],"wp:attachment":[{"href":"https:\/\/www.inmocochescarhire.com\/fi\/wp-json\/wp\/v2\/media?parent=2071"}],"curies":[{"name":"wp","href":"https:\/\/api.w.org\/{rel}","templated":true}]}}