{"id":2045,"date":"2022-09-30T13:44:00","date_gmt":"2022-09-30T11:44:00","guid":{"rendered":"http:\/\/www.inmocochescarhire.com\/oikeudellinen-huomautus\/"},"modified":"2023-03-10T14:09:27","modified_gmt":"2023-03-10T12:09:27","slug":"oikeudellinen-huomautus","status":"publish","type":"page","link":"https:\/\/www.inmocochescarhire.com\/fi\/oikeudellinen-huomautus\/","title":{"rendered":"Oikeudellinen huomautus"},"content":{"rendered":"<section class=\"l-section wpb_row height_medium\"><div class=\"l-section-h i-cf\"><div class=\"g-cols vc_row via_flex valign_top type_default stacking_default\"><div class=\"vc_col-sm-12 wpb_column vc_column_container\"><div class=\"vc_column-inner\"><div class=\"wpb_wrapper\">[vc_custom_heading text=&#8221;Oikeudellinen huomautus&#8221; font_container=&#8221;tag:h1|text_align:left&#8221; use_theme_fonts=&#8221;yes&#8221;]<div class=\"wpb_text_column\"><div class=\"wpb_wrapper\"><p>Tietoyhteiskunnan palveluista ja s\u00e4hk\u00f6isest\u00e4 kaupank\u00e4ynnist\u00e4 11. hein\u00e4kuuta 2002 annetun lain 34\/2002 (LSSICE) s\u00e4\u00e4nn\u00f6sten mukaisesti seuraavassa esitet\u00e4\u00e4n yleiset tiedot verkkosivustosta https:\/\/www.inmocochescarhire.com.<\/p>\n<h2>1. Entiteetti<\/h2>\n<p><strong>Inmocoches S.L.<\/strong><br \/>\nCIF: B-92860949<br \/>\nTlf: 952 587 333<br \/>\nCalle Hern\u00e1n Cort\u00e9s 3 Edificio La Fuente Bajo 01 Fuengirola M\u00e1laga M\u00e1laga 20640<br \/>\nREKISTER\u00d6INTITIEDOT<br \/>\nS\u00e4hk\u00f6posti: info@inmocochescarhire.com<\/p>\n<h2>2. Verkkosivuston k\u00e4ytt\u00f6<\/h2>\n<p>Verkkosivustoa tarjotaan myynninedist\u00e4mistarkoituksessa, ja siin\u00e4 kerrotaan autonvuokrauspalveluja tarjoavan Inmocoches S.L.:n tarjoamista eri palveluista.<\/p>\n<p>Inmocoches S.L. voi lopettaa t\u00e4ll\u00e4 verkkosivustolla tarjottujen tietopalvelujen tarjoamisen ilman yhteydenottoa k\u00e4ytt\u00e4j\u00e4\u00e4n, mik\u00e4 ei aiheuta mit\u00e4\u00e4n oikeudellisia velvoitteita k\u00e4ytt\u00e4j\u00e4\u00e4 tai kolmansia osapuolia kohtaan.<\/p>\n<h2>3. Yksityisyys<\/h2>\n<p>Tietoja, joita Inmocoches S.L. voi ker\u00e4t\u00e4 t\u00e4m\u00e4n verkkosivuston k\u00e4ytt\u00e4jilt\u00e4, k\u00e4ytet\u00e4\u00e4n yksinomaan tietojen antamiseen niille, jotka sit\u00e4 pyyt\u00e4v\u00e4t, ja\/tai vastaamaan k\u00e4ytt\u00e4j\u00e4n tarpeellisiksi katsomiin kyselyihin.<\/p>\n<p>Lis\u00e4tietoja on tietosuojaselosteessamme.<\/p>\n<h2>4. Linkit kolmansiin osapuoliin<\/h2>\n<p>Kun kyseess\u00e4 ovat linkit kolmansien osapuolten sivustoille, k\u00e4ytt\u00e4j\u00e4\u00e4 koskevat uuden sivuston k\u00e4ytt\u00f6ehdot ja tietosuojak\u00e4yt\u00e4nn\u00f6t, ja h\u00e4n hyv\u00e4ksyy, ett\u00e4 Inmocoches S.L. ei ole vastuussa t\u00e4llaisten sivustojen k\u00e4yt\u00f6st\u00e4.<\/p>\n<h2>5. Henkinen omaisuus<\/h2>\n<p>Inmocoches S.L. omistaa itse tai luovutuksensaajana tai lisenssinsaajana kaikki t\u00e4m\u00e4n verkkosivuston muodostavien osien immateriaalioikeudet ja teollisoikeudet, ja kaikki oikeudet pid\u00e4tet\u00e4\u00e4n. Toiminta, kuten j\u00e4ljent\u00e4minen, jakelu ja julkinen viestint\u00e4, mukaan lukien t\u00e4m\u00e4n verkkosivuston sis\u00e4ll\u00f6n tai sen osan saattaminen saataville kaupallisiin tarkoituksiin, on nimenomaisesti kielletty teollis- ja tekij\u00e4noikeuslain 8 ja 21 artiklan mukaisesti.<\/p>\n<p>Verkkosivuston k\u00e4ytt\u00e4j\u00e4 voi joka tapauksessa tarkastella t\u00e4m\u00e4n verkkosivuston elementtej\u00e4 ja sis\u00e4lt\u00f6\u00e4 sek\u00e4 tulostaa, tallentaa ja jopa kopioida niit\u00e4 mill\u00e4 tahansa v\u00e4lineell\u00e4 edellytt\u00e4en, ett\u00e4 ne on tarkoitettu yksinomaan henkil\u00f6kohtaiseen ja yksityiseen k\u00e4ytt\u00f6\u00f6n.<\/p>\n<h2>6. K\u00e4ytt\u00f6ehdot ja vastuu<\/h2>\n<p>Inmocoches S.L. -sivuston k\u00e4ytt\u00e4j\u00e4 sitoutuu k\u00e4ytt\u00e4m\u00e4\u00e4n t\u00e4t\u00e4 sivustoa lain, moraalin ja yleisen j\u00e4rjestyksen mukaisesti.<\/p>\n<p>N\u00e4m\u00e4 voidaan tiivist\u00e4\u00e4 seuraaviin k\u00e4ytt\u00e4ytymistapoihin, joista k\u00e4ytt\u00e4j\u00e4n on pid\u00e4tt\u00e4ydytt\u00e4v\u00e4:<\/p>\n<p>Sivuston luvaton tai vilpillinen k\u00e4ytt\u00f6.<br \/>\nLaillisen omistajan luvattoman p\u00e4\u00e4syn yritt\u00e4minen.<br \/>\nVerkkoportaalin k\u00e4ytt\u00f6 laittomiin tarkoituksiin tai kolmansille osapuolille haitallisiin tarkoituksiin tai tarkoituksenaan vahingoittaa sivustoa ja sen muita k\u00e4ytt\u00e4ji\u00e4.<br \/>\nAiheuttaa vahinkoa j\u00e4rjestelmille, jotka t\u00e4m\u00e4 verkkosivusto on mahdollisesti asentanut toimintaansa varten.<\/p>\n<p>Inmocoches S.L.:n omistaja on vastuussa vain itse luomastaan ja lis\u00e4\u00e4m\u00e4st\u00e4\u00e4n sis\u00e4ll\u00f6st\u00e4, ei kolmansien osapuolten mahdollisesti sis\u00e4llytt\u00e4mist\u00e4 linkeist\u00e4 tai ulkoisista linkeist\u00e4, jotka ohjaavat toiselle verkkosivustolle, jota h\u00e4n ei valvo niiden muuttamista.<br \/>\nOmistaja pid\u00e4tt\u00e4\u00e4 oikeuden tehd\u00e4 ilman ennakkoilmoitusta tarpeelliseksi katsomiaan muutoksia sek\u00e4 sis\u00e4lt\u00f6\u00f6n ett\u00e4 tarjottaviin palveluihin. Lis\u00e4ksi se pid\u00e4tt\u00e4\u00e4 oikeuden hyv\u00e4ksy\u00e4 tai poistaa kolmansien osapuolten lis\u00e4\u00e4m\u00e4n sis\u00e4ll\u00f6n, jota se pit\u00e4\u00e4 sopimattomana.<\/p>\n<h2>7. K\u00e4ytt\u00f6ehtojen muutokset<\/h2>\n<p>Inmocoches S.L. pid\u00e4tt\u00e4\u00e4 oikeuden muuttaa k\u00e4ytt\u00f6ehtojaan ja tietosuojak\u00e4yt\u00e4nt\u00f6\u00e4\u00e4n aina, kun se katsoo sen tarpeelliseksi. K\u00e4ytt\u00e4j\u00e4 on velvollinen tarkistamaan n\u00e4iden k\u00e4ytt\u00f6ehtojen sis\u00e4ll\u00f6n, koska niit\u00e4 voidaan muuttaa ilman ennakkoilmoitusta. H\u00e4n ymm\u00e4rt\u00e4\u00e4 ja hyv\u00e4ksyy kaikki t\u00e4h\u00e4n asiakirjaan sis\u00e4ltyv\u00e4t lausekkeet. K\u00e4ytt\u00e4j\u00e4 on yksin vastuussa edell\u00e4 mainittujen ehtojen tarkistamisesta.<\/p>\n<h2>8. Sovellettava laki ja toimivalta<\/h2>\n<p>Sovellettava laki on Espanjan laki, jos syntyy riita tai tulkintaerimielisyyksi\u00e4 t\u00e4m\u00e4n oikeudellisen huomautuksen ehtojen tulkinnasta tai mist\u00e4 tahansa t\u00e4m\u00e4n portaalin palveluihin liittyv\u00e4st\u00e4 kysymyksest\u00e4.<br \/>\nPortaalissa vierailusta tai siell\u00e4 mahdollisesti julkaistun sis\u00e4ll\u00f6n k\u00e4yt\u00f6st\u00e4 mahdollisesti aiheutuvien ristiriitojen ratkaiseminen tapahtuu vastaavissa tuomioistuimissa.<\/p>\n<\/div><\/div><\/div><\/div><\/div><\/div><\/div><\/section>\n","protected":false},"excerpt":{"rendered":"[vc_custom_heading text=\"Oikeudellinen huomautus\" font_container=\"tag:h1|text_align:left\" use_theme_fonts=\"yes\"]Tietoyhteiskunnan palveluista ja s\u00e4hk\u00f6isest\u00e4 kaupank\u00e4ynnist\u00e4 11. hein\u00e4kuuta 2002 annetun lain 34\/2002 (LSSICE) s\u00e4\u00e4nn\u00f6sten mukaisesti seuraavassa esitet\u00e4\u00e4n yleiset tiedot verkkosivustosta https:\/\/www.inmocochescarhire.com. 1. Entiteetti Inmocoches S.L. CIF: B-92860949 Tlf: 952 587 333 Calle Hern\u00e1n Cort\u00e9s 3 Edificio La Fuente Bajo 01 Fuengirola M\u00e1laga M\u00e1laga 20640 REKISTER\u00d6INTITIEDOT S\u00e4hk\u00f6posti: info@inmocochescarhire.com 2. Verkkosivuston k\u00e4ytt\u00f6 Verkkosivustoa tarjotaan...","protected":false},"author":3,"featured_media":0,"parent":0,"menu_order":0,"comment_status":"closed","ping_status":"open","template":"","meta":{"_crdt_document":"","_joinchat":[],"footnotes":""},"class_list":["post-2045","page","type-page","status-publish","hentry"],"yoast_head":"<!-- This site is optimized with the Yoast SEO plugin v27.4 - https:\/\/yoast.com\/product\/yoast-seo-wordpress\/ -->\n<title>Oikeudellinen huomautus - Inmocoches<\/title>\n<meta name=\"robots\" content=\"noindex, follow\" \/>\n<meta property=\"og:locale\" content=\"fi_FI\" \/>\n<meta property=\"og:type\" content=\"article\" \/>\n<meta property=\"og:title\" content=\"Oikeudellinen huomautus - Inmocoches\" \/>\n<meta property=\"og:url\" content=\"https:\/\/www.inmocochescarhire.com\/fi\/oikeudellinen-huomautus\/\" \/>\n<meta property=\"og:site_name\" content=\"Inmocoches\" \/>\n<meta property=\"article:modified_time\" content=\"2023-03-10T12:09:27+00:00\" \/>\n<meta name=\"twitter:card\" content=\"summary_large_image\" \/>\n<meta name=\"twitter:label1\" content=\"Arvioitu lukuaika\" \/>\n\t<meta name=\"twitter:data1\" content=\"3 minuuttia\" \/>\n<script type=\"application\/ld+json\" class=\"yoast-schema-graph\">{\"@context\":\"https:\\\/\\\/schema.org\",\"@graph\":[{\"@type\":\"WebPage\",\"@id\":\"https:\\\/\\\/www.inmocochescarhire.com\\\/fi\\\/oikeudellinen-huomautus\\\/\",\"url\":\"https:\\\/\\\/www.inmocochescarhire.com\\\/fi\\\/oikeudellinen-huomautus\\\/\",\"name\":\"Oikeudellinen huomautus - Inmocoches\",\"isPartOf\":{\"@id\":\"https:\\\/\\\/www.inmocochescarhire.com\\\/fi\\\/#website\"},\"datePublished\":\"2022-09-30T11:44:00+00:00\",\"dateModified\":\"2023-03-10T12:09:27+00:00\",\"breadcrumb\":{\"@id\":\"https:\\\/\\\/www.inmocochescarhire.com\\\/fi\\\/oikeudellinen-huomautus\\\/#breadcrumb\"},\"inLanguage\":\"fi\",\"potentialAction\":[{\"@type\":\"ReadAction\",\"target\":[\"https:\\\/\\\/www.inmocochescarhire.com\\\/fi\\\/oikeudellinen-huomautus\\\/\"]}]},{\"@type\":\"BreadcrumbList\",\"@id\":\"https:\\\/\\\/www.inmocochescarhire.com\\\/fi\\\/oikeudellinen-huomautus\\\/#breadcrumb\",\"itemListElement\":[{\"@type\":\"ListItem\",\"position\":1,\"name\":\"Portada\",\"item\":\"https:\\\/\\\/www.inmocochescarhire.com\\\/fi\\\/\"},{\"@type\":\"ListItem\",\"position\":2,\"name\":\"Oikeudellinen huomautus\"}]},{\"@type\":\"WebSite\",\"@id\":\"https:\\\/\\\/www.inmocochescarhire.com\\\/fi\\\/#website\",\"url\":\"https:\\\/\\\/www.inmocochescarhire.com\\\/fi\\\/\",\"name\":\"Inmocoches\",\"description\":\"\",\"potentialAction\":[{\"@type\":\"SearchAction\",\"target\":{\"@type\":\"EntryPoint\",\"urlTemplate\":\"https:\\\/\\\/www.inmocochescarhire.com\\\/fi\\\/?s={search_term_string}\"},\"query-input\":{\"@type\":\"PropertyValueSpecification\",\"valueRequired\":true,\"valueName\":\"search_term_string\"}}],\"inLanguage\":\"fi\"}]}<\/script>\n<!-- \/ Yoast SEO plugin. -->","yoast_head_json":{"title":"Oikeudellinen huomautus - Inmocoches","robots":{"index":"noindex","follow":"follow"},"og_locale":"fi_FI","og_type":"article","og_title":"Oikeudellinen huomautus - Inmocoches","og_url":"https:\/\/www.inmocochescarhire.com\/fi\/oikeudellinen-huomautus\/","og_site_name":"Inmocoches","article_modified_time":"2023-03-10T12:09:27+00:00","twitter_card":"summary_large_image","twitter_misc":{"Arvioitu lukuaika":"3 minuuttia"},"schema":{"@context":"https:\/\/schema.org","@graph":[{"@type":"WebPage","@id":"https:\/\/www.inmocochescarhire.com\/fi\/oikeudellinen-huomautus\/","url":"https:\/\/www.inmocochescarhire.com\/fi\/oikeudellinen-huomautus\/","name":"Oikeudellinen huomautus - Inmocoches","isPartOf":{"@id":"https:\/\/www.inmocochescarhire.com\/fi\/#website"},"datePublished":"2022-09-30T11:44:00+00:00","dateModified":"2023-03-10T12:09:27+00:00","breadcrumb":{"@id":"https:\/\/www.inmocochescarhire.com\/fi\/oikeudellinen-huomautus\/#breadcrumb"},"inLanguage":"fi","potentialAction":[{"@type":"ReadAction","target":["https:\/\/www.inmocochescarhire.com\/fi\/oikeudellinen-huomautus\/"]}]},{"@type":"BreadcrumbList","@id":"https:\/\/www.inmocochescarhire.com\/fi\/oikeudellinen-huomautus\/#breadcrumb","itemListElement":[{"@type":"ListItem","position":1,"name":"Portada","item":"https:\/\/www.inmocochescarhire.com\/fi\/"},{"@type":"ListItem","position":2,"name":"Oikeudellinen huomautus"}]},{"@type":"WebSite","@id":"https:\/\/www.inmocochescarhire.com\/fi\/#website","url":"https:\/\/www.inmocochescarhire.com\/fi\/","name":"Inmocoches","description":"","potentialAction":[{"@type":"SearchAction","target":{"@type":"EntryPoint","urlTemplate":"https:\/\/www.inmocochescarhire.com\/fi\/?s={search_term_string}"},"query-input":{"@type":"PropertyValueSpecification","valueRequired":true,"valueName":"search_term_string"}}],"inLanguage":"fi"}]}},"_links":{"self":[{"href":"https:\/\/www.inmocochescarhire.com\/fi\/wp-json\/wp\/v2\/pages\/2045","targetHints":{"allow":["GET"]}}],"collection":[{"href":"https:\/\/www.inmocochescarhire.com\/fi\/wp-json\/wp\/v2\/pages"}],"about":[{"href":"https:\/\/www.inmocochescarhire.com\/fi\/wp-json\/wp\/v2\/types\/page"}],"author":[{"embeddable":true,"href":"https:\/\/www.inmocochescarhire.com\/fi\/wp-json\/wp\/v2\/users\/3"}],"replies":[{"embeddable":true,"href":"https:\/\/www.inmocochescarhire.com\/fi\/wp-json\/wp\/v2\/comments?post=2045"}],"version-history":[{"count":6,"href":"https:\/\/www.inmocochescarhire.com\/fi\/wp-json\/wp\/v2\/pages\/2045\/revisions"}],"predecessor-version":[{"id":2062,"href":"https:\/\/www.inmocochescarhire.com\/fi\/wp-json\/wp\/v2\/pages\/2045\/revisions\/2062"}],"wp:attachment":[{"href":"https:\/\/www.inmocochescarhire.com\/fi\/wp-json\/wp\/v2\/media?parent=2045"}],"curies":[{"name":"wp","href":"https:\/\/api.w.org\/{rel}","templated":true}]}}