{"id":1948,"date":"2023-02-14T15:30:49","date_gmt":"2023-02-14T13:30:49","guid":{"rendered":"http:\/\/www.inmocochescarhire.com\/usein-kysytyt-kysymykset\/"},"modified":"2023-03-10T13:20:44","modified_gmt":"2023-03-10T11:20:44","slug":"usein-kysytyt-kysymykset","status":"publish","type":"page","link":"https:\/\/www.inmocochescarhire.com\/fi\/usein-kysytyt-kysymykset\/","title":{"rendered":"Usein kysytyt kysymykset"},"content":{"rendered":"<section class=\"l-section wpb_row height_medium\" id=\"tiedustelut\"><div class=\"l-section-h i-cf\"><div class=\"g-cols vc_row via_flex valign_top type_default stacking_default\"><div class=\"vc_col-sm-12 wpb_column vc_column_container\"><div class=\"vc_column-inner\"><div class=\"wpb_wrapper\"><h2 class=\"w-text us_custom_7de47b5a\"><span class=\"w-text-h\"><span class=\"w-text-value\">Usein kysytyt kysymykset<\/span><\/span><\/h2><div class=\"w-separator size_small\"><\/div><h3 class=\"w-text us_custom_eb849559\"><span class=\"w-text-h\"><span class=\"w-text-value\">Varaukset<\/span><\/span><\/h3><div class=\"w-tabs acordeon color style_default switch_click accordion has_scrolling\" style=\"--sections-title-size:inherit\"><div class=\"w-tabs-sections titles-align_none icon_chevron cpos_right\"><div class=\"w-tabs-section\" id=\"mbfa\"><button class=\"w-tabs-section-header\" aria-controls=\"content-mbfa\" aria-expanded=\"false\"><div class=\"w-tabs-section-title\">Mist\u00e4 tied\u00e4n, onko varaukseni vahvistettu?<\/div><div class=\"w-tabs-section-control\"><\/div><\/button><div  class=\"w-tabs-section-content\" id=\"content-mbfa\"><div class=\"w-tabs-section-content-h i-cf\"><div class=\"wpb_text_column us_custom_432d3f53\"><div class=\"wpb_wrapper\"><p>Olitpa tehnyt varauksen verkossa, s\u00e4hk\u00f6postitse tai puhelimitse, saat s\u00e4hk\u00f6postiviestin, jossa vahvistetaan varauksesi 24 tunnin kuluessa varauksen tekemisest\u00e4. Tarkista roskapostikansiosi.<\/p>\n<\/div><\/div><\/div><\/div><\/div><div class=\"w-tabs-section\" id=\"odaf\"><button class=\"w-tabs-section-header\" aria-controls=\"content-odaf\" aria-expanded=\"false\"><div class=\"w-tabs-section-title\">Olen tehnyt varauksen, mutta en ole saanut vahvistusta s\u00e4hk\u00f6postitse.<\/div><div class=\"w-tabs-section-control\"><\/div><\/button><div  class=\"w-tabs-section-content\" id=\"content-odaf\"><div class=\"w-tabs-section-content-h i-cf\"><div class=\"wpb_text_column\"><div class=\"wpb_wrapper\"><p>Kaikki varaukset vahvistetaan 24 tunnin kuluessa. Tarkista roskapostikansiosi.<\/p>\n<p>Jos et ole saanut vahvistusta s\u00e4hk\u00f6postitse, ota yhteytt\u00e4 numeroon +34 952 587 333 tai +34 952 587 333 (maanantaista perjantaihin klo 9.30-14.00 ja 16.00-19.00 ja lauantaisin klo 10.00-13.30) tai h\u00e4t\u00e4tilanteessa numeroon +34 636 34 52 22.<\/p>\n<\/div><\/div><\/div><\/div><\/div><div class=\"w-tabs-section\" id=\"if14\"><button class=\"w-tabs-section-header\" aria-controls=\"content-if14\" aria-expanded=\"false\"><div class=\"w-tabs-section-title\">Voinko varata ajoneuvon t\u00e4lle p\u00e4iv\u00e4lle?<\/div><div class=\"w-tabs-section-control\"><\/div><\/button><div  class=\"w-tabs-section-content\" id=\"content-if14\"><div class=\"w-tabs-section-content-h i-cf\"><div class=\"wpb_text_column\"><div class=\"wpb_wrapper\"><p>Jos haluat varata ajoneuvon samana p\u00e4iv\u00e4n\u00e4, sinun on teht\u00e4v\u00e4 varaus puhelimitse numerosta +34 952 587 333 tai +34 952 587 333 tai matkapuhelimesta +34 636 34 52 22, jossa voimme vahvistaa varauksesi ajoneuvon saatavuuden mukaan.<\/p>\n<\/div><\/div><\/div><\/div><\/div><div class=\"w-tabs-section\" id=\"t0b0\"><button class=\"w-tabs-section-header\" aria-controls=\"content-t0b0\" aria-expanded=\"false\"><div class=\"w-tabs-section-title\">Pit\u00e4\u00e4k\u00f6 minun maksaa varauksen yhteydess\u00e4?<\/div><div class=\"w-tabs-section-control\"><\/div><\/button><div  class=\"w-tabs-section-content\" id=\"content-t0b0\"><div class=\"w-tabs-section-content-h i-cf\"><div class=\"wpb_text_column\"><div class=\"wpb_wrapper\"><p>Varaushetkell\u00e4 ei veloiteta. Kun ajoneuvo on toimitettu sinulle, maksu suoritetaan luottokortilla (Visa tai Mastercard) tai k\u00e4teisell\u00e4 j\u00e4tt\u00e4m\u00e4ll\u00e4 luottokortti vakuudeksi. Jos haluat maksaa varauksen yhteydess\u00e4, se ei ole ongelma, ja voit suorittaa maksun verkkosivuillamme www.inmocochescarhire.com olevan maksualustamme kautta.<\/p>\n<\/div><\/div><\/div><\/div><\/div><\/div><\/div><div class=\"w-separator size_medium\"><\/div><h3 class=\"w-text us_custom_eb849559\"><span class=\"w-text-h\"><span class=\"w-text-value\">Yleist\u00e4<\/span><\/span><\/h3><div class=\"w-tabs acordeon color style_default switch_click accordion has_scrolling\" style=\"--sections-title-size:inherit\"><div class=\"w-tabs-sections titles-align_none icon_chevron cpos_right\"><div class=\"w-tabs-section\" id=\"jc29\"><button class=\"w-tabs-section-header\" aria-controls=\"content-jc29\" aria-expanded=\"false\"><div class=\"w-tabs-section-title\">Miss\u00e4 voin n\u00e4hd\u00e4 yleiset vuokrausehdot?<\/div><div class=\"w-tabs-section-control\"><\/div><\/button><div  class=\"w-tabs-section-content\" id=\"content-jc29\"><div class=\"w-tabs-section-content-h i-cf\"><div class=\"wpb_text_column us_custom_432d3f53\"><div class=\"wpb_wrapper\"><p>Voit tutustua yleisiin ehtoihin ja m\u00e4\u00e4r\u00e4yksiin klikkaamalla <a href=\"http:\/\/www.inmocochescarhire.com\/condiciones-generales-del-alquiler\/\"><br \/>\n  <strong>t\u00e4st\u00e4<\/strong><br \/>\n<\/a>.<\/p>\n<\/div><\/div><\/div><\/div><\/div><div class=\"w-tabs-section\" id=\"kd91\"><button class=\"w-tabs-section-header\" aria-controls=\"content-kd91\" aria-expanded=\"false\"><div class=\"w-tabs-section-title\">Voinko ajaa autollani Andalusian ulkopuolella?<\/div><div class=\"w-tabs-section-control\"><\/div><\/button><div  class=\"w-tabs-section-content\" id=\"content-kd91\"><div class=\"w-tabs-section-content-h i-cf\"><div class=\"wpb_text_column\"><div class=\"wpb_wrapper\"><p>Se ei ole sallittua. Vuokrattu ajoneuvo saa liikkua ainoastaan Andalusian itsehallintoalueella ja Gibraltarilla.<\/p>\n<\/div><\/div><\/div><\/div><\/div><div class=\"w-tabs-section\" id=\"oef1\"><button class=\"w-tabs-section-header\" aria-controls=\"content-oef1\" aria-expanded=\"false\"><div class=\"w-tabs-section-title\">Mit\u00e4 tapahtuu liikennesakoille?<\/div><div class=\"w-tabs-section-control\"><\/div><\/button><div  class=\"w-tabs-section-content\" id=\"content-oef1\"><div class=\"w-tabs-section-content-h i-cf\"><div class=\"wpb_text_column\"><div class=\"wpb_wrapper\"><p>Jos saamme liikennesakon, olemme lain mukaan velvollisia ilmoittamaan kuljettajan tiedot vuokrasopimuksen kautta, mist\u00e4 asiakkaalta perit\u00e4\u00e4n 25 euron maksu, ja asiakas on vastuussa vastaavan sakon maksamisesta.<\/p>\n<\/div><\/div><\/div><\/div><\/div><div class=\"w-tabs-section\" id=\"j07b\"><button class=\"w-tabs-section-header\" aria-controls=\"content-j07b\" aria-expanded=\"false\"><div class=\"w-tabs-section-title\">Mit\u00e4 asiakirjoja tarvitsen ajoneuvon vuokraamiseen?<\/div><div class=\"w-tabs-section-control\"><\/div><\/button><div  class=\"w-tabs-section-content\" id=\"content-j07b\"><div class=\"w-tabs-section-content-h i-cf\"><div class=\"wpb_text_column\"><div class=\"wpb_wrapper\"><p>Tarvitset voimassa olevan passin tai henkil\u00f6kortin, ajokortin ja luottokortin.<\/p>\n<\/div><\/div><\/div><\/div><\/div><div class=\"w-tabs-section\" id=\"w1e2\"><button class=\"w-tabs-section-header\" aria-controls=\"content-w1e2\" aria-expanded=\"false\"><div class=\"w-tabs-section-title\">Kuinka vanha minun on oltava, jotta voin vuokrata auton?<\/div><div class=\"w-tabs-section-control\"><\/div><\/button><div  class=\"w-tabs-section-content\" id=\"content-w1e2\"><div class=\"w-tabs-section-content-h i-cf\"><div class=\"wpb_text_column\"><div class=\"wpb_wrapper\"><p>Vuokraajan ja lis\u00e4kuljettajien on oltava v\u00e4hint\u00e4\u00e4n 25-vuotiaita, ja heill\u00e4 on oltava ajokortti yli 2 vuotta. Sit\u00e4 ei voi my\u00f6sk\u00e4\u00e4n vuokrata yli 75-vuotiaille.<\/p>\n<\/div><\/div><\/div><\/div><\/div><div class=\"w-tabs-section\" id=\"f3a0\"><button class=\"w-tabs-section-header\" aria-controls=\"content-f3a0\" aria-expanded=\"false\"><div class=\"w-tabs-section-title\">Mit\u00e4 hinnat sis\u00e4lt\u00e4v\u00e4t?<\/div><div class=\"w-tabs-section-control\"><\/div><\/button><div  class=\"w-tabs-section-content\" id=\"content-f3a0\"><div class=\"w-tabs-section-content-h i-cf\"><div class=\"wpb_text_column\"><div class=\"wpb_wrapper\"><p>Hintaan sis\u00e4ltyy yhden ajoneuvon vuokraus, arvonlis\u00e4vero, lis\u00e4kuljettaja, 300 kilometri\u00e4 p\u00e4iv\u00e4ss\u00e4, ilmainen nouto- ja palautuspalvelu Fuengirolassa sijaitsevasta toimistostamme, 24 tunnin tiepalvelu ja pakollinen vastuuvakuutus omavastuuosuudella.<\/p>\n<p>Jos ajoneuvo vahingoittuu vuokra-aikana, vuokralainen on velvollinen korvaamaan vahingon omavastuun m\u00e4\u00e4r\u00e4\u00e4n asti. T\u00e4m\u00e4 m\u00e4\u00e4r\u00e4 voi vaihdella vuokratun ajoneuvon arvon mukaan.<\/p>\n<p>Jos haluat laajentaa vakuutusturvaa, voit ottaa kaskovakuutuksen ilman omavastuuta, jonka hinta riippuu valitusta ajoneuvoluokasta.<\/p>\n<\/div><\/div><\/div><\/div><\/div><div class=\"w-tabs-section\" id=\"p50b\"><button class=\"w-tabs-section-header\" aria-controls=\"content-p50b\" aria-expanded=\"false\"><div class=\"w-tabs-section-title\">Kuinka paljon polttoainetta minun on toimitettava ajoneuvo?<\/div><div class=\"w-tabs-section-control\"><\/div><\/button><div  class=\"w-tabs-section-content\" id=\"content-p50b\"><div class=\"w-tabs-section-content-h i-cf\"><div class=\"wpb_text_column\"><div class=\"wpb_wrapper\"><p>Vuokralle ottajan on palautettava ajoneuvo samalla polttoainem\u00e4\u00e4r\u00e4ll\u00e4 kuin se toimitettiin, kulutettu polttoaine on vuokralle ottajan kustannuksella ja ajoneuvo on tankattava oikeanlaisella polttoaineella. Jos ajoneuvo palautetaan v\u00e4hemm\u00e4ll\u00e4 polttoaineella, luottokortilta veloitetaan erotus sek\u00e4 ylim\u00e4\u00e4r\u00e4inen tankkauspalvelumaksu.<\/p>\n<\/div><\/div><\/div><\/div><\/div><div class=\"w-tabs-section\" id=\"l66c\"><button class=\"w-tabs-section-header\" aria-controls=\"content-l66c\" aria-expanded=\"false\"><div class=\"w-tabs-section-title\">Mit\u00e4 tapahtuu, jos lentoni on my\u00f6h\u00e4ss\u00e4?<\/div><div class=\"w-tabs-section-control\"><\/div><\/button><div  class=\"w-tabs-section-content\" id=\"content-l66c\"><div class=\"w-tabs-section-content-h i-cf\"><div class=\"wpb_text_column\"><div class=\"wpb_wrapper\"><p>Olemme tietoisia, jos lentosi viiv\u00e4styy, ja odotamme sinua saapuessasi. On t\u00e4rke\u00e4\u00e4, ett\u00e4 ilmoitat meille lentosi numeron, sill\u00e4 se auttaa meit\u00e4 tiet\u00e4m\u00e4\u00e4n tarkan saapumisaikasi.<\/p>\n<\/div><\/div><\/div><\/div><\/div><div class=\"w-tabs-section\" id=\"e7f8\"><button class=\"w-tabs-section-header\" aria-controls=\"content-e7f8\" aria-expanded=\"false\"><div class=\"w-tabs-section-title\">Mit\u00e4 tapahtuu, jos auto hajoaa tai joutuu onnettomuuteen?<\/div><div class=\"w-tabs-section-control\"><\/div><\/button><div  class=\"w-tabs-section-content\" id=\"content-e7f8\"><div class=\"w-tabs-section-content-h i-cf\"><div class=\"wpb_text_column\"><div class=\"wpb_wrapper\"><p>Vuokraamojemme tukena on 24 tuntia vuorokaudessa ja seitsem\u00e4n\u00e4 p\u00e4iv\u00e4n\u00e4 viikossa toimiva tienvarsiapupalvelu, jossa on erikoishenkil\u00f6st\u00f6\u00e4 ja palveluja useilla kielill\u00e4. Tienvarsiapua koskevan puhelinnumeron l\u00f6yd\u00e4t vuokrasopimuksestasi.<\/p>\n<p>Voit my\u00f6s soittaa numeroon +34 952 587 333 toimiston aukioloaikoina (maanantaista perjantaihin klo 09:30-14:00 ja 16:00-19:00). N\u00e4iden aikojen ulkopuolella voit soittaa numeroon +34 636 34 52 22.<\/p>\n<\/div><\/div><\/div><\/div><\/div><div class=\"w-tabs-section\" id=\"h95c\"><button class=\"w-tabs-section-header\" aria-controls=\"content-h95c\" aria-expanded=\"false\"><div class=\"w-tabs-section-title\">Voinko jatkaa autonvuokrausta sopimuksen allekirjoittamisen j\u00e4lkeen?<\/div><div class=\"w-tabs-section-control\"><\/div><\/button><div  class=\"w-tabs-section-content\" id=\"content-h95c\"><div class=\"w-tabs-section-content-h i-cf\"><div class=\"wpb_text_column\"><div class=\"wpb_wrapper\"><p>Vuokrausta voidaan jatkaa niin kauan kuin kyseinen ajoneuvo on k\u00e4ytett\u00e4viss\u00e4, mutta on v\u00e4ltt\u00e4m\u00e4t\u00f6nt\u00e4 k\u00e4yd\u00e4 toimistossamme allekirjoittamassa uusi sopimus.<\/p>\n<\/div><\/div><\/div><\/div><\/div><div class=\"w-tabs-section\" id=\"hac6\"><button class=\"w-tabs-section-header\" aria-controls=\"content-hac6\" aria-expanded=\"false\"><div class=\"w-tabs-section-title\">Voinko ottaa lemmikkiel\u00e4imet mukaan autoon?<\/div><div class=\"w-tabs-section-control\"><\/div><\/button><div  class=\"w-tabs-section-content\" id=\"content-hac6\"><div class=\"w-tabs-section-content-h i-cf\"><div class=\"wpb_text_column\"><div class=\"wpb_wrapper\"><p>Lemmikkiel\u00e4imi\u00e4 saa kuljettaa autossa edellytt\u00e4en, ett\u00e4 istuimet on suojattu asianmukaisesti. Sis\u00e4puhdistuksesta voidaan peri\u00e4 lis\u00e4maksu palautuksen kunnosta riippuen.<\/p>\n<\/div><\/div><\/div><\/div><\/div><\/div><\/div><div class=\"w-separator size_medium\"><\/div><h3 class=\"w-text us_custom_eb849559\"><span class=\"w-text-h\"><span class=\"w-text-value\">Ker\u00e4ykset ja toimitukset<\/span><\/span><\/h3><div class=\"w-tabs acordeon color style_default switch_click accordion has_scrolling\" style=\"--sections-title-size:inherit\"><div class=\"w-tabs-sections titles-align_none icon_chevron cpos_right\"><div class=\"w-tabs-section\" id=\"wdba\"><button class=\"w-tabs-section-header\" aria-controls=\"content-wdba\" aria-expanded=\"false\"><div class=\"w-tabs-section-title\">Malagan lentoasema<\/div><div class=\"w-tabs-section-control\"><\/div><\/button><div  class=\"w-tabs-section-content\" id=\"content-wdba\"><div class=\"w-tabs-section-content-h i-cf\"><div class=\"wpb_text_column us_custom_432d3f53\"><div class=\"wpb_wrapper\"><p>Odotamme sinua INMOCOCHES CAR HIRE -kyltin kanssa <em>saapumisaulassa <\/em>(terminaali 3). Jos saavut paikalle, eik\u00e4 kukaan INMOCOCHES CAR HIRE -yrityksest\u00e4 ole paikalla, voit soittaa numeroon +34 636 34 52 22.<\/p>\n<\/div><\/div><\/div><\/div><\/div><div class=\"w-tabs-section\" id=\"ff55\"><button class=\"w-tabs-section-header\" aria-controls=\"content-ff55\" aria-expanded=\"false\"><div class=\"w-tabs-section-title\">Carretera de Mijasin toimisto ja Calle Hern\u00e1n Cort\u00e9sin toimisto Fuengirolassa.<\/div><div class=\"w-tabs-section-control\"><\/div><\/button><div  class=\"w-tabs-section-content\" id=\"content-ff55\"><div class=\"w-tabs-section-content-h i-cf\"><div class=\"wpb_text_column\"><div class=\"wpb_wrapper\"><p>Odotamme sinua toimistossamme, jossa ajoneuvosi on valmiina toimitettavaksi.<\/p>\n<\/div><\/div><\/div><\/div><\/div><div class=\"w-tabs-section\" id=\"p0cd\"><button class=\"w-tabs-section-header\" aria-controls=\"content-p0cd\" aria-expanded=\"false\"><div class=\"w-tabs-section-title\">Mit\u00e4 tapahtuu, jos olen vahvistanut varaukseni, mutta kun saavun paikalle, kukaan INMOCOCHES CAR HIRE ei odota minua?<\/div><div class=\"w-tabs-section-control\"><\/div><\/button><div  class=\"w-tabs-section-content\" id=\"content-p0cd\"><div class=\"w-tabs-section-content-h i-cf\"><div class=\"wpb_text_column\"><div class=\"wpb_wrapper\"><p>Jos olet toimistoaikana (maanantaista perjantaihin klo 09:30-14:00 ja 16:00-19:00), soita numeroon +34 952 587 333 tai +34 952 587 333.<\/p>\n<p>N\u00e4iden aikojen ulkopuolella voit ottaa yhteytt\u00e4 p\u00e4ivystysnumeroomme +34 636 34 52 22.<\/p>\n<\/div><\/div><\/div><\/div><\/div><div class=\"w-tabs-section\" id=\"c22d\"><button class=\"w-tabs-section-header\" aria-controls=\"content-c22d\" aria-expanded=\"false\"><div class=\"w-tabs-section-title\">Voitteko toimittaa auton kotiin tai hotelliin?<\/div><div class=\"w-tabs-section-control\"><\/div><\/button><div  class=\"w-tabs-section-content\" id=\"content-c22d\"><div class=\"w-tabs-section-content-h i-cf\"><div class=\"wpb_text_column\"><div class=\"wpb_wrapper\"><p>Se on mahdollista, mutta saatavuus ja hinnat on tarkistettava etuk\u00e4teen.<\/p>\n<\/div><\/div><\/div><\/div><\/div><div class=\"w-tabs-section\" id=\"f3aa\"><button class=\"w-tabs-section-header\" aria-controls=\"content-f3aa\" aria-expanded=\"false\"><div class=\"w-tabs-section-title\">Miten ja minne palautan auton Malagan lentoasemalla?<\/div><div class=\"w-tabs-section-control\"><\/div><\/button><div  class=\"w-tabs-section-content\" id=\"content-f3aa\"><div class=\"w-tabs-section-content-h i-cf\"><div class=\"wpb_text_column\"><div class=\"wpb_wrapper\"><p>Jos haluat palauttaa ajoneuvon Malagan lentoasemalle, sinun on j\u00e4tett\u00e4v\u00e4 se lentoaseman julkiselle pys\u00e4k\u00f6intialueelle. Saapumisp\u00e4iv\u00e4n\u00e4 INMOCOCHES CAR HIRE -autovuokraamon henkil\u00f6kunta, joka ottaa sinut vastaan lentokent\u00e4ll\u00e4, kertoo sinulle tarkalleen, miss\u00e4 ja miten auto palautetaan sek\u00e4 mink\u00e4lainen hinta sinun on maksettava.<\/p>\n<\/div><\/div><\/div><\/div><\/div><div class=\"w-tabs-section\" id=\"q530\"><button class=\"w-tabs-section-header\" aria-controls=\"content-q530\" aria-expanded=\"false\"><div class=\"w-tabs-section-title\">Voinko palauttaa auton eri kaupunkiin kuin mist\u00e4 otin sen?<\/div><div class=\"w-tabs-section-control\"><\/div><\/button><div  class=\"w-tabs-section-content\" id=\"content-q530\"><div class=\"w-tabs-section-content-h i-cf\"><div class=\"wpb_text_column\"><div class=\"wpb_wrapper\"><p>Voit palauttaa auton seuraavissa paikoissa:<\/p>\n<ul>\n<li>Malagan lentoasema.<\/li>\n<li>Toimisto Carretera de Mijas Km 3,5 Fuengirolassa.<\/li>\n<li>Toimisto osoitteessa Calle Hern\u00e1n Cort\u00e9s 3 Fuengirolassa.<\/li>\n<\/ul>\n<\/div><\/div><\/div><\/div><\/div><div class=\"w-tabs-section\" id=\"w6b2\"><button class=\"w-tabs-section-header\" aria-controls=\"content-w6b2\" aria-expanded=\"false\"><div class=\"w-tabs-section-title\">Kuka voi ajaa ajoneuvoa?<\/div><div class=\"w-tabs-section-control\"><\/div><\/button><div  class=\"w-tabs-section-content\" id=\"content-w6b2\"><div class=\"w-tabs-section-content-h i-cf\"><div class=\"wpb_text_column\"><div class=\"wpb_wrapper\"><p>Sopimuksen allekirjoittanut henkil\u00f6 voi ajaa, kunhan h\u00e4n t\u00e4ytt\u00e4\u00e4 INMOCOCHES CAR HIRE -yhti\u00f6n vaatimukset eli on v\u00e4hint\u00e4\u00e4n 25-vuotias ja h\u00e4nell\u00e4 on ollut ajokortti v\u00e4hint\u00e4\u00e4n 2 vuotta, ja h\u00e4nen enimm\u00e4isik\u00e4ns\u00e4 on 75 vuotta.<\/p>\n<p>My\u00f6s saattaja voi ajaa, kunhan INMOCOCHES CAR HIRE -autovuokraamolle ilmoitetaan asiasta etuk\u00e4teen, kaikki vaaditut asiakirjat toimitetaan ja edell\u00e4 mainitut vaatimukset t\u00e4yttyv\u00e4t.<\/p>\n<\/div><\/div><\/div><\/div><\/div><div class=\"w-tabs-section\" id=\"s825\"><button class=\"w-tabs-section-header\" aria-controls=\"content-s825\" aria-expanded=\"false\"><div class=\"w-tabs-section-title\">Onko kilometrim\u00e4\u00e4r\u00e4 rajoittamaton?<\/div><div class=\"w-tabs-section-control\"><\/div><\/button><div  class=\"w-tabs-section-content\" id=\"content-s825\"><div class=\"w-tabs-section-content-h i-cf\"><div class=\"wpb_text_column\"><div class=\"wpb_wrapper\"><p>Ei, olet laskenut mukaan 300 kilometri\u00e4 p\u00e4iv\u00e4ss\u00e4.<\/p>\n<\/div><\/div><\/div><\/div><\/div><\/div><\/div><\/div><\/div><\/div><\/div><\/div><\/section>\n","protected":false},"excerpt":{"rendered":"Usein kysytyt kysymyksetVarauksetMist\u00e4 tied\u00e4n, onko varaukseni vahvistettu?Olitpa tehnyt varauksen verkossa, s\u00e4hk\u00f6postitse tai puhelimitse, saat s\u00e4hk\u00f6postiviestin, jossa vahvistetaan varauksesi 24 tunnin kuluessa varauksen tekemisest\u00e4. Tarkista roskapostikansiosi. Olen tehnyt varauksen, mutta en ole saanut vahvistusta s\u00e4hk\u00f6postitse.Kaikki varaukset vahvistetaan 24 tunnin kuluessa. Tarkista roskapostikansiosi. Jos et ole saanut vahvistusta s\u00e4hk\u00f6postitse, ota yhteytt\u00e4 numeroon +34 952 587 333 tai...","protected":false},"author":3,"featured_media":0,"parent":0,"menu_order":0,"comment_status":"closed","ping_status":"closed","template":"","meta":{"_crdt_document":"","_joinchat":[],"footnotes":""},"class_list":["post-1948","page","type-page","status-publish","hentry"],"yoast_head":"<!-- This site is optimized with the Yoast SEO plugin v27.4 - https:\/\/yoast.com\/product\/yoast-seo-wordpress\/ -->\n<title>Usein kysytyt kysymykset - Inmocoches<\/title>\n<meta name=\"robots\" content=\"index, follow, max-snippet:-1, max-image-preview:large, max-video-preview:-1\" \/>\n<link rel=\"canonical\" href=\"https:\/\/www.inmocochescarhire.com\/fi\/usein-kysytyt-kysymykset\/\" \/>\n<meta property=\"og:locale\" content=\"fi_FI\" \/>\n<meta property=\"og:type\" content=\"article\" \/>\n<meta property=\"og:title\" content=\"Usein kysytyt kysymykset - Inmocoches\" \/>\n<meta property=\"og:url\" content=\"https:\/\/www.inmocochescarhire.com\/fi\/usein-kysytyt-kysymykset\/\" \/>\n<meta property=\"og:site_name\" content=\"Inmocoches\" \/>\n<meta property=\"article:modified_time\" content=\"2023-03-10T11:20:44+00:00\" \/>\n<meta name=\"twitter:card\" content=\"summary_large_image\" \/>\n<meta name=\"twitter:label1\" content=\"Arvioitu lukuaika\" \/>\n\t<meta name=\"twitter:data1\" content=\"6 minuuttia\" \/>\n<script type=\"application\/ld+json\" class=\"yoast-schema-graph\">{\"@context\":\"https:\\\/\\\/schema.org\",\"@graph\":[{\"@type\":\"WebPage\",\"@id\":\"https:\\\/\\\/www.inmocochescarhire.com\\\/fi\\\/usein-kysytyt-kysymykset\\\/\",\"url\":\"https:\\\/\\\/www.inmocochescarhire.com\\\/fi\\\/usein-kysytyt-kysymykset\\\/\",\"name\":\"Usein kysytyt kysymykset - Inmocoches\",\"isPartOf\":{\"@id\":\"https:\\\/\\\/www.inmocochescarhire.com\\\/fi\\\/#website\"},\"datePublished\":\"2023-02-14T13:30:49+00:00\",\"dateModified\":\"2023-03-10T11:20:44+00:00\",\"breadcrumb\":{\"@id\":\"https:\\\/\\\/www.inmocochescarhire.com\\\/fi\\\/usein-kysytyt-kysymykset\\\/#breadcrumb\"},\"inLanguage\":\"fi\",\"potentialAction\":[{\"@type\":\"ReadAction\",\"target\":[\"https:\\\/\\\/www.inmocochescarhire.com\\\/fi\\\/usein-kysytyt-kysymykset\\\/\"]}]},{\"@type\":\"BreadcrumbList\",\"@id\":\"https:\\\/\\\/www.inmocochescarhire.com\\\/fi\\\/usein-kysytyt-kysymykset\\\/#breadcrumb\",\"itemListElement\":[{\"@type\":\"ListItem\",\"position\":1,\"name\":\"Portada\",\"item\":\"https:\\\/\\\/www.inmocochescarhire.com\\\/fi\\\/\"},{\"@type\":\"ListItem\",\"position\":2,\"name\":\"Usein kysytyt kysymykset\"}]},{\"@type\":\"WebSite\",\"@id\":\"https:\\\/\\\/www.inmocochescarhire.com\\\/fi\\\/#website\",\"url\":\"https:\\\/\\\/www.inmocochescarhire.com\\\/fi\\\/\",\"name\":\"Inmocoches\",\"description\":\"\",\"potentialAction\":[{\"@type\":\"SearchAction\",\"target\":{\"@type\":\"EntryPoint\",\"urlTemplate\":\"https:\\\/\\\/www.inmocochescarhire.com\\\/fi\\\/?s={search_term_string}\"},\"query-input\":{\"@type\":\"PropertyValueSpecification\",\"valueRequired\":true,\"valueName\":\"search_term_string\"}}],\"inLanguage\":\"fi\"}]}<\/script>\n<!-- \/ Yoast SEO plugin. -->","yoast_head_json":{"title":"Usein kysytyt kysymykset - Inmocoches","robots":{"index":"index","follow":"follow","max-snippet":"max-snippet:-1","max-image-preview":"max-image-preview:large","max-video-preview":"max-video-preview:-1"},"canonical":"https:\/\/www.inmocochescarhire.com\/fi\/usein-kysytyt-kysymykset\/","og_locale":"fi_FI","og_type":"article","og_title":"Usein kysytyt kysymykset - Inmocoches","og_url":"https:\/\/www.inmocochescarhire.com\/fi\/usein-kysytyt-kysymykset\/","og_site_name":"Inmocoches","article_modified_time":"2023-03-10T11:20:44+00:00","twitter_card":"summary_large_image","twitter_misc":{"Arvioitu lukuaika":"6 minuuttia"},"schema":{"@context":"https:\/\/schema.org","@graph":[{"@type":"WebPage","@id":"https:\/\/www.inmocochescarhire.com\/fi\/usein-kysytyt-kysymykset\/","url":"https:\/\/www.inmocochescarhire.com\/fi\/usein-kysytyt-kysymykset\/","name":"Usein kysytyt kysymykset - Inmocoches","isPartOf":{"@id":"https:\/\/www.inmocochescarhire.com\/fi\/#website"},"datePublished":"2023-02-14T13:30:49+00:00","dateModified":"2023-03-10T11:20:44+00:00","breadcrumb":{"@id":"https:\/\/www.inmocochescarhire.com\/fi\/usein-kysytyt-kysymykset\/#breadcrumb"},"inLanguage":"fi","potentialAction":[{"@type":"ReadAction","target":["https:\/\/www.inmocochescarhire.com\/fi\/usein-kysytyt-kysymykset\/"]}]},{"@type":"BreadcrumbList","@id":"https:\/\/www.inmocochescarhire.com\/fi\/usein-kysytyt-kysymykset\/#breadcrumb","itemListElement":[{"@type":"ListItem","position":1,"name":"Portada","item":"https:\/\/www.inmocochescarhire.com\/fi\/"},{"@type":"ListItem","position":2,"name":"Usein kysytyt kysymykset"}]},{"@type":"WebSite","@id":"https:\/\/www.inmocochescarhire.com\/fi\/#website","url":"https:\/\/www.inmocochescarhire.com\/fi\/","name":"Inmocoches","description":"","potentialAction":[{"@type":"SearchAction","target":{"@type":"EntryPoint","urlTemplate":"https:\/\/www.inmocochescarhire.com\/fi\/?s={search_term_string}"},"query-input":{"@type":"PropertyValueSpecification","valueRequired":true,"valueName":"search_term_string"}}],"inLanguage":"fi"}]}},"_links":{"self":[{"href":"https:\/\/www.inmocochescarhire.com\/fi\/wp-json\/wp\/v2\/pages\/1948","targetHints":{"allow":["GET"]}}],"collection":[{"href":"https:\/\/www.inmocochescarhire.com\/fi\/wp-json\/wp\/v2\/pages"}],"about":[{"href":"https:\/\/www.inmocochescarhire.com\/fi\/wp-json\/wp\/v2\/types\/page"}],"author":[{"embeddable":true,"href":"https:\/\/www.inmocochescarhire.com\/fi\/wp-json\/wp\/v2\/users\/3"}],"replies":[{"embeddable":true,"href":"https:\/\/www.inmocochescarhire.com\/fi\/wp-json\/wp\/v2\/comments?post=1948"}],"version-history":[{"count":2,"href":"https:\/\/www.inmocochescarhire.com\/fi\/wp-json\/wp\/v2\/pages\/1948\/revisions"}],"predecessor-version":[{"id":1951,"href":"https:\/\/www.inmocochescarhire.com\/fi\/wp-json\/wp\/v2\/pages\/1948\/revisions\/1951"}],"wp:attachment":[{"href":"https:\/\/www.inmocochescarhire.com\/fi\/wp-json\/wp\/v2\/media?parent=1948"}],"curies":[{"name":"wp","href":"https:\/\/api.w.org\/{rel}","templated":true}]}}