{"id":37,"date":"2022-12-20T12:18:34","date_gmt":"2022-12-20T10:18:34","guid":{"rendered":"http:\/\/www.inmocochescarhire.com\/?page_id=37"},"modified":"2023-03-08T13:34:42","modified_gmt":"2023-03-08T11:34:42","slug":"quienes-somos","status":"publish","type":"page","link":"https:\/\/www.inmocochescarhire.com\/es\/quienes-somos\/","title":{"rendered":"Qui\u00e9nes somos"},"content":{"rendered":"<section class=\"l-section wpb_row height_medium\"><div class=\"l-section-h i-cf\"><div class=\"g-cols vc_row via_flex valign_top type_default stacking_default\"><div class=\"vc_col-sm-12 wpb_column vc_column_container\"><div class=\"vc_column-inner\"><div class=\"wpb_wrapper\"><h2 class=\"w-text us_custom_7de47b5a\"><span class=\"w-text-h\"><span class=\"w-text-value\">Qui\u00e9nes somos<\/span><\/span><\/h2><div class=\"w-separator size_small\"><\/div><div class=\"g-cols wpb_row via_flex valign_top type_default stacking_default\"><div class=\"vc_col-sm-8 wpb_column vc_column_container\"><div class=\"vc_column-inner\"><div class=\"wpb_wrapper\"><div class=\"wpb_text_column us_custom_432d3f53\"><div class=\"wpb_wrapper\"><p>Inmocoches Car Hire, es una empresa con m\u00e1s de 20 a\u00f1os de experiencia en el sector del autom\u00f3vil.<\/p>\n<p>Arrancamos como una empresa familiar dedicada al sector de la automoci\u00f3n, especializ\u00e1ndose, m\u00e1s tarde, en el alquiler de veh\u00edculos sin conductor, con una flota inicial de 8 veh\u00edculos.<\/p>\n<p>En todos estos a\u00f1os, gracias a nuestros clientes y al buen hacer hemos ido creciendo pelda\u00f1o a pelda\u00f1o, hasta ser hoy una empresa referente en el Rent A Car en M\u00e1laga, con una flota de m\u00e1s de 200 veh\u00edculos de todos los segmentos, que podr\u00e1s reservar c\u00f3modamente a trav\u00e9s de nuestra p\u00e1gina web y recogerlo sin esperas\u00a0 en nuestras oficinas de Fuengirola o en el aeropuerto de M\u00e1laga.<\/p>\n<p>Nuestro primer objetivo\u00a0 es el TRATO PERSONALIZADO AL CLIENTE, para ello disponemos de dos oficinas en Fuengirola, coraz\u00f3n de la Costa del Sol, lo que nos da la posibilidad de ofrecer uno de los mejores servicios personalizados en alquiler de veh\u00edculos de la zona, para ello contamos con un personal experimentado, eficiente y agradable porque para nosotros el cliente es lo primero y nos esforzamos al m\u00e1ximo en la calidad del servicio y puntualidad. Consideramos que la profesionalidad es muy importante para que el cliente est\u00e9 satisfecho y as\u00ed pueda volver a confiar en nuestra compa\u00f1\u00eda.<\/p>\n<p>Trabajamos SIN INTERMEDIARIOS, todos nuestros coches son DE FLOTA PROPIA y actuales, con esto evitamos comisiones y podemos garantizar el mejor precio a nuestros clientes.<\/p>\n<p>Contamos con todo tipo de veh\u00edculos de alquiler: Econ\u00f3micos y compactos, berlinas, monovol\u00famenes, familiares de 7 y 9 plazas, autom\u00e1ticos, descapotables e incluso clase premium o lujo. Todos nuestros veh\u00edculos est\u00e1n en excelentes condiciones y nuestra flota se actualiza cada a\u00f1o con nuevos modelos, no es necesario pagar en el momento de la reserva online, puede reservar su veh\u00edculo sin tarjeta y pagar en nuestras oficinas en la recogida del veh\u00edculo, sin sorpresas en el pago.<\/p>\n<p>Recibimos al cliente y lo acompa\u00f1amos en todo momento, ahorr\u00e1ndole tiempo, evitando colas de espera innecesarias al recoger su coche de alquiler, haciendo que comience a disfrutar sus vacaciones cuanto antes.<\/p>\n<\/div><\/div><\/div><\/div><\/div><div class=\"vc_col-sm-4 wpb_column vc_column_container\"><div class=\"vc_column-inner\"><div class=\"wpb_wrapper\"><div class=\"w-image us_custom_9cf479d2 align_none\"><div class=\"w-image-h\"><img decoding=\"async\" width=\"547\" height=\"603\" src=\"https:\/\/www.inmocochescarhire.com\/wp-content\/uploads\/2022\/12\/por-que-elegir-inmocoches.jpg\" class=\"attachment-large size-large\" alt=\"alquiler de coches en fuengirola\" loading=\"lazy\" srcset=\"https:\/\/www.inmocochescarhire.com\/wp-content\/uploads\/2022\/12\/por-que-elegir-inmocoches.jpg 547w, https:\/\/www.inmocochescarhire.com\/wp-content\/uploads\/2022\/12\/por-que-elegir-inmocoches-272x300.jpg 272w\" sizes=\"auto, (max-width: 547px) 100vw, 547px\" \/><\/div><\/div><\/div><\/div><\/div><\/div><\/div><\/div><\/div><\/div><\/div><\/section><section class=\"l-section wpb_row height_medium\"><div class=\"l-section-h i-cf\"><div class=\"g-cols vc_row via_flex valign_top type_default stacking_default\"><div class=\"vc_col-sm-12 wpb_column vc_column_container has_bg_color\"><div class=\"vc_column-inner us_custom_8ccf3162\"><div class=\"wpb_wrapper\"><h2 class=\"w-text us_custom_7de47b5a\"><span class=\"w-text-h\"><span class=\"w-text-value\">Contacta con nosotros<\/span><\/span><\/h2><div class=\"wpb_text_column us_custom_c821fe70\"><div class=\"wpb_wrapper\"><p style=\"text-align: center;\">Cont\u00e1ctanos y haremos que sea f\u00e1cil y r\u00e1pido para ti reservar el veh\u00edculo perfecto para tu pr\u00f3ximo viaje<\/p>\n<\/div><\/div><div class=\"w-separator size_medium\"><\/div><div class=\"g-cols wpb_row via_flex valign_top type_default stacking_default\"><div class=\"vc_col-sm-6 wpb_column vc_column_container\"><div class=\"vc_column-inner\"><div class=\"wpb_wrapper\"><div class=\"w-html\"><iframe src=\"https:\/\/www.google.com\/maps\/embed?pb=!1m14!1m8!1m3!1d12821.752281595442!2d-4.619383!3d36.543549!3m2!1i1024!2i768!4f13.1!3m3!1m2!1s0xd72e241890bb2bf%3A0x8b632fe477040300!2sInmocoches%20S%20L!5e0!3m2!1ses!2ses!4v1678274920024!5m2!1ses!2ses\" width=\"100%\" height=\"450\" style=\"border:0;\" allowfullscreen=\"\" loading=\"lazy\" referrerpolicy=\"no-referrer-when-downgrade\"><\/iframe><\/div><\/div><\/div><\/div><div class=\"vc_col-sm-6 wpb_column vc_column_container\"><div class=\"vc_column-inner\"><div class=\"wpb_wrapper\"><div class=\"wpb_text_column\"><div class=\"wpb_wrapper\">\n<div class=\"wpcf7 no-js\" id=\"wpcf7-f7-o1\" lang=\"es-ES\" dir=\"ltr\" data-wpcf7-id=\"7\">\n<div class=\"screen-reader-response\"><p role=\"status\" aria-live=\"polite\" aria-atomic=\"true\"><\/p> <ul><\/ul><\/div>\n<form action=\"\/es\/wp-json\/wp\/v2\/pages\/37#wpcf7-f7-o1\" method=\"post\" class=\"wpcf7-form init wpcf7-acceptance-as-validation\" aria-label=\"Formulario de contacto\" novalidate=\"novalidate\" data-status=\"init\">\n<fieldset class=\"hidden-fields-container\"><input type=\"hidden\" name=\"_wpcf7\" value=\"7\" \/><input type=\"hidden\" name=\"_wpcf7_version\" value=\"6.1.5\" \/><input type=\"hidden\" name=\"_wpcf7_locale\" value=\"es_ES\" \/><input type=\"hidden\" name=\"_wpcf7_unit_tag\" value=\"wpcf7-f7-o1\" \/><input type=\"hidden\" name=\"_wpcf7_container_post\" value=\"0\" \/><input type=\"hidden\" name=\"_wpcf7_posted_data_hash\" value=\"\" \/><input type=\"hidden\" name=\"_wpcf7_recaptcha_response\" value=\"\" \/>\n<\/fieldset>\n<div class=\"main-contact-form\">\n<div class=\"field-wrap col1\"><label for=\"nombre\"><span class=\"wpcf7-form-control-wrap\" data-name=\"nombre\"><input size=\"40\" maxlength=\"400\" class=\"wpcf7-form-control wpcf7-text wpcf7-validates-as-required\" id=\"nombre\" aria-required=\"true\" aria-invalid=\"false\" placeholder=\"Tu nombre\" value=\"\" type=\"text\" name=\"nombre\" \/><\/span> <\/label><\/div>\n<div class=\"field-wrap col1\"><label for=\"email\"><span class=\"wpcf7-form-control-wrap\" data-name=\"email\"><input size=\"40\" maxlength=\"400\" class=\"wpcf7-form-control wpcf7-email wpcf7-validates-as-required wpcf7-text wpcf7-validates-as-email\" id=\"email\" aria-required=\"true\" aria-invalid=\"false\" placeholder=\"Tu email\" value=\"\" type=\"email\" name=\"email\" \/><\/span> <\/label><\/div>\n<div class=\"field-wrap col1\"><label for=\"telefono\"><span class=\"wpcf7-form-control-wrap\" data-name=\"telefono\"><input size=\"40\" maxlength=\"400\" class=\"wpcf7-form-control wpcf7-tel wpcf7-validates-as-required wpcf7-text wpcf7-validates-as-tel\" id=\"telefono\" aria-required=\"true\" aria-invalid=\"false\" placeholder=\"Tu tel\u00e9fono\" value=\"\" type=\"tel\" name=\"telefono\" \/><\/span> <\/label><\/div>\n<div class=\"field-wrap col1\"><label for=\"mensaje\"><span class=\"wpcf7-form-control-wrap\" data-name=\"mensaje\"><textarea cols=\"40\" rows=\"10\" maxlength=\"2000\" class=\"wpcf7-form-control wpcf7-textarea\" id=\"mensaje\" aria-invalid=\"false\" placeholder=\"Tu mensaje\" name=\"mensaje\"><\/textarea><\/span> <\/label><\/div>\n<div class=\"field-wrap col1 aceptacion\"><label for=\"aceptacion\"><span class=\"wpcf7-form-control-wrap\" data-name=\"aceptacion\"><span class=\"wpcf7-form-control wpcf7-acceptance\"><span class=\"wpcf7-list-item\"><input type=\"checkbox\" name=\"aceptacion\" value=\"1\" id=\"aceptacion\" aria-invalid=\"false\" \/><\/span><\/span><\/span> He le\u00eddo y acepto la <a rel=\"nofollow\" target=\"_blank\" href=\"\/politica-de-privacidad\/\">pol\u00edtica de privacidad<\/a>.<\/label><\/div>\n\n<input class=\"wpcf7-form-control wpcf7-submit has-spinner\" id=\"form-contact\" type=\"submit\" value=\"Enviar\" \/>\n<\/div><div class=\"wpcf7-response-output\" aria-hidden=\"true\"><\/div>\n<\/form>\n<\/div>\n\n<\/div><\/div><\/div><\/div><\/div><\/div><\/div><\/div><\/div><\/div><\/div><\/section>\n","protected":false},"excerpt":{"rendered":"Qui\u00e9nes somosInmocoches Car Hire, es una empresa con m\u00e1s de 20 a\u00f1os de experiencia en el sector del autom\u00f3vil. Arrancamos como una empresa familiar dedicada al sector de la automoci\u00f3n, especializ\u00e1ndose, m\u00e1s tarde, en el alquiler de veh\u00edculos sin conductor, con una flota inicial de 8 veh\u00edculos. En todos estos a\u00f1os, gracias a nuestros clientes...","protected":false},"author":3,"featured_media":0,"parent":0,"menu_order":0,"comment_status":"closed","ping_status":"closed","template":"","meta":{"_crdt_document":"","_joinchat":[],"footnotes":""},"class_list":["post-37","page","type-page","status-publish","hentry"],"acf":[],"yoast_head":"<!-- This site is optimized with the Yoast SEO plugin v27.3 - https:\/\/yoast.com\/product\/yoast-seo-wordpress\/ -->\n<title>Qui\u00e9nes somos - Inmocoches<\/title>\n<meta name=\"robots\" content=\"index, follow, max-snippet:-1, max-image-preview:large, max-video-preview:-1\" \/>\n<link rel=\"canonical\" href=\"https:\/\/www.inmocochescarhire.com\/es\/quienes-somos\/\" \/>\n<meta property=\"og:locale\" content=\"es_ES\" \/>\n<meta property=\"og:type\" content=\"article\" \/>\n<meta property=\"og:title\" content=\"Qui\u00e9nes somos - Inmocoches\" \/>\n<meta property=\"og:url\" content=\"https:\/\/www.inmocochescarhire.com\/es\/quienes-somos\/\" \/>\n<meta property=\"og:site_name\" content=\"Inmocoches\" \/>\n<meta property=\"article:modified_time\" content=\"2023-03-08T11:34:42+00:00\" \/>\n<meta name=\"twitter:card\" content=\"summary_large_image\" \/>\n<meta name=\"twitter:label1\" content=\"Tiempo de lectura\" \/>\n\t<meta name=\"twitter:data1\" content=\"2 minutos\" \/>\n<script type=\"application\/ld+json\" class=\"yoast-schema-graph\">{\"@context\":\"https:\\\/\\\/schema.org\",\"@graph\":[{\"@type\":\"WebPage\",\"@id\":\"https:\\\/\\\/www.inmocochescarhire.com\\\/es\\\/quienes-somos\\\/\",\"url\":\"https:\\\/\\\/www.inmocochescarhire.com\\\/es\\\/quienes-somos\\\/\",\"name\":\"Qui\u00e9nes somos - Inmocoches\",\"isPartOf\":{\"@id\":\"https:\\\/\\\/www.inmocochescarhire.com\\\/es\\\/#website\"},\"datePublished\":\"2022-12-20T10:18:34+00:00\",\"dateModified\":\"2023-03-08T11:34:42+00:00\",\"breadcrumb\":{\"@id\":\"https:\\\/\\\/www.inmocochescarhire.com\\\/es\\\/quienes-somos\\\/#breadcrumb\"},\"inLanguage\":\"es\",\"potentialAction\":[{\"@type\":\"ReadAction\",\"target\":[\"https:\\\/\\\/www.inmocochescarhire.com\\\/es\\\/quienes-somos\\\/\"]}]},{\"@type\":\"BreadcrumbList\",\"@id\":\"https:\\\/\\\/www.inmocochescarhire.com\\\/es\\\/quienes-somos\\\/#breadcrumb\",\"itemListElement\":[{\"@type\":\"ListItem\",\"position\":1,\"name\":\"Portada\",\"item\":\"https:\\\/\\\/www.inmocochescarhire.com\\\/es\\\/\"},{\"@type\":\"ListItem\",\"position\":2,\"name\":\"Qui\u00e9nes somos\"}]},{\"@type\":\"WebSite\",\"@id\":\"https:\\\/\\\/www.inmocochescarhire.com\\\/es\\\/#website\",\"url\":\"https:\\\/\\\/www.inmocochescarhire.com\\\/es\\\/\",\"name\":\"Inmocoches\",\"description\":\"\",\"potentialAction\":[{\"@type\":\"SearchAction\",\"target\":{\"@type\":\"EntryPoint\",\"urlTemplate\":\"https:\\\/\\\/www.inmocochescarhire.com\\\/es\\\/?s={search_term_string}\"},\"query-input\":{\"@type\":\"PropertyValueSpecification\",\"valueRequired\":true,\"valueName\":\"search_term_string\"}}],\"inLanguage\":\"es\"}]}<\/script>\n<!-- \/ Yoast SEO plugin. -->","yoast_head_json":{"title":"Qui\u00e9nes somos - Inmocoches","robots":{"index":"index","follow":"follow","max-snippet":"max-snippet:-1","max-image-preview":"max-image-preview:large","max-video-preview":"max-video-preview:-1"},"canonical":"https:\/\/www.inmocochescarhire.com\/es\/quienes-somos\/","og_locale":"es_ES","og_type":"article","og_title":"Qui\u00e9nes somos - Inmocoches","og_url":"https:\/\/www.inmocochescarhire.com\/es\/quienes-somos\/","og_site_name":"Inmocoches","article_modified_time":"2023-03-08T11:34:42+00:00","twitter_card":"summary_large_image","twitter_misc":{"Tiempo de lectura":"2 minutos"},"schema":{"@context":"https:\/\/schema.org","@graph":[{"@type":"WebPage","@id":"https:\/\/www.inmocochescarhire.com\/es\/quienes-somos\/","url":"https:\/\/www.inmocochescarhire.com\/es\/quienes-somos\/","name":"Qui\u00e9nes somos - Inmocoches","isPartOf":{"@id":"https:\/\/www.inmocochescarhire.com\/es\/#website"},"datePublished":"2022-12-20T10:18:34+00:00","dateModified":"2023-03-08T11:34:42+00:00","breadcrumb":{"@id":"https:\/\/www.inmocochescarhire.com\/es\/quienes-somos\/#breadcrumb"},"inLanguage":"es","potentialAction":[{"@type":"ReadAction","target":["https:\/\/www.inmocochescarhire.com\/es\/quienes-somos\/"]}]},{"@type":"BreadcrumbList","@id":"https:\/\/www.inmocochescarhire.com\/es\/quienes-somos\/#breadcrumb","itemListElement":[{"@type":"ListItem","position":1,"name":"Portada","item":"https:\/\/www.inmocochescarhire.com\/es\/"},{"@type":"ListItem","position":2,"name":"Qui\u00e9nes somos"}]},{"@type":"WebSite","@id":"https:\/\/www.inmocochescarhire.com\/es\/#website","url":"https:\/\/www.inmocochescarhire.com\/es\/","name":"Inmocoches","description":"","potentialAction":[{"@type":"SearchAction","target":{"@type":"EntryPoint","urlTemplate":"https:\/\/www.inmocochescarhire.com\/es\/?s={search_term_string}"},"query-input":{"@type":"PropertyValueSpecification","valueRequired":true,"valueName":"search_term_string"}}],"inLanguage":"es"}]}},"_links":{"self":[{"href":"https:\/\/www.inmocochescarhire.com\/es\/wp-json\/wp\/v2\/pages\/37","targetHints":{"allow":["GET"]}}],"collection":[{"href":"https:\/\/www.inmocochescarhire.com\/es\/wp-json\/wp\/v2\/pages"}],"about":[{"href":"https:\/\/www.inmocochescarhire.com\/es\/wp-json\/wp\/v2\/types\/page"}],"author":[{"embeddable":true,"href":"https:\/\/www.inmocochescarhire.com\/es\/wp-json\/wp\/v2\/users\/3"}],"replies":[{"embeddable":true,"href":"https:\/\/www.inmocochescarhire.com\/es\/wp-json\/wp\/v2\/comments?post=37"}],"version-history":[{"count":27,"href":"https:\/\/www.inmocochescarhire.com\/es\/wp-json\/wp\/v2\/pages\/37\/revisions"}],"predecessor-version":[{"id":1564,"href":"https:\/\/www.inmocochescarhire.com\/es\/wp-json\/wp\/v2\/pages\/37\/revisions\/1564"}],"wp:attachment":[{"href":"https:\/\/www.inmocochescarhire.com\/es\/wp-json\/wp\/v2\/media?parent=37"}],"curies":[{"name":"wp","href":"https:\/\/api.w.org\/{rel}","templated":true}]}}